{"id":8,"date":"2021-03-31T22:09:56","date_gmt":"2021-03-31T20:09:56","guid":{"rendered":"http:\/\/leshurleventsduseudre.fr\/?page_id=8"},"modified":"2025-02-15T13:49:05","modified_gmt":"2025-02-15T12:49:05","slug":"a-propos-de","status":"publish","type":"page","link":"https:\/\/leshurleventsduseudre.fr\/?page_id=8","title":{"rendered":"Le projet : parc \u00e9olien des charbonni\u00e8res"},"content":{"rendered":"<p><font color=\"0d1152\"><strong>LE PROJET EOLIEN<\/strong><\/font><br \/>\n\u2666 <font color=\"0d1152\">Le projet de parc \u00e9olien des Charbonni\u00e8res consiste en l&rsquo;implantation, sur la commune de Saint-Germain-du-Seudre, de 2 a\u00e9rog\u00e9n\u00e9rateurs de 199,5 m de hauteur en bout de p\u00e2les d\u00e9veloppant une puissance totale maximale cumul\u00e9e de 7,8 MW. Sa production annuelle est estim\u00e9e \u00e0 22 968,8 MWh, soit l&rsquo;\u00e9quivalent de la consommation \u00e9lectrique domestique annuelle, hors chauffage, d&rsquo;environ 4844 foyers.<br \/>\nL&rsquo;enqu\u00eate publique a \u00e9t\u00e9 d\u00e9cid\u00e9e par le pr\u00e9fet et aura lieu du 25 mars au 25 avril 2025. <a href=\"https:\/\/leshurleventsduseudre.fr\/?page_id=4157\" target=\"_blank\" rel=\"noopener\">Dates et horaires des permanences du commissaire enqu\u00eateur. <\/a><\/p>\n<p>\u2666 <font color=\"0d1152\">Le <a href=\"https:\/\/leshurleventsduseudre.fr\/wp-content\/uploads\/2023\/10\/PARC-EOLIEN-ST-GERMAIN-1.pdf\" target=\"_blank\" rel=\"noopener\">Parc \u00e9olien des Charbonni\u00e8res, projet de la soci\u00e9t\u00e9 JPee<\/a> (projet actualis\u00e9 le 7 juillet 2023)<\/font><\/p>\n","protected":false},"excerpt":{"rendered":"<p>LE PROJET EOLIEN \u2666 Le projet de parc \u00e9olien des Charbonni\u00e8res consiste en l&rsquo;implantation, sur la commune de Saint-Germain-du-Seudre, de 2 a\u00e9rog\u00e9n\u00e9rateurs de 199,5 m de hauteur en bout de p\u00e2les d\u00e9veloppant une puissance totale maximale cumul\u00e9e de 7,8 MW. Sa production annuelle est estim\u00e9e \u00e0 22 968,8 MWh, soit l&rsquo;\u00e9quivalent de la consommation \u00e9lectrique [&hellip;]<\/p>\n","protected":false},"author":1,"featured_media":0,"parent":0,"menu_order":0,"comment_status":"closed","ping_status":"closed","template":"","meta":{"footnotes":""},"class_list":["post-8","page","type-page","status-publish","hentry"],"_links":{"self":[{"href":"https:\/\/leshurleventsduseudre.fr\/index.php?rest_route=\/wp\/v2\/pages\/8","targetHints":{"allow":["GET"]}}],"collection":[{"href":"https:\/\/leshurleventsduseudre.fr\/index.php?rest_route=\/wp\/v2\/pages"}],"about":[{"href":"https:\/\/leshurleventsduseudre.fr\/index.php?rest_route=\/wp\/v2\/types\/page"}],"author":[{"embeddable":true,"href":"https:\/\/leshurleventsduseudre.fr\/index.php?rest_route=\/wp\/v2\/users\/1"}],"replies":[{"embeddable":true,"href":"https:\/\/leshurleventsduseudre.fr\/index.php?rest_route=%2Fwp%2Fv2%2Fcomments&post=8"}],"version-history":[{"count":45,"href":"https:\/\/leshurleventsduseudre.fr\/index.php?rest_route=\/wp\/v2\/pages\/8\/revisions"}],"predecessor-version":[{"id":4182,"href":"https:\/\/leshurleventsduseudre.fr\/index.php?rest_route=\/wp\/v2\/pages\/8\/revisions\/4182"}],"wp:attachment":[{"href":"https:\/\/leshurleventsduseudre.fr\/index.php?rest_route=%2Fwp%2Fv2%2Fmedia&parent=8"}],"curies":[{"name":"wp","href":"https:\/\/api.w.org\/{rel}","templated":true}]}}