{"id":795,"date":"2021-04-10T22:49:32","date_gmt":"2021-04-10T20:49:32","guid":{"rendered":"https:\/\/leshurleventsduseudre.fr\/?page_id=795"},"modified":"2021-04-18T13:57:32","modified_gmt":"2021-04-18T11:57:32","slug":"la-tribune","status":"publish","type":"page","link":"https:\/\/leshurleventsduseudre.fr\/?page_id=795","title":{"rendered":"La Tribune"},"content":{"rendered":"<p><b>Article de Maxime Giraudeau<br \/>\nDes associations protestent contre les ambitions \u00e9oliennes de la R\u00e9gion Nouvelle-Aquitaine<\/b><\/p>\n<p>Multiplier par 2,5 la production d&rsquo;\u00e9nergie \u00e9olienne d&rsquo;ici 2030. C&rsquo;est l&rsquo;objectif du <a href=\"https:\/\/www.nouvelle-aquitaine.fr\/grands-projets\/sraddet-quelle-nouvelle-aquitaine-en-2030#gref\" target=\"_blank\" rel=\"noopener\">Sraddet<\/a> (Sch\u00e9ma r\u00e9gional d&rsquo;am\u00e9nagement, de d\u00e9veloppement durable et d&rsquo;\u00e9galit\u00e9 des territoires) approuv\u00e9 par la R\u00e9gion Nouvelle-Aquitaine en d\u00e9cembre 2019 et condamn\u00e9 par les opposants aux \u00e9oliennes. Onze associations ont ainsi d\u00e9cid\u00e9 d&rsquo;attaquer la R\u00e9gion en justice face \u00e0 ce qu&rsquo;ils jugent \u00eatre un \u00ab \u00e9cocide \u00bb.<br \/>\nUn total de 2.790 \u00e9oliennes &#8211; contre environ 700 aujourd&rsquo;hui &#8211; r\u00e9parties dans 462 parcs : tel est l&rsquo;objectif fix\u00e9 par la R\u00e9gion Nouvelle-Aquitaine pour passer d&rsquo;une production de 4.140 \u00e0 10.350 GW\/h d&rsquo;ici 2030. Act\u00e9e dans le Sraddet, vot\u00e9 en d\u00e9cembre dernier et approuv\u00e9 par la pr\u00e9f\u00e8te de Nouvelle-Aquitaine en mars, la production doit ainsi \u00eatre plus que doubl\u00e9e en 10 ans. Un moyen pour les collectivit\u00e9s territoriales d&rsquo;atteindre les objectifs nationaux en terme de consommation \u00e9nerg\u00e9tique. Le gouvernement a en effet fix\u00e9 \u00e0 30 % la part des \u00e9nergies renouvelables dans la consommation \u00e9nerg\u00e9tique fran\u00e7aise d&rsquo;ici 2030, contre environ 17 % aujourd&rsquo;hui.<br \/>\n\u00ab\u00a0\u00c7a ne r\u00e9pond \u00e0 aucune n\u00e9cessit\u00e9 et c&rsquo;est une aberration totale ! Introduire des \u00e9oliennes est une folie car elles ne produisent qu&rsquo;\u00e0 23 % de leur potentiel \u00e0 cause des conditions de vent. Les Allemands ont \u00e9t\u00e9 oblig\u00e9s d&rsquo;ouvrir des centrales \u00e0 charbon pour compenser les pertes de l&rsquo;\u00e9olien\u00a0\u00bb, assure Jean-Loup Reverier, repr\u00e9sentant de l&rsquo;association D\u00e9fense des marais de l&rsquo;Estuaire.<br \/>\nLa R\u00e9gion Nouvelle-Aquitaine est d\u00e9j\u00e0 une grosse productrice d&rsquo;\u00e9nergie renouvelable dans le pays, tout particuli\u00e8rement gr\u00e2ce \u00e0 l&rsquo;\u00e9nergie solaire, avec une part de 23 % sur l&rsquo;ensemble de sa production \u00e9nerg\u00e9tique, niveau de l&rsquo;objectif europ\u00e9en pour 2020 pas encore atteint par la France. Selon les chiffres avanc\u00e9s par les opposants \u00e0 l&rsquo;\u00e9olien, la r\u00e9gion exporterait m\u00eame chaque ann\u00e9e 17 kw\/h d&rsquo;\u00e9lectricit\u00e9 produite \u00e0 partir des engins \u00e0 vent. Pourtant, le taux de couverture de la consommation d&rsquo;\u00e9lectricit\u00e9 dans la r\u00e9gion par l&rsquo;\u00e9olien ne s&rsquo;\u00e9l\u00e8ve qu&rsquo;\u00e0 4,7 % contre une moyenne de 7,2 au niveau national en 2019 (donn\u00e9es RTE).<\/p>\n<p><b>Lobby de l&rsquo;\u00e9olien<\/b><br \/>\n\u00ab\u00a0Nous sommes indign\u00e9s devant ce d\u00e9ni de d\u00e9mocratie. On veut supprimer certaines \u00e9oliennes qui pourrissent la vie des gens\u00a0\u00bb, revendiquent les associations. Les arguments avanc\u00e9s par les opposants sont multiples. \u00c9conomiques d&rsquo;abord, car, selon eux, \u00ab\u00a0aucune \u00e9olienne n&rsquo;est fabriqu\u00e9e sur le sol fran\u00e7ais.\u00a0\u00bb Un probl\u00e8me \u00e9vident pour l&#8217;emploi dans le pays. Environnementaux ensuite, puisque l&rsquo;implantation de parcs \u00e9oliens engendre artificialisation des sols et perte de biodiversit\u00e9. \u00ab\u00a0L&rsquo;\u00e9olien est \u00e9cocide. Chaque \u00e9olienne st\u00e9rilise 0,6 hectare de sol. De la biodiversit\u00e9 et des cha\u00eenes existantes il ne reste que des cadavres. Les haies et for\u00eats sous-jacentes disparaissent alors qu&rsquo;elles sont des refuges pour la faune\u00a0\u00bb, accuse ainsi Philippe Gu\u00e9tat, ing\u00e9nieur agronome. Et sanitaires, du fait de pathologies engendr\u00e9es sur les riverains, notamment par les nuisances sonores. Des habitants de Lussac-les-Ch\u00e2teaux (Vienne) t\u00e9moignent par exemple d&rsquo;un \u00ab\u00a0stress perp\u00e9tuel\u00a0\u00bb induit par la pr\u00e9sence des \u00e9oliennes \u00e0 proximit\u00e9 imm\u00e9diate de leur habitat. Sans parler de la d\u00e9valuation \u00e9vidente sur les prix de l&rsquo;immobilier, que plusieurs tribunaux ont \u00e9valu\u00e9 de 10 \u00e0 40 %.<br \/>\nOnze associations &#8211; une par d\u00e9partement de la r\u00e9gion, except\u00e9 les Pyr\u00e9n\u00e9es-Atlantiques &#8211; ont donc d\u00e9pos\u00e9 un recours devant le tribunal administratif dans le courant du mois de juin. Objectif : pointer la contradiction entre le 51\u00e8me objectif du Sraddet, portant sur le d\u00e9veloppement de l&rsquo;\u00e9olien et d&rsquo;autres articles du m\u00eame programme valorisant la pr\u00e9servation de la biodiversit\u00e9. \u00ab\u00a0Le lobby France \u00e9nergie \u00e9olienne a \u00e9t\u00e9 beaucoup plus entendu que les professionnels du tourisme qui repr\u00e9sentent pourtant 9 % du PIB r\u00e9gional, s&rsquo;offusque St\u00e9phan Pelletier, g\u00e9rant d&rsquo;un camping \u00e0 Milhac-de-Nontron dans le Parc naturel r\u00e9gional P\u00e9rigord-Limousin (Dordogne). Si j&rsquo;ai un parc \u00e9olien \u00e0 proximit\u00e9 de mon camping, je peux mettre la cl\u00e9 sous la porte.\u00a0\u00bb<\/p>\n","protected":false},"excerpt":{"rendered":"<p>Article de Maxime Giraudeau Des associations protestent contre les ambitions \u00e9oliennes de la R\u00e9gion Nouvelle-Aquitaine Multiplier par 2,5 la production d&rsquo;\u00e9nergie \u00e9olienne d&rsquo;ici 2030. C&rsquo;est l&rsquo;objectif du Sraddet (Sch\u00e9ma r\u00e9gional d&rsquo;am\u00e9nagement, de d\u00e9veloppement durable et d&rsquo;\u00e9galit\u00e9 des territoires) approuv\u00e9 par la R\u00e9gion Nouvelle-Aquitaine en d\u00e9cembre 2019 et condamn\u00e9 par les opposants aux \u00e9oliennes. Onze associations [&hellip;]<\/p>\n","protected":false},"author":1,"featured_media":0,"parent":0,"menu_order":0,"comment_status":"closed","ping_status":"closed","template":"","meta":{"footnotes":""},"class_list":["post-795","page","type-page","status-publish","hentry"],"_links":{"self":[{"href":"https:\/\/leshurleventsduseudre.fr\/index.php?rest_route=\/wp\/v2\/pages\/795","targetHints":{"allow":["GET"]}}],"collection":[{"href":"https:\/\/leshurleventsduseudre.fr\/index.php?rest_route=\/wp\/v2\/pages"}],"about":[{"href":"https:\/\/leshurleventsduseudre.fr\/index.php?rest_route=\/wp\/v2\/types\/page"}],"author":[{"embeddable":true,"href":"https:\/\/leshurleventsduseudre.fr\/index.php?rest_route=\/wp\/v2\/users\/1"}],"replies":[{"embeddable":true,"href":"https:\/\/leshurleventsduseudre.fr\/index.php?rest_route=%2Fwp%2Fv2%2Fcomments&post=795"}],"version-history":[{"count":8,"href":"https:\/\/leshurleventsduseudre.fr\/index.php?rest_route=\/wp\/v2\/pages\/795\/revisions"}],"predecessor-version":[{"id":807,"href":"https:\/\/leshurleventsduseudre.fr\/index.php?rest_route=\/wp\/v2\/pages\/795\/revisions\/807"}],"wp:attachment":[{"href":"https:\/\/leshurleventsduseudre.fr\/index.php?rest_route=%2Fwp%2Fv2%2Fmedia&parent=795"}],"curies":[{"name":"wp","href":"https:\/\/api.w.org\/{rel}","templated":true}]}}