{"id":730,"date":"2021-04-10T11:02:59","date_gmt":"2021-04-10T09:02:59","guid":{"rendered":"https:\/\/leshurleventsduseudre.fr\/?page_id=730"},"modified":"2024-02-05T10:26:27","modified_gmt":"2024-02-05T09:26:27","slug":"structures-administratives","status":"publish","type":"page","link":"https:\/\/leshurleventsduseudre.fr\/?page_id=730","title":{"rendered":"Les institutionnels"},"content":{"rendered":"<p><font color=\"0d1152\"><strong>LES INSTITUTIONNELS<\/strong><\/font><br \/>\n<font color=\"0d1152\">On distingue nettement une fracture entre, d&rsquo;une part, le positionnement de l&rsquo;Etat et de la R\u00e9gion, pour la diminution du nucl\u00e9aire dans la production d&rsquo;\u00e9lectricit\u00e9 et pour l&rsquo;augmentation des \u00e9nergies renouvelables au premier rang desquelles l&rsquo;\u00e9olien terrestre et, d&rsquo;autre part, la position des territoires plus proches de la population, le d\u00e9partement et la communaut\u00e9 de communes, plus mesur\u00e9s dans leur appr\u00e9ciation \u00e0 propos de la part que doit conserver le nucl\u00e9aire, plus enclins \u00e0 favoriser d&rsquo;autres \u00e9nergies renouvelables &#8211; le bois, la g\u00e9othermie, la biomasse, le solaire&#8230; &#8211; et beaucoup plus r\u00e9ticents \u00e0 un d\u00e9veloppement de l&rsquo;\u00e9olien terrestre qu&rsquo;ils jugent actuellement effr\u00e9n\u00e9 et anarchique et dont ils semblent mesurer davantage la mont\u00e9e du sentiment grandissant d&rsquo;aversion et d&rsquo;hostilit\u00e9 dans la population.<\/font><\/p>\n","protected":false},"excerpt":{"rendered":"<p>LES INSTITUTIONNELS On distingue nettement une fracture entre, d&rsquo;une part, le positionnement de l&rsquo;Etat et de la R\u00e9gion, pour la diminution du nucl\u00e9aire dans la production d&rsquo;\u00e9lectricit\u00e9 et pour l&rsquo;augmentation des \u00e9nergies renouvelables au premier rang desquelles l&rsquo;\u00e9olien terrestre et, d&rsquo;autre part, la position des territoires plus proches de la population, le d\u00e9partement et la [&hellip;]<\/p>\n","protected":false},"author":1,"featured_media":0,"parent":0,"menu_order":0,"comment_status":"closed","ping_status":"closed","template":"","meta":{"footnotes":""},"class_list":["post-730","page","type-page","status-publish","hentry"],"_links":{"self":[{"href":"https:\/\/leshurleventsduseudre.fr\/index.php?rest_route=\/wp\/v2\/pages\/730","targetHints":{"allow":["GET"]}}],"collection":[{"href":"https:\/\/leshurleventsduseudre.fr\/index.php?rest_route=\/wp\/v2\/pages"}],"about":[{"href":"https:\/\/leshurleventsduseudre.fr\/index.php?rest_route=\/wp\/v2\/types\/page"}],"author":[{"embeddable":true,"href":"https:\/\/leshurleventsduseudre.fr\/index.php?rest_route=\/wp\/v2\/users\/1"}],"replies":[{"embeddable":true,"href":"https:\/\/leshurleventsduseudre.fr\/index.php?rest_route=%2Fwp%2Fv2%2Fcomments&post=730"}],"version-history":[{"count":10,"href":"https:\/\/leshurleventsduseudre.fr\/index.php?rest_route=\/wp\/v2\/pages\/730\/revisions"}],"predecessor-version":[{"id":3637,"href":"https:\/\/leshurleventsduseudre.fr\/index.php?rest_route=\/wp\/v2\/pages\/730\/revisions\/3637"}],"wp:attachment":[{"href":"https:\/\/leshurleventsduseudre.fr\/index.php?rest_route=%2Fwp%2Fv2%2Fmedia&parent=730"}],"curies":[{"name":"wp","href":"https:\/\/api.w.org\/{rel}","templated":true}]}}