{"id":688,"date":"2021-04-10T00:41:40","date_gmt":"2021-04-09T22:41:40","guid":{"rendered":"https:\/\/leshurleventsduseudre.fr\/?page_id=688"},"modified":"2021-04-18T13:57:32","modified_gmt":"2021-04-18T11:57:32","slug":"dominique-bussereau-2","status":"publish","type":"page","link":"https:\/\/leshurleventsduseudre.fr\/?page_id=688","title":{"rendered":"Le Courrier de l&rsquo;Ouest du 16 mars 2021"},"content":{"rendered":"<p><font color=\"2D2E2E\"><b>Article de Marie Delage<\/b><\/font><\/p>\n<p><b>DOMINIQUE BUSSEREAU REPETE SON OPPOSITION AUX EOLIENNES<\/b><\/p>\n<p>Le pr\u00e9sident de la Charente-Maritime, ancien ministre des Transports, a r\u00e9it\u00e9r\u00e9 sa farouche opposition aux \u00e9oliennes qui \u00ab ab\u00eement le paysage \u00bb.<\/p>\n<p>Dominique Bussereau, actuel pr\u00e9sident du d\u00e9partement de la Charente-Maritime, n\u2019en d\u00e9mord pas. Dans un entretien au Figaro, il a r\u00e9p\u00e9t\u00e9 son opposition aux \u00e9oliennes \u00ab\u00a0dans les zones vallonn\u00e9es ou collinaires, \u00e0 proximit\u00e9 des villages, des habitations ou des \u00e9glises romanes\u00a0\u00bb.<br \/>\nL\u2019ancien ministre des Transports se dit favorable \u00e0 l\u2019installation de ces infrastructures en mer ou dans des zones recul\u00e9es, tant qu\u2019elles ne sont pas visibles. Mais ailleurs, \u00ab\u00a0on a vraiment vu les paysages s\u2019ab\u00eemer\u00a0\u00bb\u200b, juge-t-il. Or, \u00ab\u00a0si on d\u00e9truit nos paysages, on d\u00e9truit notre \u00e9conomie\u00a0\u00bb.<\/p>\n<p>Il demande au pr\u00e9sident de la R\u00e9publique de redonner \u00e0 toutes les juridictions administratives la possibilit\u00e9 de se prononcer sur ces dossiers et que les pr\u00e9fets tiennent compte de l\u2019avis des populations pour valider les projets \u00e9oliens.<\/p>\n<p>Le pr\u00e9sident de l\u2019Assembl\u00e9e des d\u00e9partements de France a cr\u00e9\u00e9, \u00e0 l\u2019image de celui mis en place par Xavier Bertrand dans les Hauts-de-France, un observatoire de l\u2019\u00e9olien qui \u00e9value les projets en concertation avec les \u00e9lus locaux et les associations. Cette instance \u00e9met des avis favorables ou d\u00e9favorables, transmis au pr\u00e9fet. \u00ab\u00a0S\u2019il accorde une autorisation malgr\u00e9 cet avis d\u00e9favorable, nous attaquons son arr\u00eat\u00e9 devant la cour administrative d\u2019appel.\u00a0\u00bb<\/p>\n<p>Fustigeant d\u2019abord les \u00ab\u00a0m\u00e9thodes de gougnafiers\u00a0\u00bb des entreprises du secteur, il s\u2019en est pris aux autorit\u00e9s qui ont, selon lui, \u00ab\u00a0laiss\u00e9 le champ libre aux promoteurs d\u2019\u00e9olien\u00a0\u00bb et leur ont m\u00eame \u00ab\u00a0simplifi\u00e9 les choses en supprimant des garanties juridiques\u00a0\u00bb\u200b.<\/p>\n<p>\u00ab\u00a0Les impacts esth\u00e9tiques, sonores et environnementaux ont \u00e9t\u00e9 oubli\u00e9s\u00a0\u00bb, conclut-il.<\/p>\n","protected":false},"excerpt":{"rendered":"<p>Article de Marie Delage DOMINIQUE BUSSEREAU REPETE SON OPPOSITION AUX EOLIENNES Le pr\u00e9sident de la Charente-Maritime, ancien ministre des Transports, a r\u00e9it\u00e9r\u00e9 sa farouche opposition aux \u00e9oliennes qui \u00ab ab\u00eement le paysage \u00bb. Dominique Bussereau, actuel pr\u00e9sident du d\u00e9partement de la Charente-Maritime, n\u2019en d\u00e9mord pas. Dans un entretien au Figaro, il a r\u00e9p\u00e9t\u00e9 son opposition [&hellip;]<\/p>\n","protected":false},"author":1,"featured_media":0,"parent":0,"menu_order":0,"comment_status":"closed","ping_status":"closed","template":"","meta":{"footnotes":""},"class_list":["post-688","page","type-page","status-publish","hentry"],"_links":{"self":[{"href":"https:\/\/leshurleventsduseudre.fr\/index.php?rest_route=\/wp\/v2\/pages\/688","targetHints":{"allow":["GET"]}}],"collection":[{"href":"https:\/\/leshurleventsduseudre.fr\/index.php?rest_route=\/wp\/v2\/pages"}],"about":[{"href":"https:\/\/leshurleventsduseudre.fr\/index.php?rest_route=\/wp\/v2\/types\/page"}],"author":[{"embeddable":true,"href":"https:\/\/leshurleventsduseudre.fr\/index.php?rest_route=\/wp\/v2\/users\/1"}],"replies":[{"embeddable":true,"href":"https:\/\/leshurleventsduseudre.fr\/index.php?rest_route=%2Fwp%2Fv2%2Fcomments&post=688"}],"version-history":[{"count":3,"href":"https:\/\/leshurleventsduseudre.fr\/index.php?rest_route=\/wp\/v2\/pages\/688\/revisions"}],"predecessor-version":[{"id":728,"href":"https:\/\/leshurleventsduseudre.fr\/index.php?rest_route=\/wp\/v2\/pages\/688\/revisions\/728"}],"wp:attachment":[{"href":"https:\/\/leshurleventsduseudre.fr\/index.php?rest_route=%2Fwp%2Fv2%2Fmedia&parent=688"}],"curies":[{"name":"wp","href":"https:\/\/api.w.org\/{rel}","templated":true}]}}