{"id":678,"date":"2021-04-10T00:29:16","date_gmt":"2021-04-09T22:29:16","guid":{"rendered":"https:\/\/leshurleventsduseudre.fr\/?page_id=678"},"modified":"2021-04-10T10:59:57","modified_gmt":"2021-04-10T08:59:57","slug":"dominique-bussereau-le-point-du-30-mars-2019","status":"publish","type":"page","link":"https:\/\/leshurleventsduseudre.fr\/?page_id=678","title":{"rendered":"Le Point du 30 mars 2019"},"content":{"rendered":"<p><b><font color=\"2D2E2E\">Article de Michel Revol<\/font><\/b><br \/>\n<b><u>\u00c9OLIENNES<\/u> : LE COUP DE GUEULE DE DOMINIQUE BUSSEREAU<\/b><br \/>\nLe pr\u00e9sident ex-LR de Charente-Maritime et de l&rsquo;Assembl\u00e9e des d\u00e9partements s&rsquo;oppose \u00e0 la prolif\u00e9ration d&rsquo;\u00e9oliennes, notamment dans son d\u00e9partement.<br \/>\nD&rsquo;abord, il pr\u00e9vient : il n&rsquo;est pas oppos\u00e9 \u00e0 l&rsquo;\u00e9nergie \u00e9olienne. Mais, en quelque sorte, trop, c&rsquo;est trop. C&rsquo;est le sens de la d\u00e9cision de Dominique Bussereau, qui vient de faire voter dans son d\u00e9partement, la Charente-Maritime, un moratoire sur tout nouveau projet d&rsquo;implantation d&rsquo;\u00e9oliennes. Le pr\u00e9sident du conseil d\u00e9partemental de la Charente-Maritime, par ailleurs pr\u00e9sident de l&rsquo;Assembl\u00e9e des d\u00e9partements de France (ADF), a pris la mouche parce qu&rsquo;il ne supporte pas que l&rsquo;estuaire de la Gironde puisse \u00eatre piquet\u00e9 d&rsquo;une quarantaine \u00e9oliennes. Un projet port\u00e9 par EDF entend en effet implanter un vaste parc de m\u00e2ts de presque 200 m\u00e8tres de hauteur en face des vignobles du M\u00e9doc. Ils s&rsquo;ajouteraient aux 70 \u00e0 80 \u00e9oliennes d\u00e9j\u00e0 install\u00e9es dans le d\u00e9partement, et \u00e0 celles en projet (entre 300 et 475\u2009 !)<br \/>\nDans le coin, l&rsquo;id\u00e9e h\u00e9risse tellement que des acteurs aussi contraires que la Ligue de protection des oiseaux (LPO) et les f\u00e9d\u00e9rations locales de chasseurs se sont ligu\u00e9s pour s&rsquo;y opposer. Dans l&rsquo;association D\u00e9fense des marais de l&rsquo;estuaire (DDME), cr\u00e9\u00e9e pour combattre ce projet, on retrouve, outre la LPO et les chasseurs, le Comit\u00e9 international des vins de Bordeaux ou le Conseil des grands crus class\u00e9s. Tous veulent pr\u00e9server l&rsquo;estuaire de la Gironde, havre pour les oiseaux migrateurs et les touristes, entre autres. Le 23 mars, ils ont remport\u00e9 une premi\u00e8re victoire avec le moratoire vot\u00e9 par le d\u00e9partement de la Charente-Maritime. \u00c0 l&rsquo;origine de cette d\u00e9cision, Dominique Bussereau s&rsquo;en explique.<\/p>\n<p><font color=\"2D2E2E\"><b>Le Point<\/b> : Le mouvement en faveur des \u00e9nergies renouvelables semble in\u00e9luctable pour trouver une issue aux \u00e9nergies carbon\u00e9es, et pourtant vous tentez de suspendre un grand projet d&rsquo;\u00e9oliennes dans votre d\u00e9partement. Vous ne craignez pas d&rsquo;aller contre l&rsquo;histoire\u2009 ?<\/font><br \/>\n<b>Dominique Bussereau<\/b> : On l&rsquo;a vu dans le grand d\u00e9bat national, le nombre de gens qui se sentent envahis par l&rsquo;afflux d&rsquo;\u00e9oliennes monte en puissance. C&rsquo;est le cas en Charente-Maritime, et dans les d\u00e9partements voisins. Je vous signale que l&rsquo;on comptabilise quelque 480 m\u00e2ts si on additionne tous les projets\u2009 ! Dans certaines zones comme la plaine d&rsquo;Aunis, les villages sont parfois entour\u00e9s d&rsquo;une vingtaine de m\u00e2ts. Je rappelle que la Charente-Maritime est le deuxi\u00e8me d\u00e9partement le plus touristique de France apr\u00e8s le Var, et que le projet en cause concerne l&rsquo;estuaire de la Gironde, le plus grand d&rsquo;Europe. Il y a une vingtaine d&rsquo;ann\u00e9es, nous avions mis en place un syndicat mixte entre la Charente-Maritime et la Gironde pour prot\u00e9ger ces zones naturelles sensibles. Or, aujourd&rsquo;hui, voici qu&rsquo;EDF veut installer une quarantaine d&rsquo;\u00e9oliennes de 180 m\u00e8tres de hauteur. Cette initiative a fait d\u00e9border le vase\u2009 !<\/p>\n<p><font color=\"2D2E2E\">Comment voulez-vous vous y opposer\u2009 ? Ceci n&rsquo;est pas seulement de votre ressort&#8230;<\/font><br \/>\nD&rsquo;abord, \u00e0 l&rsquo;automne, nous avons mis en place un observatoire, afin de visualiser les zones couvertes, ou non, par les parcs \u00e9oliens. On se rend compte que des endroits dans le sud de la r\u00e9gion Aquitaine en sont d\u00e9pourvus, alors d&rsquo;autres, comme la Charente-Maritime ou la Charente, sont d\u00e9j\u00e0 bien couverts. J&rsquo;ai ensuite fait voter un moratoire, par lequel on demande \u00e0 l&rsquo;\u00c9tat de geler pendant deux ans tout nouveau projet de parc \u00e9olien. Nous \u00e9tablissons en parall\u00e8le un sch\u00e9ma directeur pour d\u00e9finir un mix \u00e9nerg\u00e9tique diff\u00e9rent. Le pr\u00e9fet m&rsquo;a r\u00e9pondu qu&rsquo;il n&rsquo;avait pas le pouvoir d&rsquo;arr\u00eater un projet, mais il a engag\u00e9 la discussion. Je lui ai dit que s&rsquo;il prenait malgr\u00e9 tout un arr\u00eat\u00e9 autorisant ce projet dans l&rsquo;estuaire, je l&rsquo;attaquerais devant la justice administrative.<\/p>\n<p><font color=\"2D2E2E\">Pour quels motifs\u2009 ?<\/font><br \/>\nPour un motif tenant \u00e0 l&rsquo;atteinte au paysage ou \u00e0 l&rsquo;environnement, par exemple. J&rsquo;ai proc\u00e9d\u00e9 de la m\u00eame mani\u00e8re pour plusieurs projets dans la r\u00e9gion de La Rochelle, mais je n&rsquo;ai pas eu, pour l&rsquo;heure, de r\u00e9ponse du pr\u00e9fet. Je pr\u00e9cise que la Charente va sans doute d\u00e9cider du m\u00eame type de moratoire, et j&rsquo;informerai mes coll\u00e8gues de l&rsquo;Assembl\u00e9e des d\u00e9partements de France de notre action. Elle risque de faire boule de neige.<\/p>\n<p><font color=\"2D2E2E\">Vous voulez stopper l&rsquo;\u00e9olien en France\u2009 ?<\/font><br \/>\nCe n&rsquo;est pas une opposition \u00e0 l&rsquo;\u00e9olien, c&rsquo;est une opposition \u00e0 trop d&rsquo;\u00e9olien. Certains pays font d\u00e9j\u00e0 machine arri\u00e8re. C&rsquo;est le cas de l&rsquo;Allemagne, qui a arr\u00eat\u00e9 des \u00e9oliennes et les d\u00e9monte. Autant je suis pour l&rsquo;\u00e9olien s&rsquo;il n&rsquo;y a pas de difficult\u00e9s paysag\u00e8res, par exemple dans des champs plats et d\u00e9serts comme dans les plaines de Beauce, ou en mer, loin des c\u00f4tes, autant je veux me battre lorsque les villages sont susceptibles d&rsquo;\u00eatre entour\u00e9s d&rsquo;un mur d&rsquo;\u00e9oliennes. L\u00e0, c&rsquo;est non\u2009 ! Notre seul objectif, c&rsquo;est la d\u00e9fense de nos paysages. Dans notre r\u00e9gion comme ailleurs, si on les bousille, on bousille notre \u00e9conomie.<\/p>\n","protected":false},"excerpt":{"rendered":"<p>Article de Michel Revol \u00c9OLIENNES : LE COUP DE GUEULE DE DOMINIQUE BUSSEREAU Le pr\u00e9sident ex-LR de Charente-Maritime et de l&rsquo;Assembl\u00e9e des d\u00e9partements s&rsquo;oppose \u00e0 la prolif\u00e9ration d&rsquo;\u00e9oliennes, notamment dans son d\u00e9partement. D&rsquo;abord, il pr\u00e9vient : il n&rsquo;est pas oppos\u00e9 \u00e0 l&rsquo;\u00e9nergie \u00e9olienne. Mais, en quelque sorte, trop, c&rsquo;est trop. C&rsquo;est le sens de la [&hellip;]<\/p>\n","protected":false},"author":1,"featured_media":0,"parent":0,"menu_order":0,"comment_status":"closed","ping_status":"closed","template":"","meta":{"footnotes":""},"class_list":["post-678","page","type-page","status-publish","hentry"],"_links":{"self":[{"href":"https:\/\/leshurleventsduseudre.fr\/index.php?rest_route=\/wp\/v2\/pages\/678","targetHints":{"allow":["GET"]}}],"collection":[{"href":"https:\/\/leshurleventsduseudre.fr\/index.php?rest_route=\/wp\/v2\/pages"}],"about":[{"href":"https:\/\/leshurleventsduseudre.fr\/index.php?rest_route=\/wp\/v2\/types\/page"}],"author":[{"embeddable":true,"href":"https:\/\/leshurleventsduseudre.fr\/index.php?rest_route=\/wp\/v2\/users\/1"}],"replies":[{"embeddable":true,"href":"https:\/\/leshurleventsduseudre.fr\/index.php?rest_route=%2Fwp%2Fv2%2Fcomments&post=678"}],"version-history":[{"count":8,"href":"https:\/\/leshurleventsduseudre.fr\/index.php?rest_route=\/wp\/v2\/pages\/678\/revisions"}],"predecessor-version":[{"id":729,"href":"https:\/\/leshurleventsduseudre.fr\/index.php?rest_route=\/wp\/v2\/pages\/678\/revisions\/729"}],"wp:attachment":[{"href":"https:\/\/leshurleventsduseudre.fr\/index.php?rest_route=%2Fwp%2Fv2%2Fmedia&parent=678"}],"curies":[{"name":"wp","href":"https:\/\/api.w.org\/{rel}","templated":true}]}}