{"id":669,"date":"2021-04-09T23:17:15","date_gmt":"2021-04-09T21:17:15","guid":{"rendered":"https:\/\/leshurleventsduseudre.fr\/?page_id=669"},"modified":"2024-02-05T10:27:29","modified_gmt":"2024-02-05T09:27:29","slug":"letat","status":"publish","type":"page","link":"https:\/\/leshurleventsduseudre.fr\/?page_id=669","title":{"rendered":"L&rsquo;Etat"},"content":{"rendered":"<p><font color=\"0d1152\"><strong>L&rsquo;ETAT<\/strong><\/font><br \/>\n<font color=\"0d1152\">\u2666 <\/font><a href=\"https:\/\/www.ecologie.gouv.fr\/eolien-terrestre\" target=\"_blank\" rel=\"noopener\">Positionnement de l&rsquo;Etat<\/a>.<font color=\"0d1152\"> Lire en particulier \u00ab\u00a0<b>les enjeux\u00a0\u00bb<\/b>.<\/font><br \/>\n<font color=\"0d1152\">Les<\/font><a href=\"https:\/\/www.ecologie.gouv.fr\/eolien-terrestre\" target=\"_blank\" rel=\"noopener\"> PPE <\/a><font color=\"0d1152\"> (Programmation Pluriannuelle de l&rsquo;Energie).<\/font><br \/>\n<font color=\"0d1152\">La<\/font><a href=\"https:\/\/outil2amenagement.cerema.fr\/la-loi-de-programmation-sur-l-energie-et-le-climat-r1626.html\" target=\"_blank\" rel=\"noopener\"> LPEC <\/a><font color=\"0d1152\"> (Loi de Programmation sur l&rsquo;Energie et le Climat).<\/font><\/p>\n<p><font color=\"0d1152\">\u2666 <\/font><a href=\"https:\/\/leshurleventsduseudre.fr\/wp-content\/uploads\/2022\/10\/Cartographie-des-zones-propices-au-developpement-de-leolien-terrestre.pdf\" target=\"_blank\" rel=\"noopener\">Cartographie<\/a><font color=\"0d1152\"> des zones propices au d\u00e9veloppement de l&rsquo;\u00e9olien terrestre en Aquitaine publi\u00e9 par la pr\u00e9fecture de R\u00e9gion Nouvelle-Aquitaine, Septembre 2022<\/font><\/p>\n<p><font color=\"0d1152\">\u2666 Les<\/font> <a href=\"https:\/\/www.actu-environnement.com\/ae\/news\/barbara-pompili-mesures-acceptabilite-eolien-croissance-38302.php4\" target=\"_blank\" rel=\"noopener\"> 10 mesures de Barbara Pompili<\/a><font color=\"0d1152\"> du 5 octobre 2021<\/font><\/p>\n<p><font color=\"0d1152\">\u2666 Le<\/font> <a href=\"https:\/\/leshurleventsduseudre.fr\/wp-content\/uploads\/2021\/05\/Pompili-CP-du-28-05.pdf\" target=\"_blank\" rel=\"noopener\">discours de Barbara Pompili<\/a><font color=\"0d1152\"> lors de la conf\u00e9rence de presse du 28 mai 2021, au minist\u00e8re<\/font><\/p>\n<p><font color=\"0d1152\">\u2666 <\/font>Les <a href=\"https:\/\/www.ecologie.gouv.fr\/programmations-pluriannuelles-lenergie-ppe\" target=\"_blank\" rel=\"noopener\">Programmations Pluriannuelles de l&rsquo;Energie<\/a><font color=\"0d1152\"> constituent la feuille de route incontournable de Barbara Pompili, ministre de la transition \u00e9cologique (2020)<\/font><\/p>\n<p><font color=\"0d1152\">\u2666 <\/font><a href=\"https:\/\/leshurleventsduseudre.fr\/?page_id=872\" target=\"_blank\" rel=\"noopener\">Les mesures du ministre de la transition \u00e9cologique<\/a>,<font color=\"0d1152\"> visent \u00e0 faciliter le d\u00e9veloppement de l\u2019\u00e9nergie \u00e9olienne terrestre (2019)<\/font><\/p>\n<p><font color=\"0d1152\">\u2666 <\/font><a href=\"https:\/\/www.ademe.fr\" target=\"_blank\" rel=\"noopener\">L&rsquo;Ademe<\/a><font color=\"0d1152\"> a identifi\u00e9 diff\u00e9rents sc\u00e9narios o\u00f9 la puissance \u20acolienne terrestre s&rsquo;\u00e9chelonnerait entre 96,5 GW en 2050 en cas de forte acceptabilit\u00e9 de la technologie par les citoyens et 47,8 GW en cas de faible acceptabilit\u00e9. Les MW manquants seraient alors port\u00e9s par d&rsquo;autres technologies (solaire, hydraulique, biomasse\u2026)<\/font><\/p>\n<p><font color=\"0d1152\">\u2666 <\/font><a href=\"http:\/\/www.nouvelle-aquitaine.developpement-durable.gouv.fr\/carte-des-projets-eoliens-a10214.html\" target=\"_blank\" rel=\"noopener\">DREAL Nouvelle-Aquitaine<\/a>,<font color=\"0d1152\"> carte des projets \u20acoliens.   <i>Les DREAL font partie des services d\u00e9concentr\u00e9s de l&rsquo;Etat.<\/i><\/font><\/p>\n<p><font color=\"0d1152\">\u2666 <\/font><a href=\"https:\/\/www.anses.fr\/fr\/system\/files\/AP2013SA0115Ra.pdf\" target=\"_blank\" rel=\"noopener\">Avis de l&rsquo;Anses<\/a><font color=\"0d1152\"> Agence nationale de s\u00e9curit\u00e9 sanitaire de l\u2019alimentation, de l\u2019environnement et du travail. Saisine n\u00b0 2013-SA-0115 \u00ab \u20acoliennes \u00bb<\/font><\/p>\n","protected":false},"excerpt":{"rendered":"<p>L&rsquo;ETAT \u2666 Positionnement de l&rsquo;Etat. Lire en particulier \u00ab\u00a0les enjeux\u00a0\u00bb. Les PPE (Programmation Pluriannuelle de l&rsquo;Energie). La LPEC (Loi de Programmation sur l&rsquo;Energie et le Climat). \u2666 Cartographie des zones propices au d\u00e9veloppement de l&rsquo;\u00e9olien terrestre en Aquitaine publi\u00e9 par la pr\u00e9fecture de R\u00e9gion Nouvelle-Aquitaine, Septembre 2022 \u2666 Les 10 mesures de Barbara Pompili du [&hellip;]<\/p>\n","protected":false},"author":1,"featured_media":0,"parent":0,"menu_order":0,"comment_status":"closed","ping_status":"closed","template":"","meta":{"footnotes":""},"class_list":["post-669","page","type-page","status-publish","hentry"],"_links":{"self":[{"href":"https:\/\/leshurleventsduseudre.fr\/index.php?rest_route=\/wp\/v2\/pages\/669","targetHints":{"allow":["GET"]}}],"collection":[{"href":"https:\/\/leshurleventsduseudre.fr\/index.php?rest_route=\/wp\/v2\/pages"}],"about":[{"href":"https:\/\/leshurleventsduseudre.fr\/index.php?rest_route=\/wp\/v2\/types\/page"}],"author":[{"embeddable":true,"href":"https:\/\/leshurleventsduseudre.fr\/index.php?rest_route=\/wp\/v2\/users\/1"}],"replies":[{"embeddable":true,"href":"https:\/\/leshurleventsduseudre.fr\/index.php?rest_route=%2Fwp%2Fv2%2Fcomments&post=669"}],"version-history":[{"count":43,"href":"https:\/\/leshurleventsduseudre.fr\/index.php?rest_route=\/wp\/v2\/pages\/669\/revisions"}],"predecessor-version":[{"id":3638,"href":"https:\/\/leshurleventsduseudre.fr\/index.php?rest_route=\/wp\/v2\/pages\/669\/revisions\/3638"}],"wp:attachment":[{"href":"https:\/\/leshurleventsduseudre.fr\/index.php?rest_route=%2Fwp%2Fv2%2Fmedia&parent=669"}],"curies":[{"name":"wp","href":"https:\/\/api.w.org\/{rel}","templated":true}]}}