{"id":666,"date":"2021-04-09T23:00:50","date_gmt":"2021-04-09T21:00:50","guid":{"rendered":"https:\/\/leshurleventsduseudre.fr\/?page_id=666"},"modified":"2024-08-22T15:41:52","modified_gmt":"2024-08-22T13:41:52","slug":"la-communaute-des-communes","status":"publish","type":"page","link":"https:\/\/leshurleventsduseudre.fr\/?page_id=666","title":{"rendered":"La Communaut\u00e9 des Communes"},"content":{"rendered":"<p><font color=\"0d1152\"><strong>LA COMMUNAUTE DES COMMUNES<\/strong><\/font><br \/>\n\u2666 <font color=\"0d1152\">Claude Belot est pr\u00e9sident de la Communaut\u00e9 des communes de Haute-Saintonge depuis le 1er janvier 1993.<br \/>\nIl s&rsquo;est publiquement d\u00e9clar\u00e9 hostile au d\u00e9veloppement anarchique de l&rsquo;\u20acolien en Haute-Saintonge : \u00ab\u00a0Pourquoi choisir l\u2019\u20acolien dans des secteurs o\u00f9 le vent est faible quand il existe d\u2019autres fili\u00e8res ?\u00a0\u00bb<br \/>\n\u00ab\u00a0La tendance g\u00e9n\u00e9rale est plut\u00f4t qu\u2019on n\u2019a pas envie de voir \u00e7a dans le paysage. Il faudra le dire et l\u2019\u00e9crire.\u00a0\u00bb <i>Propos transcrits par Damien Carboni (La Haute-Saintonge)<\/i><br \/>\nIl a d\u00e9velopp\u00e9 \u00e0 Jonzac, ville dont il fut maire pendant 36 ans, des solutions alternatives : bois, g\u00e9othermie, photovolta\u00efque&#8230;<\/font><\/p>\n<p><font color=\"0d1152\">\u2666 Les \u00e9lus communautaires de Haute-Saintonge ont d\u00e9cid\u00e9, le 24 mars, de cr\u00e9er une commission li\u00e9e aux projets \u20acoliens. <i>Lire l&rsquo;article <\/i><\/font><i><a href=\"https:\/\/leshurleventsduseudre.fr\/wp-content\/uploads\/2021\/04\/HAUTE-SAINTONGE-2-AVRIL.pdf\" target=\"_blank\" rel=\"noopener\">\u00ab\u00a0Un vent de contestation en Haute-Saintonge\u00a0\u00bb<\/a>, <font color=\"0d1152\">de Cheyenne Tyrakowski, Haute-Saintonge du 2 avril 2021<\/font><\/i><\/p>\n<p><font color=\"0d1152\">\u2666 Retrouvez la position du <\/font><a href=\"https:\/\/www.haute-saintonge.org\/mention\/198-cdchs\/cadre-de-vie\/urbanisme\/scot\" target=\"_blank\" rel=\"noopener\">SCOT<\/a> <font color=\"0d1152\">(Sch\u00e9ma de Coh\u00e9rence Territoriale) de Haute-Saintonge<\/font><\/p>\n","protected":false},"excerpt":{"rendered":"<p>LA COMMUNAUTE DES COMMUNES \u2666 Claude Belot est pr\u00e9sident de la Communaut\u00e9 des communes de Haute-Saintonge depuis le 1er janvier 1993. Il s&rsquo;est publiquement d\u00e9clar\u00e9 hostile au d\u00e9veloppement anarchique de l&rsquo;\u20acolien en Haute-Saintonge : \u00ab\u00a0Pourquoi choisir l\u2019\u20acolien dans des secteurs o\u00f9 le vent est faible quand il existe d\u2019autres fili\u00e8res ?\u00a0\u00bb \u00ab\u00a0La tendance g\u00e9n\u00e9rale est [&hellip;]<\/p>\n","protected":false},"author":1,"featured_media":0,"parent":0,"menu_order":0,"comment_status":"closed","ping_status":"closed","template":"","meta":{"footnotes":""},"class_list":["post-666","page","type-page","status-publish","hentry"],"_links":{"self":[{"href":"https:\/\/leshurleventsduseudre.fr\/index.php?rest_route=\/wp\/v2\/pages\/666","targetHints":{"allow":["GET"]}}],"collection":[{"href":"https:\/\/leshurleventsduseudre.fr\/index.php?rest_route=\/wp\/v2\/pages"}],"about":[{"href":"https:\/\/leshurleventsduseudre.fr\/index.php?rest_route=\/wp\/v2\/types\/page"}],"author":[{"embeddable":true,"href":"https:\/\/leshurleventsduseudre.fr\/index.php?rest_route=\/wp\/v2\/users\/1"}],"replies":[{"embeddable":true,"href":"https:\/\/leshurleventsduseudre.fr\/index.php?rest_route=%2Fwp%2Fv2%2Fcomments&post=666"}],"version-history":[{"count":17,"href":"https:\/\/leshurleventsduseudre.fr\/index.php?rest_route=\/wp\/v2\/pages\/666\/revisions"}],"predecessor-version":[{"id":3767,"href":"https:\/\/leshurleventsduseudre.fr\/index.php?rest_route=\/wp\/v2\/pages\/666\/revisions\/3767"}],"wp:attachment":[{"href":"https:\/\/leshurleventsduseudre.fr\/index.php?rest_route=%2Fwp%2Fv2%2Fmedia&parent=666"}],"curies":[{"name":"wp","href":"https:\/\/api.w.org\/{rel}","templated":true}]}}