{"id":664,"date":"2021-04-09T23:00:00","date_gmt":"2021-04-09T21:00:00","guid":{"rendered":"https:\/\/leshurleventsduseudre.fr\/?page_id=664"},"modified":"2024-02-05T10:28:32","modified_gmt":"2024-02-05T09:28:32","slug":"le-departement","status":"publish","type":"page","link":"https:\/\/leshurleventsduseudre.fr\/?page_id=664","title":{"rendered":"Le D\u00e9partement"},"content":{"rendered":"<p><font color=\"0d1152\"><strong>LE DEPARTEMENT<\/strong><\/font><br \/>\n<font color=\"0d1152\">Sylvie Marcilly, pr\u00e9sidente du d\u00e9partement de la Charente-Maritime depuis juillet 2021, <a href=\"https:\/\/www.realahune.fr\/un-moratoire-contre-le-projet-eolien-sud-atlantique\/\" target=\"_blank\" rel=\"noopener\">marche dans les pas<\/a>  de son pr\u00e9d\u00e9cesseur, Dominique Bussereau, qui s&rsquo;\u00e9tait publiquement d\u00e9clar\u00e9 contre le d\u00e9veloppement de l&rsquo;\u20acolien en Charente-Maritime, qui avait install\u00e9 un observatoire de l\u2019\u20acolien pour son d\u00e9partement et avait demand\u00e9 au Pr\u00e9fet un moratoire pour sursoir aux projets \u20acoliens pendant deux ans.<\/font><\/p>\n<p><a href=\"https:\/\/leshurleventsduseudre.fr\/?page_id=688\" target=\"_blank\" rel=\"noopener\">Dominique Bussereau r\u00e9p\u00e8te son opposition aux \u20acoliennes<\/a>, <font color=\"0d1152\">Article de Marie Delage, le Courrier de l\u2019Ouest du 16 mars 2021<\/font><br \/>\n<a href=\"https:\/\/leshurleventsduseudre.fr\/?page_id=678\" target=\"_blank\" rel=\"noopener\"><u>\u20acoliennes<\/u> : Le coup de gueule de Dominique Bussereau<\/a>, <font color=\"0d1152\">Article de Michel Revol, Le Point du 30 mars 2019<\/font><\/p>\n","protected":false},"excerpt":{"rendered":"<p>LE DEPARTEMENT Sylvie Marcilly, pr\u00e9sidente du d\u00e9partement de la Charente-Maritime depuis juillet 2021, marche dans les pas de son pr\u00e9d\u00e9cesseur, Dominique Bussereau, qui s&rsquo;\u00e9tait publiquement d\u00e9clar\u00e9 contre le d\u00e9veloppement de l&rsquo;\u20acolien en Charente-Maritime, qui avait install\u00e9 un observatoire de l\u2019\u20acolien pour son d\u00e9partement et avait demand\u00e9 au Pr\u00e9fet un moratoire pour sursoir aux projets \u20acoliens [&hellip;]<\/p>\n","protected":false},"author":1,"featured_media":0,"parent":0,"menu_order":0,"comment_status":"closed","ping_status":"closed","template":"","meta":{"footnotes":""},"class_list":["post-664","page","type-page","status-publish","hentry"],"_links":{"self":[{"href":"https:\/\/leshurleventsduseudre.fr\/index.php?rest_route=\/wp\/v2\/pages\/664","targetHints":{"allow":["GET"]}}],"collection":[{"href":"https:\/\/leshurleventsduseudre.fr\/index.php?rest_route=\/wp\/v2\/pages"}],"about":[{"href":"https:\/\/leshurleventsduseudre.fr\/index.php?rest_route=\/wp\/v2\/types\/page"}],"author":[{"embeddable":true,"href":"https:\/\/leshurleventsduseudre.fr\/index.php?rest_route=\/wp\/v2\/users\/1"}],"replies":[{"embeddable":true,"href":"https:\/\/leshurleventsduseudre.fr\/index.php?rest_route=%2Fwp%2Fv2%2Fcomments&post=664"}],"version-history":[{"count":23,"href":"https:\/\/leshurleventsduseudre.fr\/index.php?rest_route=\/wp\/v2\/pages\/664\/revisions"}],"predecessor-version":[{"id":3640,"href":"https:\/\/leshurleventsduseudre.fr\/index.php?rest_route=\/wp\/v2\/pages\/664\/revisions\/3640"}],"wp:attachment":[{"href":"https:\/\/leshurleventsduseudre.fr\/index.php?rest_route=%2Fwp%2Fv2%2Fmedia&parent=664"}],"curies":[{"name":"wp","href":"https:\/\/api.w.org\/{rel}","templated":true}]}}