{"id":541,"date":"2021-04-05T21:41:53","date_gmt":"2021-04-05T19:41:53","guid":{"rendered":"https:\/\/leshurleventsduseudre.fr\/?page_id=541"},"modified":"2024-12-08T18:01:40","modified_gmt":"2024-12-08T17:01:40","slug":"coupures-de-presse","status":"publish","type":"page","link":"https:\/\/leshurleventsduseudre.fr\/?page_id=541","title":{"rendered":"Notre revue de presse"},"content":{"rendered":"<p><font color=\"0d1152\"><strong>NOTRE REVUE DE PRESSE<\/strong><\/font><br \/>\n\u2666 <a href=\"https:\/\/leshurleventsduseudre.fr\/wp-content\/uploads\/2024\/11\/Parc-eolien-dAndilly-le-Maraais-17230.pdf\" target=\"_blank\" rel=\"noopener\">Un projet d\u00e9grad\u00e9, une ambition \u00e9olienne qui ne tourne pas tr\u00e8s rond<\/a><font color=\"0d1152\"> Yannick Picard, Sud-Ouest novembre 2024<\/font><\/p>\n<p>\u2666 <a href=\"https:\/\/leshurleventsduseudre.fr\/wp-content\/uploads\/2023\/08\/2023-08-03_18ABCD-24.jpg\" target=\"_blank\" rel=\"noopener\">Le projet \u00e9olien ne passe toujours pas<\/a><font color=\"0d1152\"> S\u00e9bastien Lahalle, Sud-Ouest ao\u00fbt 2023.<\/font><\/p>\n<p>\u2666 <a href=\"https:\/\/leshurleventsduseudre.fr\/wp-content\/uploads\/2023\/05\/2023-05-31_18ABCD-.jpg\" target=\"_blank\" rel=\"noopener\">Eoliennes en Aunis : le paysage au coeur de la bataille.<\/a><font color=\"0d1152\"> David Briand, Sud-Ouest 31 mai 2023.<\/font><\/p>\n<p>\u2666 <a href=\"https:\/\/leshurleventsduseudre.fr\/wp-content\/uploads\/2023\/05\/2023-05-03_18ABCD-12.jpg\" target=\"_blank\" rel=\"noopener\">Plaine d&rsquo;Aunis : un radar de la base de Rochefort fossoyeur de projets \u00e9oliens.<\/a><font color=\"0d1152\"> David Briand, Sud-Ouest mai 2023.<\/font><\/p>\n<p>\u2666 <a href=\"https:\/\/www.lefigaro.fr\/sciences\/tarn-des-eoliennes-reconnues-coupables-d-effets-nocifs-sur-la-sante-de-riverains-20211107?utm_source=app&amp;utm_medium=sms&amp;utm_campaign=fr.playsoft.lefigarov3\" target=\"_blank\" rel=\"noopener\">Tarn : des \u00e9oliennes reconnues coupables d&rsquo;effets nocifs sur la sant\u00e9 des riverains<\/a><font color=\"0D1152\"> S\u00e9gol\u00e8ne Ginter d&rsquo;Agrain, Le Figaro 5 novembre 2021<\/font><\/p>\n<p>\u2666 <a href=\"https:\/\/leshurleventsduseudre.fr\/wp-content\/uploads\/2021\/10\/Oleron.jpg\" target=\"_blank\" rel=\"noopener\">Ol\u00e9ron : ce qui se passe aujourd&rsquo;hui demande un temps long<\/a><font color=\"0D1152\"> Philippe Baroux, Sud Ouest 25 octobre 2021<\/font><\/p>\n<p>\u2666 <a href=\"https:\/\/leshurleventsduseudre.fr\/wp-content\/uploads\/2021\/10\/Tanzac-2.jpg\" target=\"_blank\" rel=\"noopener\">Tanzac : ils ont dit \u00ab\u00a0NON\u00a0\u00bb au projet \u00e9olien<\/a><font color=\"0D1152\"> Etienne Latry, SudOuest 25 octobre 2021<\/font><\/p>\n<p>\u2666 <a href=\"https:\/\/leshurleventsduseudre.fr\/wp-content\/uploads\/2021\/10\/tanzac.jpg\" target=\"_blank\" rel=\"noopener\">Tanzac : consult\u00e9s sur un projet \u00e9olien<\/a><font color=\"0D1152\"> Olivier Bertrand, Sud&#8211;Ouest 22 octobre 2021<\/font><\/p>\n<p>\u2666 <a href=\"https:\/\/leshurleventsduseudre.fr\/wp-content\/uploads\/2021\/10\/Image-11.jpg\" target=\"_blank\" rel=\"noopener\">Projet \u00e9olien au large d&rsquo;Ol\u00e9ron<\/a><font color=\"0D1152\"> Fr\u00e9d\u00e9ric Zabalza, Sud-Ouest du 19 octobre 2021<\/font><\/p>\n<p>\u2666 <a href=\"https:\/\/leshurleventsduseudre.fr\/wp-content\/uploads\/2021\/10\/eolienne-position-conseil-departemental-17-sud-ouest-2-oct-2021.pdf\" target=\"_blank\" rel=\"noopener\">Les \u00e9lus interrogent Marcilly sur l&rsquo;\u00e9olien<\/a><font color=\"0D1152\"> S\u00e9bastien Lahalle, Sud-Ouest du 2 octobre 2021<\/font><\/p>\n<p>\u2666 <a href=\"https:\/\/leshurleventsduseudre.fr\/wp-content\/uploads\/2021\/10\/Sud-Ouest-29-9-21.pdf\" target=\"_blank\" rel=\"noopener\">Projet \u00e9olien en mer d&rsquo;Ol\u00e9ron<\/a><font color=\"0D1152\"> Jean-Denis Renard, Sud-Ouest du 29 septembre 2021<\/font><\/p>\n<p>\u2666 <a href=\"https:\/\/leshurleventsduseudre.fr\/wp-content\/uploads\/2021\/06\/Veto-Senat-21-6-21.pdf\" target=\"_blank\" rel=\"noopener\">L&rsquo;ex\u00e9cutif durcit les conditions d&rsquo;implantation des \u00e9oliennes<\/a><font color=\"0D1152\"> Sharon Wajsbrot, Les \u00e9chos du 21 juin 2021<\/font><\/p>\n<p>\u2666 <a href=\"https:\/\/leshurleventsduseudre.fr\/wp-content\/uploads\/2021\/06\/Haute-Saintonge-14-6-21.jpg\" target=\"_blank\" rel=\"noopener\">Saint Germain du Seudre : les anti-\u00e9oliens mobilis\u00e9s<\/a><font color=\"0D1152\"> S\u00e9bastien Lahalle, Haute-Saintonge du 14 juin 2021<\/font><\/p>\n<p>\u2666 <a href=\"https:\/\/www.google.com\/search?q=%C3%A9oliennes+du+r%C3%AAve+aux+r%C3%A9alit%C3%A9s+youtube&#038;oq=eolienne+du+reve+a&#038;gs_lcrp=EgZjaHJvbWUqCAgCEAAYFhgeMgYIABBFGDkyBwgBEC4YgAQyCAgCEAAYFhgeMggIAxAAGBYYHjIICAQQABgWGB4yCAgFEAAYFhgeMggIBhAAGBYYHjIKCAcQABiABBiiBNIBCDY0NTVqMGo3qAIIsAIB&#038;sourceid=chrome&#038;ie=UTF-8#fpstate=ive&#038;vld=cid:691a5e35,vid:Vf9EbpzDvoY,st:0\" target=\"_blank\" rel=\"noopener\">Eoliennes : du r\u00eave aux r\u00e9alit\u00e9s<\/a><font color=\"0D1152\">  film de Charles Thimon, 1 juin 2021<\/font> <a href=\"https:\/\/leshurleventsduseudre.fr\/?page_id=2136\" target=\"_blank\" rel=\"noopener\">Article de pr\u00e9sentation de Charles Jaigu (Le Figaro)<\/a><\/p>\n<p>\u2666 <a href=\"https:\/\/www.lopinion.fr\/edition\/economie\/l-eolien-politique-inutile-ruineuse-france-tribune-patrice-cahart-245113\" target=\"_blank\" rel=\"noopener\">L&rsquo;\u00e9olien : une politique inutile et ruineuse pour la France<\/a><font color=\"0D1152\">  tribune de Patrice Cahart, l&rsquo;Opinion du 25 mai 2021<\/font><\/p>\n<p>\u2666 <a href=\"https:\/\/leshurleventsduseudre.fr\/wp-content\/uploads\/2021\/05\/S-Bern.png\" target=\"_blank\" rel=\"noopener\">Madame Pompili, les \u00e9oliennes sont une n\u00e9gation de l&rsquo;\u00e9cologie !<\/a><font color=\"0D1152\"> St\u00e9phane Bern, Le Figaro mai 2021<\/font><\/p>\n<p>\u2666 <a href=\"https:\/\/leshurleventsduseudre.fr\/wp-content\/uploads\/2021\/06\/stephane-berne-contre-les-eoliennes.pdf\" target=\"_blank\" rel=\"noopener\">Pr\u00e9sentation de l&rsquo;article de St\u00e9phane Bern<\/a><font color=\"0D1152\"> mai 2021<\/font><\/p>\n<p>\u2666 <a href=\"https:\/\/leshurleventsduseudre.fr\/wp-content\/uploads\/2021\/05\/Image-17-5-21.jpg\" target=\"_blank\" rel=\"noopener\">Vent debout contre les \u00e9oliennes :<\/a><font color=\"0D1152\">  Fr\u00e9d\u00e9ric Zabalza, Sud-Ouest 17 mai 2021<\/font><\/p>\n<p>\u2666 <a href=\"https:\/\/leshurleventsduseudre.fr\/wp-content\/uploads\/2021\/05\/IMG_1437.pdf\" target=\"_blank\" rel=\"noopener\">Les a\u00eeles de la discorde : <\/a><font color=\"0D1152\"> Laurent Theillet et Michel Faure, Jean-Denis Renard, Jonathan Gu\u00e9rin, Dominique Richard, Sud-Ouest, le 9 mai 2021<\/font><\/p>\n<p>\u2666 <a href=\"https:\/\/www.lepoint.fr\/economie\/l-eolien-est-une-energie-nocive-08-05-2021-2425520_28.php\" target=\"_blank\" rel=\"noopener\">L&rsquo;\u00e9olien est une \u00e9nergie nocive :<\/a><font color=\"0D1152\">  Michel Revol, le Point 8 mai 2021<\/font><\/p>\n<p>\u2666 <a href=\"https:\/\/leshurleventsduseudre.fr\/wp-content\/uploads\/2021\/04\/20210420_APFA89-CP-VF.pdf\" target=\"_blank\" rel=\"noopener\">Eoliennes : refus, n\u00e9gociations, d\u00e9sillusions<\/a><font color=\"0D1152\"> FED, le 23 avril 2021<\/font><\/p>\n<p>\u2666 <a href=\"https:\/\/leshurleventsduseudre.fr\/wp-content\/uploads\/2021\/04\/CPFED-impot-foncier-Vf.pdf\" target=\"_blank\" rel=\"noopener\">Les \u00e9oliennes entra\u00eenent la baisse de l&rsquo;imp\u00f4t foncier : <\/a><font color=\"0D1152\"> Communiqu\u00e9 de presse de la FED du 20 avril 2021<\/font><\/p>\n<p>\u2666 <a href=\"https:\/\/www.contrepoints.org\/2021\/04\/19\/395614-eoliennes-une-energie-illegitime?utm_source=Newsletter+Contrepoints&amp;utm_campaign=a97d448832-Newsletter_auto_Mailchimp&amp;utm_medium=email&amp;utm_term=0_865f2d37b0-a97d448832-113977041&amp;mc_cid=a97d448832&amp;mc_eid=4982cf332f\" target=\"_blank\" rel=\"noopener\">Eoliennes : une \u00e9nergie ill\u00e9gitime :<\/a><font color=\"0D1152\"> Florient Ly-Machabert, pour Action Ecologie le 19 avril 2021<\/font><\/p>\n<p>\u2666 <a href=\"https:\/\/fr.irefeurope.org\/Publications\/Articles\/article\/Les-eoliennes-un-gouffre-financier-et-un-desastre-ecologique\" target=\"_blank\" rel=\"noopener\">Les \u00e9oliennes : un gouffre financier et un d\u00e9sastre \u00e9cologique :<\/a><font color=\"0D1152\"> Aymeric Belaud, IREF le 18 avril 2021<\/font><\/p>\n<p>\u2666 <a href=\"https:\/\/leshurleventsduseudre.fr\/wp-content\/uploads\/2021\/04\/Leolien-ds-le-viseur-10-4-21.jpg\" target=\"_blank\" rel=\"noopener\">L&rsquo;\u20acolien dans le viseur :<\/a><font color=\"0D1152\"> S\u00e9bastien Lahalle, Sud-Ouest du 10 avril 2021<\/font><\/p>\n<p>\u2666 <a href=\"https:\/\/leshurleventsduseudre.fr\/wp-content\/uploads\/2021\/04\/HAUTE-SAINTONGE-2-AVRIL.pdf\" target=\"_blank\" rel=\"noopener\">Un vent de contestation en Haute Saintonge :<\/a><font color=\"0D1152\"> Cheyenne Tyrakowski, Haute-Saintonge du 2 avril 2021<\/font><\/p>\n<p>\u2666 <a href=\"https:\/\/leshurleventsduseudre.fr\/wp-content\/uploads\/2021\/04\/ACTION-ECOLOGIE-EOLIENNE.pdf\" target=\"_blank\" rel=\"noopener\">Le dossier complet sur les \u00e9oliennes :<\/a><font color=\"0D1152\"> d&rsquo;Action-Ecologie, avril 2021<\/font><\/p>\n<p>\u2666 <a href=\"https:\/\/leshurleventsduseudre.fr\/wp-content\/uploads\/2021\/04\/figaro-27-28-mars.pdf\" target=\"_blank\" rel=\"noopener\">Dossier sur l&rsquo;\u20acolien :<\/a><font color=\"0D1152\"> Le Figaro des 27 et 28 mars 2021<\/font><\/p>\n<p>\u2666 <a href=\"https:\/\/france3-regions.francetvinfo.fr\/nouvelle-aquitaine\/charente\/eolien-en-charente-hiesse-dit-non-1977709.html\" target=\"_blank\" rel=\"noopener\">L&rsquo;\u00e9olien en Charente :<\/a><font color=\"0D1152\">  France 3, Nouvelle-Aquitaine, le 24 mars 2021<\/font><\/p>\n<p>\u2666 <a href=\"https:\/\/leshurleventsduseudre.fr\/wp-content\/uploads\/2021\/04\/sud-ouest.jpg\" target=\"_blank\" rel=\"noopener\">Un collectif de riverains s&rsquo;oppose au projet \u20acolien :<\/a><font color=\"0D1152\"> S\u00e9bastien Lahalle, Sud-Ouest du 19 mars 2021<\/font><\/p>\n<p>\u2666 <a href=\"https:\/\/leshurleventsduseudre.fr\/wp-content\/uploads\/2021\/04\/article-journal.jpg\" target=\"_blank\" rel=\"noopener\">Les hurle-Vents du Seudre continuent de se mobiliser contre les \u20acoliennes :<\/a><font color=\"0D1152\"> Cheyenne Tyrakowski, Haute-Saintonge du 22 janvier 2021<\/font><\/p>\n<p>\u2666 <a href=\"https:\/\/leshurleventsduseudre.fr\/wp-content\/uploads\/2021\/04\/article-journal-solair.jpg\" target=\"_blank\" rel=\"noopener\">Des panneaux solaires en alternative aux \u20acoliennes :<\/a><font color=\"0D1152\"> Audrey Schoettel, l&rsquo;hebdo de Charente-Maritime du 31 d\u00e9cembre 2020<\/font><\/p>\n<p>\u2666 <a href=\"https:\/\/leshurleventsduseudre.fr\/wp-content\/uploads\/2021\/04\/sud-ouest-171220-scaled.jpg\" target=\"_blank\" rel=\"noopener\">Les \u20acoliennes font lever les mains au ciel :<\/a><font color=\"0D1152\"> Armand Berthom\u00e9, Sud-Ouest du 17 d\u00e9cembre 2020<\/font><\/p>\n<p>\u2666 <a href=\"https:\/\/leshurleventsduseudre.fr\/wp-content\/uploads\/2021\/04\/article-sud-ouest-9122020\" target=\"_blank\" rel=\"noopener\">\u20acoliennes : la crainte d&rsquo;un encerclement \u00e0 La Rochelle :<\/a><font color=\"0D1152\"> Alain Babaud, Sud-Ouest du 9 d\u00e9cembre 2020<\/font><\/p>\n","protected":false},"excerpt":{"rendered":"<p>NOTRE REVUE DE PRESSE \u2666 Un projet d\u00e9grad\u00e9, une ambition \u00e9olienne qui ne tourne pas tr\u00e8s rond Yannick Picard, Sud-Ouest novembre 2024 \u2666 Le projet \u00e9olien ne passe toujours pas S\u00e9bastien Lahalle, Sud-Ouest ao\u00fbt 2023. \u2666 Eoliennes en Aunis : le paysage au coeur de la bataille. David Briand, Sud-Ouest 31 mai 2023. \u2666 Plaine [&hellip;]<\/p>\n","protected":false},"author":1,"featured_media":0,"parent":0,"menu_order":0,"comment_status":"closed","ping_status":"closed","template":"","meta":{"footnotes":""},"class_list":["post-541","page","type-page","status-publish","hentry"],"_links":{"self":[{"href":"https:\/\/leshurleventsduseudre.fr\/index.php?rest_route=\/wp\/v2\/pages\/541","targetHints":{"allow":["GET"]}}],"collection":[{"href":"https:\/\/leshurleventsduseudre.fr\/index.php?rest_route=\/wp\/v2\/pages"}],"about":[{"href":"https:\/\/leshurleventsduseudre.fr\/index.php?rest_route=\/wp\/v2\/types\/page"}],"author":[{"embeddable":true,"href":"https:\/\/leshurleventsduseudre.fr\/index.php?rest_route=\/wp\/v2\/users\/1"}],"replies":[{"embeddable":true,"href":"https:\/\/leshurleventsduseudre.fr\/index.php?rest_route=%2Fwp%2Fv2%2Fcomments&post=541"}],"version-history":[{"count":83,"href":"https:\/\/leshurleventsduseudre.fr\/index.php?rest_route=\/wp\/v2\/pages\/541\/revisions"}],"predecessor-version":[{"id":3989,"href":"https:\/\/leshurleventsduseudre.fr\/index.php?rest_route=\/wp\/v2\/pages\/541\/revisions\/3989"}],"wp:attachment":[{"href":"https:\/\/leshurleventsduseudre.fr\/index.php?rest_route=%2Fwp%2Fv2%2Fmedia&parent=541"}],"curies":[{"name":"wp","href":"https:\/\/api.w.org\/{rel}","templated":true}]}}