{"id":4508,"date":"2026-05-01T22:05:04","date_gmt":"2026-05-01T20:05:04","guid":{"rendered":"https:\/\/leshurleventsduseudre.fr\/?page_id=4508"},"modified":"2026-05-01T22:08:02","modified_gmt":"2026-05-01T20:08:02","slug":"4508-2","status":"publish","type":"page","link":"https:\/\/leshurleventsduseudre.fr\/?page_id=4508","title":{"rendered":"Place publique"},"content":{"rendered":"<p><font color=\"0D1152\"><b>PLACE PUBLIQUE<\/b><br \/>\nPeu de choses dans le programme de Place publique. En point 4, on peut lire :<br \/>\n\u00ab\u00a0Investir pour atteindre plus de 70 % d\u2019\u00e9nergies renouvelables \u2013 la moins ch\u00e8re \u2013 dans l\u2019\u00e9nergie consomm\u00e9e en Europe d\u2019ici \u00e0 2040, et r\u00e9pondre \u00e0 nos besoins \u00e9nerg\u00e9tiques.\u00a0\u00bb<\/p>\n","protected":false},"excerpt":{"rendered":"<p>PLACE PUBLIQUE Peu de choses dans le programme de Place publique. En point 4, on peut lire : \u00ab\u00a0Investir pour atteindre plus de 70 % d\u2019\u00e9nergies renouvelables \u2013 la moins ch\u00e8re \u2013 dans l\u2019\u00e9nergie consomm\u00e9e en Europe d\u2019ici \u00e0 2040, et r\u00e9pondre \u00e0 nos besoins \u00e9nerg\u00e9tiques.\u00a0\u00bb<\/p>\n","protected":false},"author":1,"featured_media":0,"parent":0,"menu_order":0,"comment_status":"closed","ping_status":"closed","template":"","meta":{"footnotes":""},"class_list":["post-4508","page","type-page","status-publish","hentry"],"_links":{"self":[{"href":"https:\/\/leshurleventsduseudre.fr\/index.php?rest_route=\/wp\/v2\/pages\/4508","targetHints":{"allow":["GET"]}}],"collection":[{"href":"https:\/\/leshurleventsduseudre.fr\/index.php?rest_route=\/wp\/v2\/pages"}],"about":[{"href":"https:\/\/leshurleventsduseudre.fr\/index.php?rest_route=\/wp\/v2\/types\/page"}],"author":[{"embeddable":true,"href":"https:\/\/leshurleventsduseudre.fr\/index.php?rest_route=\/wp\/v2\/users\/1"}],"replies":[{"embeddable":true,"href":"https:\/\/leshurleventsduseudre.fr\/index.php?rest_route=%2Fwp%2Fv2%2Fcomments&post=4508"}],"version-history":[{"count":4,"href":"https:\/\/leshurleventsduseudre.fr\/index.php?rest_route=\/wp\/v2\/pages\/4508\/revisions"}],"predecessor-version":[{"id":4515,"href":"https:\/\/leshurleventsduseudre.fr\/index.php?rest_route=\/wp\/v2\/pages\/4508\/revisions\/4515"}],"wp:attachment":[{"href":"https:\/\/leshurleventsduseudre.fr\/index.php?rest_route=%2Fwp%2Fv2%2Fmedia&parent=4508"}],"curies":[{"name":"wp","href":"https:\/\/api.w.org\/{rel}","templated":true}]}}