{"id":4411,"date":"2026-03-24T20:42:35","date_gmt":"2026-03-24T19:42:35","guid":{"rendered":"https:\/\/leshurleventsduseudre.fr\/?page_id=4411"},"modified":"2026-04-08T13:24:49","modified_gmt":"2026-04-08T11:24:49","slug":"z-les-elus-de-la-commune-de-tartampion-sur-charente","status":"publish","type":"page","link":"https:\/\/leshurleventsduseudre.fr\/?page_id=4411","title":{"rendered":"Z-Les \u00e9lus de la commune de Tartampion sur Charente"},"content":{"rendered":"<p><font color=\"0d1152\"><b> Pages r\u00e9serv\u00e9es aux \u00e9lus de la commune de Tartampion sur Charente<\/b><br \/>\nLe <a href=\"https:\/\/leshurleventsduseudre.fr\/?page_id=4429\" target=\"_blank\" rel=\"noopener\">calendrier<\/a><br \/>\nLes <a href=\"https:\/\/leshurleventsduseudre.fr\/?page_id=4419\" target=\"_blank\" rel=\"noopener\">d\u00e9lib\u00e9rations<\/a> municipales<br \/>\nLes <a href=\"https:\/\/leshurleventsduseudre.fr\/?page_id=4423\" target=\"_blank\" rel=\"noopener\">comptes-rendus<\/a> des commissions et des groupes de travail<br \/>\nLes <a href=\"https:\/\/leshurleventsduseudre.fr\/?page_id=4425\" target=\"_blank\" rel=\"noopener\">fiches<\/a>  d&rsquo;information<br \/>\nLes <a href=\"https:\/\/leshurleventsduseudre.fr\/?page_id=4461\" target=\"_blank\" rel=\"noopener\">missions<\/a><br \/>\nLe site de <a href=\"https:\/\/www.saintfortsurgironde.fr\/\" target=\"_blank\" rel=\"noopener\">Saint-Fort-sur-Gironde<\/a><br \/>\nLa <a href=\"https:\/\/www.haute-saintonge.org\/accueil-cdchs\" target=\"_blank\" rel=\"noopener\">Communaut\u00e9<\/a> des communes<\/font><\/p>\n<p\/>\n","protected":false},"excerpt":{"rendered":"<p>Pages r\u00e9serv\u00e9es aux \u00e9lus de la commune de Tartampion sur Charente Le calendrier Les d\u00e9lib\u00e9rations municipales Les comptes-rendus des commissions et des groupes de travail Les fiches d&rsquo;information Les missions Le site de Saint-Fort-sur-Gironde La Communaut\u00e9 des communes<\/p>\n","protected":false},"author":1,"featured_media":0,"parent":0,"menu_order":0,"comment_status":"closed","ping_status":"closed","template":"","meta":{"footnotes":""},"class_list":["post-4411","page","type-page","status-publish","hentry"],"_links":{"self":[{"href":"https:\/\/leshurleventsduseudre.fr\/index.php?rest_route=\/wp\/v2\/pages\/4411","targetHints":{"allow":["GET"]}}],"collection":[{"href":"https:\/\/leshurleventsduseudre.fr\/index.php?rest_route=\/wp\/v2\/pages"}],"about":[{"href":"https:\/\/leshurleventsduseudre.fr\/index.php?rest_route=\/wp\/v2\/types\/page"}],"author":[{"embeddable":true,"href":"https:\/\/leshurleventsduseudre.fr\/index.php?rest_route=\/wp\/v2\/users\/1"}],"replies":[{"embeddable":true,"href":"https:\/\/leshurleventsduseudre.fr\/index.php?rest_route=%2Fwp%2Fv2%2Fcomments&post=4411"}],"version-history":[{"count":21,"href":"https:\/\/leshurleventsduseudre.fr\/index.php?rest_route=\/wp\/v2\/pages\/4411\/revisions"}],"predecessor-version":[{"id":4487,"href":"https:\/\/leshurleventsduseudre.fr\/index.php?rest_route=\/wp\/v2\/pages\/4411\/revisions\/4487"}],"wp:attachment":[{"href":"https:\/\/leshurleventsduseudre.fr\/index.php?rest_route=%2Fwp%2Fv2%2Fmedia&parent=4411"}],"curies":[{"name":"wp","href":"https:\/\/api.w.org\/{rel}","templated":true}]}}