{"id":4346,"date":"2025-06-14T06:35:39","date_gmt":"2025-06-14T04:35:39","guid":{"rendered":"https:\/\/leshurleventsduseudre.fr\/?page_id=4346"},"modified":"2025-06-14T06:46:42","modified_gmt":"2025-06-14T04:46:42","slug":"archives","status":"publish","type":"page","link":"https:\/\/leshurleventsduseudre.fr\/?page_id=4346","title":{"rendered":"Archives"},"content":{"rendered":"<p><font color=\"0d1152\"><strong>ARCHIVES<\/strong><\/font><\/p>\n<p><font color=\"0d1152\">\u2666 14-02-25 <a href=\"https:\/\/lespectacledumonde.fr\/economie\/un-rapport-explosif-dedf-amorce-la-fin-des-eoliennes-et-des-panneaux-solaires\/\" target=\"_blank\" rel=\"noopener\">Un rapport explosif d\u2019EDF amorce la fin des \u00e9oliennes et des panneaux solaires<\/a> publi\u00e9 par <i>Le spectacle du monde<\/i><\/font><\/p>\n<p><font color=\"0d1152\">\u2666 10-02-25 <a href=\"https:\/\/www.europeanscientist.com\/fr\/opinion\/eoliennes-europeennes-la-fin-dune-epoque\/\" target=\"_blank\" rel=\"noopener\">Eoliennes europ\u00e9ennes : la fin d&rsquo;une \u00e9poque<\/a> publi\u00e9 par <i>European scientist<\/i><\/font><\/p>\n","protected":false},"excerpt":{"rendered":"<p>ARCHIVES \u2666 14-02-25 Un rapport explosif d\u2019EDF amorce la fin des \u00e9oliennes et des panneaux solaires publi\u00e9 par Le spectacle du monde \u2666 10-02-25 Eoliennes europ\u00e9ennes : la fin d&rsquo;une \u00e9poque publi\u00e9 par European scientist<\/p>\n","protected":false},"author":1,"featured_media":0,"parent":0,"menu_order":0,"comment_status":"closed","ping_status":"closed","template":"","meta":{"footnotes":""},"class_list":["post-4346","page","type-page","status-publish","hentry"],"_links":{"self":[{"href":"https:\/\/leshurleventsduseudre.fr\/index.php?rest_route=\/wp\/v2\/pages\/4346","targetHints":{"allow":["GET"]}}],"collection":[{"href":"https:\/\/leshurleventsduseudre.fr\/index.php?rest_route=\/wp\/v2\/pages"}],"about":[{"href":"https:\/\/leshurleventsduseudre.fr\/index.php?rest_route=\/wp\/v2\/types\/page"}],"author":[{"embeddable":true,"href":"https:\/\/leshurleventsduseudre.fr\/index.php?rest_route=\/wp\/v2\/users\/1"}],"replies":[{"embeddable":true,"href":"https:\/\/leshurleventsduseudre.fr\/index.php?rest_route=%2Fwp%2Fv2%2Fcomments&post=4346"}],"version-history":[{"count":6,"href":"https:\/\/leshurleventsduseudre.fr\/index.php?rest_route=\/wp\/v2\/pages\/4346\/revisions"}],"predecessor-version":[{"id":4357,"href":"https:\/\/leshurleventsduseudre.fr\/index.php?rest_route=\/wp\/v2\/pages\/4346\/revisions\/4357"}],"wp:attachment":[{"href":"https:\/\/leshurleventsduseudre.fr\/index.php?rest_route=%2Fwp%2Fv2%2Fmedia&parent=4346"}],"curies":[{"name":"wp","href":"https:\/\/api.w.org\/{rel}","templated":true}]}}