{"id":4157,"date":"2025-02-13T13:18:03","date_gmt":"2025-02-13T12:18:03","guid":{"rendered":"https:\/\/leshurleventsduseudre.fr\/?page_id=4157"},"modified":"2025-02-13T13:42:42","modified_gmt":"2025-02-13T12:42:42","slug":"permanences-du-commissaire-enqueteur","status":"publish","type":"page","link":"https:\/\/leshurleventsduseudre.fr\/?page_id=4157","title":{"rendered":"Permanences du commissaire enqu\u00eateur"},"content":{"rendered":"<p><font color=\"0d1152\">Le commissaire enqu\u00eateur recevra le public, \u00e0 la mairie de Saint-Germain-du-Seudre, de 14 h \u00e0 17 h aux dates suivantes :<br \/>\nLe mardi 25 mars, le mardi 1er avril, le jeudi 10 avril, le vendredi 18 avril, le mardi 22 avril.<br \/>\nLa derni\u00e8re permanence aura lieu le vendredi 25 avril de 14 h 30 \u00e0 18 h.<\/div>\n","protected":false},"excerpt":{"rendered":"<p>Le commissaire enqu\u00eateur recevra le public, \u00e0 la mairie de Saint-Germain-du-Seudre, de 14 h \u00e0 17 h aux dates suivantes : Le mardi 25 mars, le mardi 1er avril, le jeudi 10 avril, le vendredi 18 avril, le mardi 22 avril. La derni\u00e8re permanence aura lieu le vendredi 25 avril de 14 h 30 \u00e0 [&hellip;]<\/p>\n","protected":false},"author":1,"featured_media":0,"parent":0,"menu_order":0,"comment_status":"closed","ping_status":"closed","template":"","meta":{"footnotes":""},"class_list":["post-4157","page","type-page","status-publish","hentry"],"_links":{"self":[{"href":"https:\/\/leshurleventsduseudre.fr\/index.php?rest_route=\/wp\/v2\/pages\/4157","targetHints":{"allow":["GET"]}}],"collection":[{"href":"https:\/\/leshurleventsduseudre.fr\/index.php?rest_route=\/wp\/v2\/pages"}],"about":[{"href":"https:\/\/leshurleventsduseudre.fr\/index.php?rest_route=\/wp\/v2\/types\/page"}],"author":[{"embeddable":true,"href":"https:\/\/leshurleventsduseudre.fr\/index.php?rest_route=\/wp\/v2\/users\/1"}],"replies":[{"embeddable":true,"href":"https:\/\/leshurleventsduseudre.fr\/index.php?rest_route=%2Fwp%2Fv2%2Fcomments&post=4157"}],"version-history":[{"count":6,"href":"https:\/\/leshurleventsduseudre.fr\/index.php?rest_route=\/wp\/v2\/pages\/4157\/revisions"}],"predecessor-version":[{"id":4173,"href":"https:\/\/leshurleventsduseudre.fr\/index.php?rest_route=\/wp\/v2\/pages\/4157\/revisions\/4173"}],"wp:attachment":[{"href":"https:\/\/leshurleventsduseudre.fr\/index.php?rest_route=%2Fwp%2Fv2%2Fmedia&parent=4157"}],"curies":[{"name":"wp","href":"https:\/\/api.w.org\/{rel}","templated":true}]}}