{"id":3875,"date":"2024-11-27T15:17:25","date_gmt":"2024-11-27T14:17:25","guid":{"rendered":"https:\/\/leshurleventsduseudre.fr\/?page_id=3875"},"modified":"2024-12-21T21:52:39","modified_gmt":"2024-12-21T20:52:39","slug":"les-membres-du-bureau","status":"publish","type":"page","link":"https:\/\/leshurleventsduseudre.fr\/?page_id=3875","title":{"rendered":"Les membres du bureau"},"content":{"rendered":"<p><font color=\"0d1152\"><u><b>Les membres du bureau<\/b><\/u> :<br \/>\n<u>Pr\u00e9sident<\/u> : Dominique Fleuret &#8211; T\u00e9l : 06.13.80.63.93 &#8211; fleuretdominique@gmail.com<br \/>\n<u>Vice-pr\u00e9sident<\/u> : Marc Lassus<br \/>\n<u>Tr\u00e9sorier<\/u> : Sylvain Fleury<br \/>\n<u>Tr\u00e9sori\u00e8re adjointe<\/u> : Annie Bouyer<br \/>\n<u>Secr\u00e9taire<\/u> : Daniel Spoel<br \/>\n<u>Secr\u00e9taire adjoint<\/u> : Damien Ragonneau<br \/>\net Jean-Louis Bouyer, Vincent Courtois, Laurence Innocenti, Michelle Spoel, Patrick Villeneuve.<\/font><\/p>\n<p><font color=\"0d1152\"><u>Adresse de l&rsquo;association<\/u> : 11 rue de chez Barr\u00e9, 17240 Saint-Germain-du-Seudre.<\/font><\/p>\n<p><font color=\"0d1152\"><u>Adresse \u00e9lectronique<\/u> : asso.secretariat@hurleventsduseudre.org<\/font><\/p>\n","protected":false},"excerpt":{"rendered":"<p>Les membres du bureau : Pr\u00e9sident : Dominique Fleuret &#8211; T\u00e9l : 06.13.80.63.93 &#8211; fleuretdominique@gmail.com Vice-pr\u00e9sident : Marc Lassus Tr\u00e9sorier : Sylvain Fleury Tr\u00e9sori\u00e8re adjointe : Annie Bouyer Secr\u00e9taire : Daniel Spoel Secr\u00e9taire adjoint : Damien Ragonneau et Jean-Louis Bouyer, Vincent Courtois, Laurence Innocenti, Michelle Spoel, Patrick Villeneuve. Adresse de l&rsquo;association : 11 rue de [&hellip;]<\/p>\n","protected":false},"author":1,"featured_media":0,"parent":0,"menu_order":0,"comment_status":"closed","ping_status":"closed","template":"","meta":{"footnotes":""},"class_list":["post-3875","page","type-page","status-publish","hentry"],"_links":{"self":[{"href":"https:\/\/leshurleventsduseudre.fr\/index.php?rest_route=\/wp\/v2\/pages\/3875","targetHints":{"allow":["GET"]}}],"collection":[{"href":"https:\/\/leshurleventsduseudre.fr\/index.php?rest_route=\/wp\/v2\/pages"}],"about":[{"href":"https:\/\/leshurleventsduseudre.fr\/index.php?rest_route=\/wp\/v2\/types\/page"}],"author":[{"embeddable":true,"href":"https:\/\/leshurleventsduseudre.fr\/index.php?rest_route=\/wp\/v2\/users\/1"}],"replies":[{"embeddable":true,"href":"https:\/\/leshurleventsduseudre.fr\/index.php?rest_route=%2Fwp%2Fv2%2Fcomments&post=3875"}],"version-history":[{"count":12,"href":"https:\/\/leshurleventsduseudre.fr\/index.php?rest_route=\/wp\/v2\/pages\/3875\/revisions"}],"predecessor-version":[{"id":4114,"href":"https:\/\/leshurleventsduseudre.fr\/index.php?rest_route=\/wp\/v2\/pages\/3875\/revisions\/4114"}],"wp:attachment":[{"href":"https:\/\/leshurleventsduseudre.fr\/index.php?rest_route=%2Fwp%2Fv2%2Fmedia&parent=3875"}],"curies":[{"name":"wp","href":"https:\/\/api.w.org\/{rel}","templated":true}]}}