{"id":3799,"date":"2024-11-11T20:35:41","date_gmt":"2024-11-11T19:35:41","guid":{"rendered":"https:\/\/leshurleventsduseudre.fr\/?page_id=3799"},"modified":"2026-04-25T19:26:15","modified_gmt":"2026-04-25T17:26:15","slug":"les-publications-de-la-fed","status":"publish","type":"page","link":"https:\/\/leshurleventsduseudre.fr\/?page_id=3799","title":{"rendered":"Les publications de la FED"},"content":{"rendered":"<p><font color=\"0d1152\"><strong>Les publications de la F\u00e9d\u00e9ration Environnement Durable<\/strong><\/font><\/p>\n<p><font color=\"0D1152\">25-4-26 : <a href=\"https:\/\/eolien.info\/index.php?page=acymailing_front&#038;ctrl=archive&#038;task=view&#038;id=29&#038;userid=726-bxagPNyK0gXL7n&#038;noheader=1&#038;noheader=1\" target=\"_blank\" rel=\"noopener\">\u00c9olien en mer : la mobilisation se d\u00e9cha\u00eene sur toutes les c\u00f4tes fran\u00e7aises, le pouvoir r\u00e9pond par la force<\/a><\/font><\/p>\n<p><font color=\"0D1152\">2-4-26 : <a href=\"https:\/\/fedinfo3.fr\/index.php?page=acymailing_front&#038;ctrl=archive&#038;task=view&#038;id=43&#038;userid=733-NYCXezK71aQ6e3&#038;noheader=1&#038;noheader=1\" target=\"_blank\" rel=\"noopener\">\u00c9olien offshore : le grand mensonge d\u2019\u00c9tat sur l\u2019\u00e9quivalence nucl\u00e9aire<\/a><\/font><\/p>\n<p><font color=\"0D1152\">1-4-26 : <a href=\"https:\/\/energiesnouvelles.info\/energiesnouvellesinfo1\/index.php\/component\/acym\/archive\/422-eolien-offshore-la-question-de-la-securite-du-territoire-posee-par-des-impacts-encore-mal-maitrises?userid=174377-tFx5aZWNSeKl99&#038;tmpl=component\" target=\"_blank\" rel=\"noopener\">\u00c9olien offshore : la question de la s\u00e9curit\u00e9 du territoire pos\u00e9e par des impacts encore mal ma\u00eetris\u00e9s<\/a><\/font><\/p>\n<p><font color=\"0D1152\">5-1-26 : <a href=\"https:\/\/fedeol.fr\/index.php\/component\/acym\/archive\/32-lonu-alerte-sur-le-cout-reel-du-solaire-et-de-leolien?userid=15190-XfujGM5HdLktdZ&#038;tmpl=component\" target=\"_blank\" rel=\"noopener\">L&rsquo;ONU alerte sur le co\u00fbt r\u00e9el du solaire et de l&rsquo;\u00e9olien<\/a><\/font><\/p>\n<p><font color=\"0D1152\">10-12-25 : <a href=\"https:\/\/environnementdurable.fr\/environnementdurablefr\/index.php\/component\/acym\/archive\/281-dix-ans-de-mensonges-rte-reconnait-enfin-limpasse-energetique-francaise?userid=518392-6SeNgXymDONniz&#038;tmpl=component\" target=\"_blank\" rel=\"noopener\">DIX ANS DE MENSONGES : RTE RECONNA\u00ceT ENFIN L\u2019IMPASSE \u00c9NERG\u00c9TIQUE FRAN\u00c7AISE<\/a><\/font><\/p>\n<p><font color=\"0D1152\">25-6-25 : <a href=\"https:\/\/eolinfo.fr\/index.php\/component\/acym\/archive\/219-assemblee-nationale-a-approuve-jeudi-un-moratoire-sur-le-developpement-de-nouvelles-installations-eoliennes-et-photovoltaiques?userid=19972-g4lda0ysAWdeLu&#038;tmpl=component\" target=\"_blank\" rel=\"noopener\">L&rsquo;Assembl\u00e9e nationale a approuv\u00e9 jeudi un moratoire sur le d\u00e9veloppement de nouvelles installations \u00e9oliennes et photovolta\u00efques<\/a><\/font><\/p>\n<p><font color=\"0D1152\">14-6-25 : <a href=\"https:\/\/eolinfo.fr\/index.php\/component\/acym\/archive\/215-eoliennes-agrivoltaique-convergence-des-luttes-chez-les-marins-pecheurs-et-les-agriculteurs?userid=60510-qiFkKC6yOi0sSw&#038;tmpl=component\" target=\"_blank\" rel=\"noopener\">Eoliennes, agrivolta\u00efque\u2026 Convergence des luttes chez les marins-p\u00eacheurs et les agriculteurs<\/a><\/font><\/p>\n<p><font color=\"0D1152\">12-6-25 : <a href=\"https:\/\/cmeol.info\/cmeol\/index.php\/component\/acym\/archive\/421-avec-la-programmation-pluriannuelle-de-lenergie-ce-sont-encore-les-gueux-qui-vont-payer?userid=290222-Ou9KrWXGtWZFRy&#038;tmpl=component\" target=\"_blank\" rel=\"noopener\">Avec la programmation pluriannuelle de l\u2019\u00e9nergie, ce sont encore les gueux qui vont payer<\/a><\/font><\/p>\n<p><font color=\"0D1152\">19-5-25 : <a href=\"https:\/\/energiesnouvelles.info\/energiesnouvellesinfo1\/index.php\/component\/acym\/archive\/345-pas-de-soleil-pas-de-vent-pas-de-courant?userid=174377-tFx5aZWNSeKl99&#038;tmpl=component\" target=\"_blank\" rel=\"noopener\">Pas de soleil, pas de vent\u2026 pas de courant<\/a><\/font><\/p>\n<p><font color=\"0D1152\">5-5-25 : <a href=\"https:\/\/environnementdurable.fr\/environnementdurablefr\/index.php\/component\/acym\/archive\/233-ppe3-le-gouvernement-recule-les-avertissements-dont-ceux-de-la-fed-ont-ete-entendus?userid=17302-MEyMxLkO2nAko9&#038;tmpl=component\" target=\"_blank\" rel=\"noopener\">PPE3 le gouvernement recule : Les avertissements dont ceux de la FED ont \u00e9t\u00e9 entendus<\/a><\/font><\/p>\n<p><font color=\"0D1152\">26-4-25 : <a href=\"https:\/\/fedeol.fr\/index.php\/component\/acym\/archive\/225-le-scandale-ppe3-quand-letat-ruine-le-pays-au-nom-des-eoliennes-et-du-solaire?userid=68534-VBb1ukaimekVL8&#038;tmpl=component\" target=\"_blank\" rel=\"noopener\">Le scandale PPE3 : quand l\u2019\u00c9tat ruine le pays au nom des \u00e9oliennes et du solaire<\/a><\/font><\/p>\n<p><font color=\"0D1152\">22-4-25 : <a href=\"https:\/\/cmeol.info\/cmeol\/index.php\/component\/acym\/archive\/407-ppe3-le-constat-accablant-de-lacademie-des-sciences?userid=19062-JgDZmIgv99RbiR&#038;tmpl=component\" target=\"_blank\" rel=\"noopener\">PPE3 : le constat accablant de l\u2019Acad\u00e9mie des sciences<\/a><\/font><\/p>\n<p><font color=\"0D1152\">18-4-25 : <a href=\"https:\/\/fedeol.fr\/index.php\/component\/acym\/archive\/225-le-scandale-ppe3-quand-letat-ruine-le-pays-au-nom-des-eoliennes-et-du-solaire?userid=1717-toD65JeySSGelr&#038;tmpl=component\" target=\"_blank\" rel=\"noopener\">Le scandale PPE3 : quand l\u2019\u00c9tat ruine le pays au nom des \u00e9oliennes et du solaire<\/a><\/font><\/p>\n<p><font color=\"0D1152\">17-4-25 : <a href=\"https:\/\/eolinfo.fr\/index.php\/component\/acym\/archive\/211-le-reseau-electrique-au-bord-de-la-rupture-quand-la-ppe3-pousse-la-france-vers-le-black-out?userid=60510-qiFkKC6yOi0sSw&#038;tmpl=component\" target=\"_blank\" rel=\"noopener\">Le r\u00e9seau \u00e9lectrique au bord de la rupture : quand la PPE3 pousse la France vers le black-out<\/a><\/font><\/p>\n<p><font color=\"0D1152\">11-4-25 : <a href=\"https:\/\/eolinfo.org\/index.php\/component\/acym\/archive\/38-climat-la-finance-verte-prend-leau-les-banques-sautent-du-navire?userid=25939-zY2WAdlwM5FhGm&#038;tmpl=component\" target=\"_blank\" rel=\"noopener\">Climat : la finance verte prend l\u2019eau, les banques sautent du navire<\/a><\/font><\/p>\n<p><font color=\"0D1152\">4-4-25 : <a href=\"https:\/\/energiesnouvelles.info\/energiesnouvellesinfo1\/index.php\/component\/acym\/archive\/332-electricite-les-francais-vont-payer-deux-fois-la-fed-alerte-le-point-confirme?userid=174377-tFx5aZWNSeKl99&#038;tmpl=component\" target=\"_blank\" rel=\"noopener\">\u00c9lectricit\u00e9 : les Fran\u00e7ais vont payer deux fois. La FED alerte, Le Point confirme.<\/a><\/font><\/p>\n<p><font color=\"0D1152\">31-3-25 : <a href=\"https:\/\/cmeol.info\/cmeol\/index.php\/component\/acym\/archive\/402-les-parcs-eoliens-offshore-sont-une-menace-directe-pour-la-securite-du-territoire?userid=175779-PfXsfDr4AGIAwH&#038;tmpl=component\" target=\"_blank\" rel=\"noopener\">Les parcs \u00e9oliens offshore sont une menace directe pour la s\u00e9curit\u00e9 du territoire.<\/a><\/font><\/p>\n<p><font color=\"0D1152\">27-3-25 : <a href=\"https:\/\/energiesnouvelles.info\/energiesnouvellesinfo1\/index.php\/component\/acym\/archive\/326-non-a-la-ppe3-alerte-au-senat?userid=174377-tFx5aZWNSeKl99&#038;tmpl=component\" target=\"_blank\" rel=\"noopener\">Non \u00e0 la PPE3 : alerte au S\u00e9nat !<\/a><\/font><\/p>\n<p><font color=\"0D1152\">7-3-25 : <a href=\"https:\/\/fedeol.fr\/index.php\/component\/acym\/archive\/222-ademe-la-fed-a-saisi-la-justice-pour-manque-de-transparence-suite?userid=68534-VBb1ukaimekVL8&#038;tmpl=component\" target=\"_blank\" rel=\"noopener\">ADEME : la FED a saisi la justice pour manque de transparence (suite)<\/a><\/font><\/p>\n<p><font color=\"0D1152\">28-2-25 : <a href=\"https:\/\/eolinfo.org\/index.php\/component\/acym\/archive\/35-leurope-sous-electricite-alternative?userid=37115-EQGhn68HK6exwU&#038;tmpl=component\" target=\"_blank\" rel=\"noopener\">L&rsquo;Europe sous \u00e9lectricit\u00e9 alternative<\/a><\/font><\/p>\n<p><font color=\"0D1152\">21-2-25 : <a href=\"https:\/\/environnementdurable.org\/statistiques-electriques-rte-2024-anticommentaire-et-analyses-critiques\/\" target=\"_blank\" rel=\"noopener\">Statistiques \u00e9lectriques RTE 2024 \u2013 Anticommentaire et analyses critiques<\/a><\/font><\/p>\n<p><font color=\"0D1152\">19-2-25 : <a href=\"https:\/\/fedeol.fr\/index.php\/component\/acym\/archive\/218-requete-deposee-contre-lademe-pour-refus-de-transmission-des-donnees-sur-les-chiffres-du-co2-evite-par-leolien?userid=1717-toD65JeySSGelr&#038;tmpl=component\" target=\"_blank\" rel=\"noopener\">Requ\u00eate d\u00e9pos\u00e9e contre l&rsquo;ADEME pour refus de transmission des donn\u00e9es sur les chiffres du CO\u2082 \u00e9vit\u00e9 par l\u2019\u00e9olien<\/a><\/font><\/p>\n<p><font color=\"0D1152\">15-2-25 : <a href=\"https:\/\/cmeol.info\/cmeol\/index.php\/component\/acym\/archive\/394-surprofits-des-promoteurs-eoliens-lindecence-sans-limite-dun-scandale-detat?userid=1157-1R6LG2R20Dl0pg&#038;tmpl=component\" target=\"_blank\" rel=\"noopener\">Surprofits des promoteurs \u00e9oliens : l&rsquo;ind\u00e9cence sans limite d&rsquo;un scandale d&rsquo;Etat<\/a><\/font><\/p>\n<p><font color=\"0D1152\">13-2-25 : <a href=\"https:\/\/fedeol.fr\/index.php\/component\/acym\/archive\/217-la-programmation-pluriannuelle-de-lenergie-ppe3-sabotage-energetique-de-la-france?userid=1717-toD65JeySSGelr&#038;tmpl=component\" target=\"_blank\" rel=\"noopener\">La Programmation Pluriannuelle de l&rsquo;\u00c9nergie (PPE3) : Sabotage \u00c9nerg\u00e9tique de la France<\/a><\/font><\/p>\n<p><font color=\"0D1152\">11-2-25 : <a href=\"https:\/\/eolinfo.org\/index.php\/component\/acym\/archive\/35-leurope-sous-electricite-alternative?userid=25939-zY2WAdlwM5FhGm&#038;tmpl=component\" target=\"_blank\" rel=\"noopener\">L&rsquo;Europe sous \u00e9lectricit\u00e9 alternative<\/a><\/font><\/p>\n<p><font color=\"0D1152\">6-2-25 : <a href=\"https:\/\/energiesnouvelles.info\/energiesnouvellesinfo1\/index.php\/component\/acym\/archive\/316-declin-programme-quand-la-transition-energetique-sabote-lavenir-de-la-france?userid=174377-tFx5aZWNSeKl99&#038;tmpl=component\" target=\"_blank\" rel=\"noopener\">D\u00e9clin Programm\u00e9 : Quand la Transition \u00c9nerg\u00e9tique Sabote l\u2019Avenir de la France<\/a><\/font> <\/p>\n<p><font color=\"0D1152\">30-1-25 : <a href=\"https:\/\/eolinfo.org\/index.php\/component\/acym\/archive\/32-eolien-en-mer-et-zone-eolienne-bretagne-sud-suite-a-la-reunion-publique-du-7-janvier-2025-a-lorient-un-moratoire-simpose?userid=25939-zY2WAdlwM5FhGm&#038;tmpl=component\" target=\"_blank\" rel=\"noopener\">Eolien en mer et zone \u00e9olienne Bretagne Sud : Suite \u00e0 la r\u00e9union publique du 7 janvier 2025 \u00e0 Lorient, un moratoire s\u2019impose<\/a><\/font> <\/p>\n<p><font color=\"0D1152\">27-1-25 : <a href=\"https:\/\/environnementdurable.fr\/environnementdurablefr\/index.php\/component\/acym\/archive\/220-destruction-despeces-protegees-un-massacre-silencieux-orchestre-par-les-societes-eoliennes?userid=193364-Ios7Ilq9AsAMEZ&#038;tmpl=component\" target=\"_blank\" rel=\"noopener\">Destruction d\u2019esp\u00e8ces prot\u00e9g\u00e9es : un massacre silencieux orchestr\u00e9 par les soci\u00e9t\u00e9s \u00e9oliennes<\/a><\/font> <\/p>\n<p><font color=\"0D1152\">24-1-25 : <a href=\"https:\/\/fed-eolien.fr\/fedeolienfr\/index.php\/component\/acym\/archive\/113-jancovici-flingue-eolien-et-solaire?userid=1249-fmrCO1u64gQsoF&#038;tmpl=component\" target=\"_blank\" rel=\"noopener\">JANCOVICI \u00ab FLINGUE \u00bb EOLIEN ET SOLAIRE<\/a><\/font> <\/p>\n<p><font color=\"0D1152\">15-1-25 : <a href=\"https:\/\/cmeol.info\/cmeol\/index.php\/component\/acym\/archive\/390-de-quoi-se-mele-rte-le-gestionnaire-du-reseau-de-transport-delectricite-francais?userid=19062-JgDZmIgv99RbiR&#038;tmpl=component\" target=\"_blank\" rel=\"noopener\">De quoi se m\u00eale RTE, le gestionnaire du R\u00e9seau de Transport d&rsquo;Electricit\u00e9 fran\u00e7ais ?<\/a><\/font> <\/p>\n<p><font color=\"0D1152\">9-1-25 : <a href=\"https:\/\/environnementdurable.fr\/environnementdurablefr\/index.php\/component\/acym\/archive\/219-le-mecanisme-de-depense-publique-pour-lenergie-en-france-21-8-milliards-deuros-gaspilles?userid=155560-hqlo4jOIgqTr88&#038;tmpl=component\" target=\"_blank\" rel=\"noopener\">Le M\u00e9canisme de D\u00e9pense Publique pour l&rsquo;\u00c9nergie en France : 21,8 milliards d&rsquo;euros gaspill\u00e9s.<\/a><\/font> <\/p>\n<p><font color=\"0D1152\">2-1-25 : <a href=\"https:\/\/energiesnouvelles.info\/energiesnouvellesinfo1\/index.php\/component\/acym\/archive\/307-la-france-au-bord-du-gouffre-energetique-stop-a-lobsession-des-eoliennes-et-du-solaire-v?userid=174377-tFx5aZWNSeKl99&#038;tmpl=component\" target=\"_blank\" rel=\"noopener\">La France au bord du gouffre \u00e9nerg\u00e9tique : stop \u00e0 l&rsquo;obsession des \u00e9oliennes et du solaire.<\/a><\/font> <\/p>\n<p><font color=\"0D1152\">10-12-24 : <a href=\"https:\/\/cmeol.info\/cmeol\/index.php\/component\/acym\/archive\/381-la-programmation-pluriannuelle-de-lenergie-detournee-par-les-lobbies-des-energies-intermittentes-renouvelables-une-consultation-bafouee-adoptee-par-dessus-la-tete-du-parlement?userid=175779-PfXsfDr4AGIAwH&#038;tmpl=component\" target=\"_blank\" rel=\"noopener\">La programmation pluriannuelle d\u00e9tourn\u00e9e par les lobbies des \u00e9nergies intermittentes renouvelables.<\/a><\/font> <\/p>\n<p><font color=\"0D1152\">8-12-24 : <a href=\"https:\/\/environnementdurable.fr\/environnementdurablefr\/index.php\/component\/acym\/archive\/214-echec-des-eoliennes-lallemagne-la-grande-bretagne-et-le-danemark-en-crise?userid=193364-Ios7Ilq9AsAMEZ&#038;tmpl=component\" target=\"_blank\" rel=\"noopener\">Eches des \u00e9oliennes, l&rsquo;Allemagne, la Grande-Bretagne et le Danemark en crise.<\/a><\/font><\/p>\n<p><font color=\"0D1152\">2-12-24 : <a href=\"https:\/\/fedeol.fr\/index.php\/component\/acym\/archive\/208-petition-distance-minimale-de-1-000-metres-entre-eoliennes-et-habitations?userid=1717-toD65JeySSGelr&#038;tmpl=component\" target=\"_blank\" rel=\"noopener\">P\u00e9tition : distance \u00e9oliennes-habitations de 1000m.<\/a><\/font><\/p>\n<p><font color=\"0D1152\">1-12-24 : <a href=\"https:\/\/environnementdurable.fr\/environnementdurablefr\/index.php\/component\/acym\/archive\/213-eolien-champuygon-merci-de-participer-a-lenquete-publique?userid=155560-hqlo4jOIgqTr88&#038;tmpl=component\" target=\"_blank\" rel=\"noopener\">Champuygon : Merci de participer \u00e0 l&rsquo;enqu\u00eate publique.<\/a><\/font><\/p>\n<p><font color=\"0D1152\">30-11-24 : <a href=\"https:\/\/cmeol.info\/cmeol\/index.php\/component\/acym\/archive\/372-energie-en-allemagne-la-grande-desillusion?userid=175779-PfXsfDr4AGIAwH&#038;tmpl=component\" target=\"_blank\" rel=\"noopener\">Energie en Allemagne : la grande d\u00e9sillusion.<\/a><\/font><\/p>\n<p><font color=\"0D1152\">24-11-24 : <a href=\"https:\/\/cmeol.info\/cmeol\/index.php\/component\/acym\/archive\/369-consultation-programmation-pluriannuelle-de-lenergie-ppe3?userid=175779-PfXsfDr4AGIAwH&#038;tmpl=component\" target=\"_blank\" rel=\"noopener\">Consultation Programmation Pluriannuelle de l&rsquo;\u00e9nergie (PPE3).<\/a><\/font> <\/p>\n<p><font color=\"0D1152\">13-11-24 : <a href=\"https:\/\/fedinfo3.fr\/fedinfo3\/index.php\/component\/acym\/archive\/34-une-tempete-populaire-contre-des-eoliennes-en-dordogne-ouest-france?userid=580-uElxZCDMDd4xbA&#038;tmpl=component\" target=\"_blank\" rel=\"noopener\">Une temp\u00eate populaire contre des \u00e9oliennes en Dordogne<\/a><\/font><\/p>\n<p><font color=\"0D1152\">11-11-24 : <a href=\"https:\/\/fed-eolien.fr\/fedeolieneu\/index.php\/component\/acym\/archive\/122-faut-il-continuer-a-deleguer-aux-promoteurs-eoliens-le-controle-acoustique-des-eoliennes?userid=965-iwT4FCVcqWRPMB&#038;tmpl=component\" target=\"_blank\" rel=\"noopener\">Faut-il continuer \u00e0 d\u00e9l\u00e9guer aux promoteurs \u00e9oliens le contr\u00f4le acoustique des \u00e9oliennes ?<\/a><\/font><\/p>\n<p><font color=\"0D1152\">5-11-24 : <a href=\"https:\/\/energiesnouvelles.info\/energiesnouvellesinfo1\/index.php\/component\/acym\/archive\/295-eoliennes-merci-de-participer-a-ces-deux-enquetes-publiques-dans-la-marne-et-dans-lyonne?userid=174377-tFx5aZWNSeKl99&#038;tmpl=component\" target=\"_blank\" rel=\"noopener\">Enqu\u00eates publiques dans la Marne et dans l&rsquo;Yonne<\/a>.<\/font><\/p>\n","protected":false},"excerpt":{"rendered":"<p>Les publications de la F\u00e9d\u00e9ration Environnement Durable 25-4-26 : \u00c9olien en mer : la mobilisation se d\u00e9cha\u00eene sur toutes les c\u00f4tes fran\u00e7aises, le pouvoir r\u00e9pond par la force 2-4-26 : \u00c9olien offshore : le grand mensonge d\u2019\u00c9tat sur l\u2019\u00e9quivalence nucl\u00e9aire 1-4-26 : \u00c9olien offshore : la question de la s\u00e9curit\u00e9 du territoire pos\u00e9e par des [&hellip;]<\/p>\n","protected":false},"author":1,"featured_media":0,"parent":0,"menu_order":0,"comment_status":"closed","ping_status":"closed","template":"","meta":{"footnotes":""},"class_list":["post-3799","page","type-page","status-publish","hentry"],"_links":{"self":[{"href":"https:\/\/leshurleventsduseudre.fr\/index.php?rest_route=\/wp\/v2\/pages\/3799","targetHints":{"allow":["GET"]}}],"collection":[{"href":"https:\/\/leshurleventsduseudre.fr\/index.php?rest_route=\/wp\/v2\/pages"}],"about":[{"href":"https:\/\/leshurleventsduseudre.fr\/index.php?rest_route=\/wp\/v2\/types\/page"}],"author":[{"embeddable":true,"href":"https:\/\/leshurleventsduseudre.fr\/index.php?rest_route=\/wp\/v2\/users\/1"}],"replies":[{"embeddable":true,"href":"https:\/\/leshurleventsduseudre.fr\/index.php?rest_route=%2Fwp%2Fv2%2Fcomments&post=3799"}],"version-history":[{"count":81,"href":"https:\/\/leshurleventsduseudre.fr\/index.php?rest_route=\/wp\/v2\/pages\/3799\/revisions"}],"predecessor-version":[{"id":4493,"href":"https:\/\/leshurleventsduseudre.fr\/index.php?rest_route=\/wp\/v2\/pages\/3799\/revisions\/4493"}],"wp:attachment":[{"href":"https:\/\/leshurleventsduseudre.fr\/index.php?rest_route=%2Fwp%2Fv2%2Fmedia&parent=3799"}],"curies":[{"name":"wp","href":"https:\/\/api.w.org\/{rel}","templated":true}]}}