{"id":3566,"date":"2024-02-04T20:46:12","date_gmt":"2024-02-04T19:46:12","guid":{"rendered":"https:\/\/leshurleventsduseudre.fr\/?page_id=3566"},"modified":"2026-03-24T20:43:01","modified_gmt":"2026-03-24T19:43:01","slug":"essai","status":"publish","type":"page","link":"https:\/\/leshurleventsduseudre.fr\/?page_id=3566","title":{"rendered":"Les d\u00e9cisions des communes"},"content":{"rendered":"<p><font color=\"0d1152\"><br \/>\n<b><u>Parc \u00e9olien des Charbonni\u00e8res \u00e0 Saint-Germain-du-Seudre<\/u> : d\u00e9cisions des communes alentour, des \u00e9lus locaux et des S\u00e9nateurs<\/b><a href=\"https:\/\/leshurleventsduseudre.fr\/?page_id=3284\" target=\"_blank\" rel=\"noopener\"> Daniel Laurent<\/a> et <a href=\"https:\/\/leshurleventsduseudre.fr\/?page_id=3329\" target=\"_blank\" rel=\"noopener\"> Corinne Imbert<\/a>.<br \/>\nD\u00e9lib\u00e9rations des Conseils municipaux, entre le 7\/7\/23 et le 12\/1\/24, <\/p>\n<table>\n<tr>\n<td>de <a href=\"https:\/\/leshurleventsduseudre.fr\/wp-content\/uploads\/2024\/02\/Delib.-Belluire.pdf\" target=\"_blank\" rel=\"noopener\">Belluire<\/a>,<\/td>\n<td>de <a href=\"https:\/\/leshurleventsduseudre.fr\/wp-content\/uploads\/2023\/08\/Deliberation-Bois.pdf\" target=\"_blank\" rel=\"noopener\">Bois<\/a>,<\/td>\n<td>de <a href=\"https:\/\/leshurleventsduseudre.fr\/wp-content\/uploads\/2023\/11\/Delib.-Brie-sous-Mortagne.pdf\" target=\"_blank\" rel=\"noopener\">Brie-sous-Mortagne 1<\/a>,<\/td>\n<td>de <a href=\"https:\/\/leshurleventsduseudre.fr\/wp-content\/uploads\/2023\/12\/Refus-servitude-projet-eolien.pdf\" target=\"_blank\" rel=\"noopener\">Brie-sous-Mortagne 2<\/a>,<\/td>\n<\/tr>\n<tr>\n<td>de <a href=\"https:\/\/leshurleventsduseudre.fr\/wp-content\/uploads\/2023\/09\/Boutenac-Touvent.pdf\" target=\"_blank\" rel=\"noopener\">Boutenac-Touvent<\/a>,<\/td>\n<td>de <a href=\"https:\/\/leshurleventsduseudre.fr\/wp-content\/uploads\/2023\/08\/Delib.-Champagnolles-21-08-23.pdf\" target=\"_blank\" rel=\"noopener\">Champagnolles<\/a>,<\/td>\n<td>de <a href=\"https:\/\/leshurleventsduseudre.fr\/wp-content\/uploads\/2024\/01\/Delib.-Cozes.pdf\" target=\"_blank\" rel=\"noopener\">Cozes<\/a>,<\/td>\n<td>de <a href=\"https:\/\/leshurleventsduseudre.fr\/wp-content\/uploads\/2023\/11\/Delib.-Cravans.pdf\" target=\"_blank\" rel=\"noopener\">Cravans<\/a>,<\/td>\n<\/tr>\n<tr>\n<td>de <a href=\"https:\/\/leshurleventsduseudre.fr\/wp-content\/uploads\/2024\/01\/Delib.-Epargnes.pdf\" target=\"_blank\" rel=\"noopener\">Epargnes<\/a>, <\/td>\n<td>de <a href=\"https:\/\/leshurleventsduseudre.fr\/wp-content\/uploads\/2023\/11\/Delib.-Floirac.pdf\" target=\"_blank\" rel=\"noopener\">Floirac<\/a>,<\/td>\n<td>de <a href=\"https:\/\/leshurleventsduseudre.fr\/wp-content\/uploads\/2023\/10\/Deliberation-Gemozac.pdf\" target=\"_blank\" rel=\"noopener\">Gemozac 1<\/a>, <\/td>\n<td>de <a href=\"https:\/\/leshurleventsduseudre.fr\/wp-content\/uploads\/2024\/02\/ZAER-Gemozac.pdf\" target=\"_blank\" rel=\"noopener\">Gemozac ZAER<\/a>, <\/td>\n<\/tr>\n<tr>\n<td>de <a href=\"https:\/\/leshurleventsduseudre.fr\/wp-content\/uploads\/2023\/08\/Deliberation-Givrezac.pdf\" target=\"_blank\" rel=\"noopener\">Givrezac<\/a>,<\/td>\n<td>de <a href=\"https:\/\/leshurleventsduseudre.fr\/wp-content\/uploads\/2023\/10\/Deliberation-Lorignac.pdf\" target=\"_blank\" rel=\"noopener\">Lorignac<\/a>,<\/td>\n<td>de <a href=\"https:\/\/leshurleventsduseudre.fr\/wp-content\/uploads\/2023\/11\/Delib.-Mazerolles.pdf\" target=\"_blank\" rel=\"noopener\">Mazerolles<\/a>,<\/td>\n<td>de <a href=\"https:\/\/leshurleventsduseudre.fr\/wp-content\/uploads\/2023\/10\/Montpellier-de-Medillan.pdf\" target=\"_blank\" rel=\"noopener\">Montpellier-de-M\u00e9dillan<\/a>,<\/td>\n<\/tr>\n<tr>\n<td>de <a href=\"https:\/\/leshurleventsduseudre.fr\/wp-content\/uploads\/2023\/09\/Mortagne.pdf\" target=\"_blank\" rel=\"noopener\">Mortagne sur Gironde<\/a>,<\/td>\n<td>de <a href=\"https:\/\/leshurleventsduseudre.fr\/wp-content\/uploads\/2023\/09\/Mosnac.pdf\" target=\"_blank\" rel=\"noopener\">Mosnac<\/a>,<\/td>\n<td>de <a href=\"https:\/\/leshurleventsduseudre.fr\/wp-content\/uploads\/2023\/09\/St-Andre-de-lidon.pdf\" target=\"_blank\" rel=\"noopener\">Saint-Andr\u00e9-de-Lidon<\/a>,<\/td>\n<td>de <a href=\"https:\/\/leshurleventsduseudre.fr\/wp-content\/uploads\/2023\/10\/Delib.-St-Ciers-du-taillon.pdf\" target=\"_blank\" rel=\"noopener\">Saint-Ciers-du-Taillon<\/a>,<\/td>\n<\/tr>\n<tr>\n<td>de <a href=\"https:\/\/leshurleventsduseudre.fr\/wp-content\/uploads\/2024\/01\/Delib.-St-Dizant-du-Gua.pdf\" target=\"_blank\" rel=\"noopener\">Saint-Dizant-du-Gua<\/a>,<\/td>\n<td>de <a href=\"https:\/\/leshurleventsduseudre.fr\/wp-content\/uploads\/2023\/08\/Deliberation-St-Fort-sur-Gironde.pdf\" target=\"_blank\" rel=\"noopener\">Saint-Fort-sur-Gironde<\/a>,<\/td>\n<td>de <a href=\"https:\/\/leshurleventsduseudre.fr\/wp-content\/uploads\/2023\/09\/St-Genis-de-Saintonge.pdf\" target=\"_blank\" rel=\"noopener\">Saint-Genis-de-Saintonge<\/a>,<\/td>\n<td>de <a href=\"https:\/\/leshurleventsduseudre.fr\/wp-content\/uploads\/2023\/10\/Deliberation-St-Germain.pdf\" target=\"_blank\" rel=\"noopener\">Saint-Germain-du-Seudre 1<\/a>,<\/td>\n<\/tr>\n<tr>\n<td>de <a href=\"https:\/\/leshurleventsduseudre.fr\/wp-content\/uploads\/2023\/11\/Delib.-St-Germain-2.pdf\" target=\"_blank\" rel=\"noopener\">Saint-Germain-du-Seudre 2<\/a>,<\/td>\n<td>de <a href=\"https:\/\/leshurleventsduseudre.fr\/wp-content\/uploads\/2023\/09\/St-Palais-de-Phiolin.pdf\" target=\"_blank\" rel=\"noopener\">Saint-Palais-de-Phiolin<\/a>,<\/td>\n<td>de <a href=\"https:\/\/leshurleventsduseudre.fr\/wp-content\/uploads\/2023\/11\/Delib.-St-Quantin-de-Rancannes.pdf\" target=\"_blank\" rel=\"noopener\">Saint-Quantin-de-Ran\u00e7annes<\/a>,<\/td>\n<td>de <a href=\"https:\/\/leshurleventsduseudre.fr\/wp-content\/uploads\/2024\/01\/Delib.-St-Thomas.pdf\" target=\"_blank\" rel=\"noopener\">Saint-Thomas-de-Conac<\/a>,<\/td>\n<\/tr>\n<tr>\n<td>de <a href=\"https:\/\/leshurleventsduseudre.fr\/wp-content\/uploads\/2024\/01\/Delib.-Ste-Ramee.pdf\" target=\"_blank\" rel=\"noopener\">Sainte-Ram\u00e9e<\/a>, <\/td>\n<td>de <a href=\"https:\/\/leshurleventsduseudre.fr\/wp-content\/uploads\/2023\/10\/Delib.-Thaims.pdf\" target=\"_blank\" rel=\"noopener\">Thaims<\/a>,<\/td>\n<td>de <a href=\"https:\/\/leshurleventsduseudre.fr\/wp-content\/uploads\/2023\/10\/Delib.-Villars-en-Pons.pdf\" target=\"_blank\" rel=\"noopener\">Villars-en-Pons<\/a>,<\/td>\n<td><a href=\"https:\/\/leshurleventsduseudre.fr\/?page_id=4411\" target=\"_blank\" rel=\"noopener\">et<\/a> de <a href=\"https:\/\/leshurleventsduseudre.fr\/wp-content\/uploads\/2023\/10\/Deliberation-Virollet.pdf\" target=\"_blank\" rel=\"noopener\">Virollet<\/a>.<\/td>\n<\/tr>\n<\/table>\n<p>Courriers des maires de <a href=\"https:\/\/leshurleventsduseudre.fr\/wp-content\/uploads\/2024\/01\/Courrier-Chenac-St-Seurin-dUzet.pdf\" target=\"_blank\" rel=\"noopener\">Chenac-Saint-Seurin-d&rsquo;Uzet<\/a>, de <a href=\"https:\/\/leshurleventsduseudre.fr\/wp-content\/uploads\/2023\/10\/Lettre-PONS.pdf\" target=\"_blank\" rel=\"noopener\">Pons<\/a> et de <a href=\"https:\/\/leshurleventsduseudre.fr\/?page_id=3334\" target=\"_blank\" rel=\"noopener\">Rioux<\/a>.<\/font><\/p>\n","protected":false},"excerpt":{"rendered":"<p>Parc \u00e9olien des Charbonni\u00e8res \u00e0 Saint-Germain-du-Seudre : d\u00e9cisions des communes alentour, des \u00e9lus locaux et des S\u00e9nateurs Daniel Laurent et Corinne Imbert. D\u00e9lib\u00e9rations des Conseils municipaux, entre le 7\/7\/23 et le 12\/1\/24, de Belluire, de Bois, de Brie-sous-Mortagne 1, de Brie-sous-Mortagne 2, de Boutenac-Touvent, de Champagnolles, de Cozes, de Cravans, de Epargnes, de Floirac, de [&hellip;]<\/p>\n","protected":false},"author":1,"featured_media":0,"parent":0,"menu_order":0,"comment_status":"closed","ping_status":"closed","template":"","meta":{"footnotes":""},"class_list":["post-3566","page","type-page","status-publish","hentry"],"_links":{"self":[{"href":"https:\/\/leshurleventsduseudre.fr\/index.php?rest_route=\/wp\/v2\/pages\/3566","targetHints":{"allow":["GET"]}}],"collection":[{"href":"https:\/\/leshurleventsduseudre.fr\/index.php?rest_route=\/wp\/v2\/pages"}],"about":[{"href":"https:\/\/leshurleventsduseudre.fr\/index.php?rest_route=\/wp\/v2\/types\/page"}],"author":[{"embeddable":true,"href":"https:\/\/leshurleventsduseudre.fr\/index.php?rest_route=\/wp\/v2\/users\/1"}],"replies":[{"embeddable":true,"href":"https:\/\/leshurleventsduseudre.fr\/index.php?rest_route=%2Fwp%2Fv2%2Fcomments&post=3566"}],"version-history":[{"count":49,"href":"https:\/\/leshurleventsduseudre.fr\/index.php?rest_route=\/wp\/v2\/pages\/3566\/revisions"}],"predecessor-version":[{"id":4413,"href":"https:\/\/leshurleventsduseudre.fr\/index.php?rest_route=\/wp\/v2\/pages\/3566\/revisions\/4413"}],"wp:attachment":[{"href":"https:\/\/leshurleventsduseudre.fr\/index.php?rest_route=%2Fwp%2Fv2%2Fmedia&parent=3566"}],"curies":[{"name":"wp","href":"https:\/\/api.w.org\/{rel}","templated":true}]}}