{"id":3329,"date":"2023-11-11T11:25:34","date_gmt":"2023-11-11T10:25:34","guid":{"rendered":"https:\/\/leshurleventsduseudre.fr\/?page_id=3329"},"modified":"2024-01-13T21:32:06","modified_gmt":"2024-01-13T20:32:06","slug":"senatrice-corinne-imbert","status":"publish","type":"page","link":"https:\/\/leshurleventsduseudre.fr\/?page_id=3329","title":{"rendered":"S\u00e9natrice Corinne Imbert"},"content":{"rendered":"<p><font color=\"0d1152\"><b>Courrier du 10 novembre 2023, de la S\u00e9natrice Corinne Imbert au Pr\u00e9sident de notre association<\/b><br \/>\nMonsieur le Pr\u00e9sident,<br \/>\nJ\u2019ai pris connaissance avec attention de votre message concernant le projet d\u2019installation de 2 \u00e9oliennes de 199,5 m de hauteur \u00e0 Saint-Germain-du-Seudre.<br \/>\nVous indiquez notamment que l\u2019ensemble des 35 conseils municipaux alentours sont contre le projet et que les 3 communaut\u00e9s de communes ont rendu un avis n\u00e9gatif.<br \/>\nComme mon coll\u00e8gue s\u00e9nateur Daniel LAURENT, je ne suis pas favorable \u00e0 l\u2019implantation d\u2019\u00e9oliennes. Les faits nous d\u00e9montrent, en Charente-Maritime, que les \u00e9oliennes appellent les \u00e9oliennes\u2026<br \/>\nPar ailleurs, je partage la position de mon coll\u00e8gue St\u00e9phane CHEDOUTEAUD, Pr\u00e9sident de l\u2019Observatoire d\u00e9partemental de l\u2019\u00e9olien, Vice-Pr\u00e9sident du Conseil d\u00e9partemental de la Charente-Maritime, Conseiller d\u00e9partemental du canton de Matha qui se bat \u00e9galement chaque jour contre tout nouveau projet \u00e9olien dans notre d\u00e9partement.<br \/>\nJ\u2019apporte donc mon soutien aux \u00e9lus et aux membres de l\u2019association des Hurlevents-du-Seudre contre le projet \u00e9olien de Saint-Germain-du-Seudre.<br \/>\nJe vous prie de croire en l\u2019assurance de mes sinc\u00e8res salutations.<br \/>\nCorinne Imbert, s\u00e9natrice de la Charente-Maritime<\/p>\n","protected":false},"excerpt":{"rendered":"<p>Courrier du 10 novembre 2023, de la S\u00e9natrice Corinne Imbert au Pr\u00e9sident de notre association Monsieur le Pr\u00e9sident, J\u2019ai pris connaissance avec attention de votre message concernant le projet d\u2019installation de 2 \u00e9oliennes de 199,5 m de hauteur \u00e0 Saint-Germain-du-Seudre. Vous indiquez notamment que l\u2019ensemble des 35 conseils municipaux alentours sont contre le projet et [&hellip;]<\/p>\n","protected":false},"author":1,"featured_media":0,"parent":0,"menu_order":0,"comment_status":"closed","ping_status":"closed","template":"","meta":{"footnotes":""},"class_list":["post-3329","page","type-page","status-publish","hentry"],"_links":{"self":[{"href":"https:\/\/leshurleventsduseudre.fr\/index.php?rest_route=\/wp\/v2\/pages\/3329","targetHints":{"allow":["GET"]}}],"collection":[{"href":"https:\/\/leshurleventsduseudre.fr\/index.php?rest_route=\/wp\/v2\/pages"}],"about":[{"href":"https:\/\/leshurleventsduseudre.fr\/index.php?rest_route=\/wp\/v2\/types\/page"}],"author":[{"embeddable":true,"href":"https:\/\/leshurleventsduseudre.fr\/index.php?rest_route=\/wp\/v2\/users\/1"}],"replies":[{"embeddable":true,"href":"https:\/\/leshurleventsduseudre.fr\/index.php?rest_route=%2Fwp%2Fv2%2Fcomments&post=3329"}],"version-history":[{"count":5,"href":"https:\/\/leshurleventsduseudre.fr\/index.php?rest_route=\/wp\/v2\/pages\/3329\/revisions"}],"predecessor-version":[{"id":3373,"href":"https:\/\/leshurleventsduseudre.fr\/index.php?rest_route=\/wp\/v2\/pages\/3329\/revisions\/3373"}],"wp:attachment":[{"href":"https:\/\/leshurleventsduseudre.fr\/index.php?rest_route=%2Fwp%2Fv2%2Fmedia&parent=3329"}],"curies":[{"name":"wp","href":"https:\/\/api.w.org\/{rel}","templated":true}]}}