{"id":3284,"date":"2023-10-26T12:46:41","date_gmt":"2023-10-26T10:46:41","guid":{"rendered":"https:\/\/leshurleventsduseudre.fr\/?page_id=3284"},"modified":"2023-10-26T12:53:35","modified_gmt":"2023-10-26T10:53:35","slug":"senateur-daniel-laurent","status":"publish","type":"page","link":"https:\/\/leshurleventsduseudre.fr\/?page_id=3284","title":{"rendered":"S\u00e9nateur Daniel Laurent"},"content":{"rendered":"<p><font color=\"0d1152\"><b>Courrier du 26 octobre 2023, du S\u00e9nateur Daniel Laurent au Pr\u00e9sident de notre association<\/b><br \/>\nMonsieur le Pr\u00e9sident,<br \/>\nEn 2021, vous aviez sollicit\u00e9 mon soutien contre le projet de parc \u00e9olien \u00e0 Saint-Germain-du-Seudre.<br \/>\nVous m\u2019informez aujourd\u2019hui d\u2019une nouvelle demande. Ma position n\u2019a donc pas chang\u00e9 et je ne puis que reprendre mes propos de 2021.<br \/>\nLa diversification du mix \u00e9lectrique pour r\u00e9pondre aux enjeux de la transition \u00e9nerg\u00e9tique est une opportunit\u00e9 pour notre pays en termes \u00e9conomiques, d\u2019emplois et de dynamique de territoires.<br \/>\nToutefois l\u2019\u00e9olien terrestre suscite, de plus en plus de r\u00e9ticences, en raison de seuils de saturations que nous constatons dans notre d\u00e9partement, sans compter les incidences sur le patrimoine b\u00e2ti et paysager et de nuisances pour les habitants.<br \/>\nLa loi n\u00b02022-217 du 21 f\u00e9vrier 2022 relative \u00e0 la diff\u00e9renciation, la d\u00e9centralisation, la d\u00e9concentration et portant diverses mesures de simplification de l\u2019action publique locale (3DS) a retenu la proposition du S\u00e9nat sur l\u2019encadrement de l\u2019implantation d\u2019\u00e9oliennes dans les documents d\u2019urbanisme (PLU, PLUi).<br \/>\nLorsque \u00e9lus et citoyens sont oppos\u00e9s \u00e0 un projet leur avis argument\u00e9 doit compter.<br \/>\nAussi, je souhaite \u00e0 nouveau apporter mon soutien aux \u00e9lus et aux membres de l\u2019Association <i>LesHurleVentsduSeudre<\/i> contre le projet de parc \u00e9olien \u00e0 Saint-Germain-du-Seudre.<br \/>\nDaniel LAURENT<br \/>\nS\u00e9nateur de la Charente-Maritime<\/font><\/p>\n","protected":false},"excerpt":{"rendered":"<p>Courrier du 26 octobre 2023, du S\u00e9nateur Daniel Laurent au Pr\u00e9sident de notre association Monsieur le Pr\u00e9sident, En 2021, vous aviez sollicit\u00e9 mon soutien contre le projet de parc \u00e9olien \u00e0 Saint-Germain-du-Seudre. Vous m\u2019informez aujourd\u2019hui d\u2019une nouvelle demande. Ma position n\u2019a donc pas chang\u00e9 et je ne puis que reprendre mes propos de 2021. La [&hellip;]<\/p>\n","protected":false},"author":1,"featured_media":0,"parent":0,"menu_order":0,"comment_status":"closed","ping_status":"closed","template":"","meta":{"footnotes":""},"class_list":["post-3284","page","type-page","status-publish","hentry"],"_links":{"self":[{"href":"https:\/\/leshurleventsduseudre.fr\/index.php?rest_route=\/wp\/v2\/pages\/3284","targetHints":{"allow":["GET"]}}],"collection":[{"href":"https:\/\/leshurleventsduseudre.fr\/index.php?rest_route=\/wp\/v2\/pages"}],"about":[{"href":"https:\/\/leshurleventsduseudre.fr\/index.php?rest_route=\/wp\/v2\/types\/page"}],"author":[{"embeddable":true,"href":"https:\/\/leshurleventsduseudre.fr\/index.php?rest_route=\/wp\/v2\/users\/1"}],"replies":[{"embeddable":true,"href":"https:\/\/leshurleventsduseudre.fr\/index.php?rest_route=%2Fwp%2Fv2%2Fcomments&post=3284"}],"version-history":[{"count":3,"href":"https:\/\/leshurleventsduseudre.fr\/index.php?rest_route=\/wp\/v2\/pages\/3284\/revisions"}],"predecessor-version":[{"id":3291,"href":"https:\/\/leshurleventsduseudre.fr\/index.php?rest_route=\/wp\/v2\/pages\/3284\/revisions\/3291"}],"wp:attachment":[{"href":"https:\/\/leshurleventsduseudre.fr\/index.php?rest_route=%2Fwp%2Fv2%2Fmedia&parent=3284"}],"curies":[{"name":"wp","href":"https:\/\/api.w.org\/{rel}","templated":true}]}}