{"id":3035,"date":"2023-08-24T15:02:47","date_gmt":"2023-08-24T13:02:47","guid":{"rendered":"https:\/\/leshurleventsduseudre.fr\/?page_id=3035"},"modified":"2025-02-22T12:14:03","modified_gmt":"2025-02-22T11:14:03","slug":"les-projets-air-et-valeco","status":"publish","type":"page","link":"https:\/\/leshurleventsduseudre.fr\/?page_id=3035","title":{"rendered":"Pr\u00e9-Etude"},"content":{"rendered":"<p><font color=\"0d1152\"><strong>Pr\u00e9-\u00e9tude :<\/strong> <a href=\"https:\/\/leshurleventsduseudre.fr\/wp-content\/uploads\/2024\/11\/Sensibilite-ecologique-secteur-de-St-Germain-Obios.pdf\" target=\"_blank\" rel=\"noopener\">Sensibilit\u00e9 \u00e9cologique du secteur de Saint-Germain du Seudre<\/a> par Jean-Marc Thirion de l&rsquo;association OBIOS.<\/p>\n","protected":false},"excerpt":{"rendered":"<p>Pr\u00e9-\u00e9tude : Sensibilit\u00e9 \u00e9cologique du secteur de Saint-Germain du Seudre par Jean-Marc Thirion de l&rsquo;association OBIOS.<\/p>\n","protected":false},"author":1,"featured_media":0,"parent":0,"menu_order":0,"comment_status":"closed","ping_status":"closed","template":"","meta":{"footnotes":""},"class_list":["post-3035","page","type-page","status-publish","hentry"],"_links":{"self":[{"href":"https:\/\/leshurleventsduseudre.fr\/index.php?rest_route=\/wp\/v2\/pages\/3035","targetHints":{"allow":["GET"]}}],"collection":[{"href":"https:\/\/leshurleventsduseudre.fr\/index.php?rest_route=\/wp\/v2\/pages"}],"about":[{"href":"https:\/\/leshurleventsduseudre.fr\/index.php?rest_route=\/wp\/v2\/types\/page"}],"author":[{"embeddable":true,"href":"https:\/\/leshurleventsduseudre.fr\/index.php?rest_route=\/wp\/v2\/users\/1"}],"replies":[{"embeddable":true,"href":"https:\/\/leshurleventsduseudre.fr\/index.php?rest_route=%2Fwp%2Fv2%2Fcomments&post=3035"}],"version-history":[{"count":13,"href":"https:\/\/leshurleventsduseudre.fr\/index.php?rest_route=\/wp\/v2\/pages\/3035\/revisions"}],"predecessor-version":[{"id":4251,"href":"https:\/\/leshurleventsduseudre.fr\/index.php?rest_route=\/wp\/v2\/pages\/3035\/revisions\/4251"}],"wp:attachment":[{"href":"https:\/\/leshurleventsduseudre.fr\/index.php?rest_route=%2Fwp%2Fv2%2Fmedia&parent=3035"}],"curies":[{"name":"wp","href":"https:\/\/api.w.org\/{rel}","templated":true}]}}