{"id":2957,"date":"2023-08-10T13:52:57","date_gmt":"2023-08-10T11:52:57","guid":{"rendered":"https:\/\/leshurleventsduseudre.fr\/?page_id=2957"},"modified":"2024-11-24T16:05:11","modified_gmt":"2024-11-24T15:05:11","slug":"menu-en-construction","status":"publish","type":"page","link":"https:\/\/leshurleventsduseudre.fr\/?page_id=2957","title":{"rendered":"L&rsquo;avis de la F\u00e9d\u00e9ration Environnement Durable"},"content":{"rendered":"<p><font color=\"0d1152\"><strong>L&rsquo;AVIS DE LA FEDERATION DE L&rsquo;ENVIRONNEMENT DURABLE<\/strong><\/font><br \/>\n<font color=\"od1152\">La <a href=\"https:\/\/environnementdurable.net\/\" target=\"_blank\" rel=\"noopener\"><b>F\u00e9d\u00e9ration Environnement Durable<\/b><\/a> a envoy\u00e9, le 8 f\u00e9vrier 2018, un courrier \u00e0 Nicolas Hulot, Ministre d&rsquo;Etat, dans lequel elle lui faisait part des <a href=\"https:\/\/leshurleventsduseudre.fr\/wp-content\/uploads\/2023\/08\/FED-lettre-ouverte-Nicolas-Hulot.pdf\" target=\"_blank\" rel=\"noopener\"><b>11 raisons <\/b><\/a>qui conduisent \u00e0 refuser, selon elle, l&rsquo;\u00e9olien industriel.<\/font><\/p>\n\n\n<div class=\"wp-block-buttons is-layout-flex wp-block-buttons-is-layout-flex\">\n<div class=\"wp-block-button\"><a class=\"wp-block-button__link wp-element-button\" href=\"https:\/\/leshurleventsduseudre.fr\/?page_id=3799\">Les publications de la F\u00e9d\u00e9ration Environnement Durable<\/a><\/div>\n<\/div>\n","protected":false},"excerpt":{"rendered":"<p>L&rsquo;AVIS DE LA FEDERATION DE L&rsquo;ENVIRONNEMENT DURABLE La F\u00e9d\u00e9ration Environnement Durable a envoy\u00e9, le 8 f\u00e9vrier 2018, un courrier \u00e0 Nicolas Hulot, Ministre d&rsquo;Etat, dans lequel elle lui faisait part des 11 raisons qui conduisent \u00e0 refuser, selon elle, l&rsquo;\u00e9olien industriel.<\/p>\n","protected":false},"author":1,"featured_media":0,"parent":0,"menu_order":0,"comment_status":"closed","ping_status":"closed","template":"","meta":{"footnotes":""},"class_list":["post-2957","page","type-page","status-publish","hentry"],"_links":{"self":[{"href":"https:\/\/leshurleventsduseudre.fr\/index.php?rest_route=\/wp\/v2\/pages\/2957","targetHints":{"allow":["GET"]}}],"collection":[{"href":"https:\/\/leshurleventsduseudre.fr\/index.php?rest_route=\/wp\/v2\/pages"}],"about":[{"href":"https:\/\/leshurleventsduseudre.fr\/index.php?rest_route=\/wp\/v2\/types\/page"}],"author":[{"embeddable":true,"href":"https:\/\/leshurleventsduseudre.fr\/index.php?rest_route=\/wp\/v2\/users\/1"}],"replies":[{"embeddable":true,"href":"https:\/\/leshurleventsduseudre.fr\/index.php?rest_route=%2Fwp%2Fv2%2Fcomments&post=2957"}],"version-history":[{"count":18,"href":"https:\/\/leshurleventsduseudre.fr\/index.php?rest_route=\/wp\/v2\/pages\/2957\/revisions"}],"predecessor-version":[{"id":3862,"href":"https:\/\/leshurleventsduseudre.fr\/index.php?rest_route=\/wp\/v2\/pages\/2957\/revisions\/3862"}],"wp:attachment":[{"href":"https:\/\/leshurleventsduseudre.fr\/index.php?rest_route=%2Fwp%2Fv2%2Fmedia&parent=2957"}],"curies":[{"name":"wp","href":"https:\/\/api.w.org\/{rel}","templated":true}]}}