{"id":2910,"date":"2023-08-05T21:44:07","date_gmt":"2023-08-05T19:44:07","guid":{"rendered":"https:\/\/leshurleventsduseudre.fr\/?page_id=2910"},"modified":"2024-08-22T16:26:15","modified_gmt":"2024-08-22T14:26:15","slug":"la-filmographie","status":"publish","type":"page","link":"https:\/\/leshurleventsduseudre.fr\/?page_id=2910","title":{"rendered":"La filmographie"},"content":{"rendered":"<p><font color=\"0d1152\"><strong>LA FILMOGRAPHIE<\/strong><\/font><br \/>\n<font color=\"0D1152\"><a href=\"https:\/\/www.youtube.com\/watch?v=yNUIaqCPttc\" target=\"_blank\" rel=\"noopener\">Nucl\u00e9aire, une \u00e9nergie qui d\u00e9range<\/a> (2022). R\u00e9alis\u00e9 par Charles Thimon<\/font><\/p>\n<p><font color=\"0D1152\"><a href=\"https:\/\/oceanscommuns.net\/Oc%C3%A9ans_3,_la_voix_des_invisibles\" target=\"_blank\" rel=\"noopener\">Oc\u00e9an 3, la voix des invisibles &#8211; Une dr\u00f4le de guerre<\/a> (2022). R\u00e9alis\u00e9 par Mathilde Jounot<\/font><\/p>\n<p><font color=\"0D1152\"><a href=\"https:\/\/www.facebook.com\/couvincom\/videos\/547939892969288\" target=\"_blank\" rel=\"noopener\">Eoliennes : du r\u00eave aux r\u00e9alit\u00e9s<\/a>. Film Documentaire et v\u00e9rit\u00e9 (2021). R\u00e9alis\u00e9 par Charles Thimon<\/font><\/p>\n<p><font color=\"0D1152\"><font color=\"0D1152\"><a href=\"https:\/\/www.youtube.com\/watch?v=UxlWfLuyiVE\" target=\"_blank\" rel=\"noopener\">Eolienne &#8211; La belle illusion<\/a> (2021). R\u00e9alis\u00e9 par Morvent en col\u00e8re<\/font><\/font><\/p>\n<p><font color=\"0D1152\"><font color=\"0D1152\"><a href=\"https:\/\/boutique.arte.tv\/detail\/la-face-cachee-des-energies-vertes\" target=\"_blank\" rel=\"noopener\">La face cach\u00e9e des \u00e9nergies vertes<\/a> ARTE (2020). R\u00e9alis\u00e9 par Jean-Louis Perez et Guillaume Pitron<\/font><\/font><\/p>\n<p><font color=\"0D1152\"><font color=\"0D1152\">Envoy\u00e9 sp\u00e9cial. <a href=\"https:\/\/www.youtube.com\/watch?v=epOpSPEgEfA&amp;feature=youtu.be\" target=\"_blank\" rel=\"noopener\">Eoliennes : le vent de la r\u00e9volte<\/a> \u2013 France 2 (sept. 2018). R\u00e9alis\u00e9 par Rapha\u00eble Schapira, Emilie Gouveia Vermelho et Fr\u00e9d\u00e9rique Prigent<\/font><\/font><\/p>\n<p><font color=\"0D1152\"><br \/>\n<\/font><font color=\"0D1152\"><\/font><font color=\"0D1152\"><\/font><font color=\"0D1152\"><\/font><\/p>\n","protected":false},"excerpt":{"rendered":"<p>LA FILMOGRAPHIE Nucl\u00e9aire, une \u00e9nergie qui d\u00e9range (2022). R\u00e9alis\u00e9 par Charles Thimon Oc\u00e9an 3, la voix des invisibles &#8211; Une dr\u00f4le de guerre (2022). R\u00e9alis\u00e9 par Mathilde Jounot Eoliennes : du r\u00eave aux r\u00e9alit\u00e9s. Film Documentaire et v\u00e9rit\u00e9 (2021). R\u00e9alis\u00e9 par Charles Thimon Eolienne &#8211; La belle illusion (2021). R\u00e9alis\u00e9 par Morvent en col\u00e8re La [&hellip;]<\/p>\n","protected":false},"author":1,"featured_media":0,"parent":0,"menu_order":0,"comment_status":"closed","ping_status":"closed","template":"","meta":{"footnotes":""},"class_list":["post-2910","page","type-page","status-publish","hentry"],"_links":{"self":[{"href":"https:\/\/leshurleventsduseudre.fr\/index.php?rest_route=\/wp\/v2\/pages\/2910","targetHints":{"allow":["GET"]}}],"collection":[{"href":"https:\/\/leshurleventsduseudre.fr\/index.php?rest_route=\/wp\/v2\/pages"}],"about":[{"href":"https:\/\/leshurleventsduseudre.fr\/index.php?rest_route=\/wp\/v2\/types\/page"}],"author":[{"embeddable":true,"href":"https:\/\/leshurleventsduseudre.fr\/index.php?rest_route=\/wp\/v2\/users\/1"}],"replies":[{"embeddable":true,"href":"https:\/\/leshurleventsduseudre.fr\/index.php?rest_route=%2Fwp%2Fv2%2Fcomments&post=2910"}],"version-history":[{"count":18,"href":"https:\/\/leshurleventsduseudre.fr\/index.php?rest_route=\/wp\/v2\/pages\/2910\/revisions"}],"predecessor-version":[{"id":3772,"href":"https:\/\/leshurleventsduseudre.fr\/index.php?rest_route=\/wp\/v2\/pages\/2910\/revisions\/3772"}],"wp:attachment":[{"href":"https:\/\/leshurleventsduseudre.fr\/index.php?rest_route=%2Fwp%2Fv2%2Fmedia&parent=2910"}],"curies":[{"name":"wp","href":"https:\/\/api.w.org\/{rel}","templated":true}]}}