{"id":2855,"date":"2023-08-03T23:08:39","date_gmt":"2023-08-03T21:08:39","guid":{"rendered":"https:\/\/leshurleventsduseudre.fr\/?page_id=2855"},"modified":"2024-04-25T17:39:07","modified_gmt":"2024-04-25T15:39:07","slug":"resistons","status":"publish","type":"page","link":"https:\/\/leshurleventsduseudre.fr\/?page_id=2855","title":{"rendered":"R\u00e9sistons"},"content":{"rendered":"<p><font color=\"0D1152\"><b>RESISTONS, avec Jean Lassale<\/b><br \/>\nExtraits du programme de ce parti. Dans le chapitre \u00ab\u00a0<b><i>Relancer la recherche<\/i><\/b>\u00ab\u00a0, le paragraphe \u00ab\u00a0<b><i>Miser sur les \u00e9nergies renouvelables.<\/i><\/b> nous indique :<br \/>\n&#8230; Stopper l&rsquo;\u00e9olien. Il convient d\u00e8s \u00e0 pr\u00e9sent d&rsquo;interdire tous les projet \u00e9oliens non valid\u00e9s par les maires, apr\u00e8s consultation des habitants<\/b>&#8230; <\/font><\/p>\n","protected":false},"excerpt":{"rendered":"<p>RESISTONS, avec Jean Lassale Extraits du programme de ce parti. Dans le chapitre \u00ab\u00a0Relancer la recherche\u00ab\u00a0, le paragraphe \u00ab\u00a0Miser sur les \u00e9nergies renouvelables. nous indique : &#8230; Stopper l&rsquo;\u00e9olien. Il convient d\u00e8s \u00e0 pr\u00e9sent d&rsquo;interdire tous les projet \u00e9oliens non valid\u00e9s par les maires, apr\u00e8s consultation des habitants&#8230;<\/p>\n","protected":false},"author":1,"featured_media":0,"parent":0,"menu_order":0,"comment_status":"closed","ping_status":"closed","template":"","meta":{"footnotes":""},"class_list":["post-2855","page","type-page","status-publish","hentry"],"_links":{"self":[{"href":"https:\/\/leshurleventsduseudre.fr\/index.php?rest_route=\/wp\/v2\/pages\/2855","targetHints":{"allow":["GET"]}}],"collection":[{"href":"https:\/\/leshurleventsduseudre.fr\/index.php?rest_route=\/wp\/v2\/pages"}],"about":[{"href":"https:\/\/leshurleventsduseudre.fr\/index.php?rest_route=\/wp\/v2\/types\/page"}],"author":[{"embeddable":true,"href":"https:\/\/leshurleventsduseudre.fr\/index.php?rest_route=\/wp\/v2\/users\/1"}],"replies":[{"embeddable":true,"href":"https:\/\/leshurleventsduseudre.fr\/index.php?rest_route=%2Fwp%2Fv2%2Fcomments&post=2855"}],"version-history":[{"count":6,"href":"https:\/\/leshurleventsduseudre.fr\/index.php?rest_route=\/wp\/v2\/pages\/2855\/revisions"}],"predecessor-version":[{"id":3752,"href":"https:\/\/leshurleventsduseudre.fr\/index.php?rest_route=\/wp\/v2\/pages\/2855\/revisions\/3752"}],"wp:attachment":[{"href":"https:\/\/leshurleventsduseudre.fr\/index.php?rest_route=%2Fwp%2Fv2%2Fmedia&parent=2855"}],"curies":[{"name":"wp","href":"https:\/\/api.w.org\/{rel}","templated":true}]}}