{"id":2767,"date":"2023-08-03T14:34:48","date_gmt":"2023-08-03T12:34:48","guid":{"rendered":"https:\/\/leshurleventsduseudre.fr\/?page_id=2767"},"modified":"2023-08-04T18:54:10","modified_gmt":"2023-08-04T16:54:10","slug":"lutte-ouvriere","status":"publish","type":"page","link":"https:\/\/leshurleventsduseudre.fr\/?page_id=2767","title":{"rendered":"Lutte Ouvri\u00e8re"},"content":{"rendered":"<p><font color=\"0D1152\"><b>LUTTE OUVRIERE<\/b><br \/>\n<b>Rien dans le programme de Lutte Ouvri\u00e8re \u00e0 propos de l&rsquo;\u00e9olien<\/b>. Pas de chapitre consacr\u00e9 \u00e0 l&rsquo;\u00e9nergie. Dans le chapitre sur l&rsquo;environnement on peut lire :<br \/>\n&#8211; Combattre l&rsquo;\u00e9levage et l&rsquo;abattage intensifs<br \/>\n&#8211; Interdire la chasse \u00e0 courre<br \/>\n&#8211; Favoriser les transports collectifs<br \/>\n&#8211; Construire et r\u00e9g\u00e9n\u00e9rer le r\u00e9seau ferroviaire.<\/font><\/p>\n","protected":false},"excerpt":{"rendered":"<p>LUTTE OUVRIERE Rien dans le programme de Lutte Ouvri\u00e8re \u00e0 propos de l&rsquo;\u00e9olien. Pas de chapitre consacr\u00e9 \u00e0 l&rsquo;\u00e9nergie. Dans le chapitre sur l&rsquo;environnement on peut lire : &#8211; Combattre l&rsquo;\u00e9levage et l&rsquo;abattage intensifs &#8211; Interdire la chasse \u00e0 courre &#8211; Favoriser les transports collectifs &#8211; Construire et r\u00e9g\u00e9n\u00e9rer le r\u00e9seau ferroviaire.<\/p>\n","protected":false},"author":1,"featured_media":0,"parent":0,"menu_order":0,"comment_status":"closed","ping_status":"closed","template":"","meta":{"footnotes":""},"class_list":["post-2767","page","type-page","status-publish","hentry"],"_links":{"self":[{"href":"https:\/\/leshurleventsduseudre.fr\/index.php?rest_route=\/wp\/v2\/pages\/2767","targetHints":{"allow":["GET"]}}],"collection":[{"href":"https:\/\/leshurleventsduseudre.fr\/index.php?rest_route=\/wp\/v2\/pages"}],"about":[{"href":"https:\/\/leshurleventsduseudre.fr\/index.php?rest_route=\/wp\/v2\/types\/page"}],"author":[{"embeddable":true,"href":"https:\/\/leshurleventsduseudre.fr\/index.php?rest_route=\/wp\/v2\/users\/1"}],"replies":[{"embeddable":true,"href":"https:\/\/leshurleventsduseudre.fr\/index.php?rest_route=%2Fwp%2Fv2%2Fcomments&post=2767"}],"version-history":[{"count":8,"href":"https:\/\/leshurleventsduseudre.fr\/index.php?rest_route=\/wp\/v2\/pages\/2767\/revisions"}],"predecessor-version":[{"id":2890,"href":"https:\/\/leshurleventsduseudre.fr\/index.php?rest_route=\/wp\/v2\/pages\/2767\/revisions\/2890"}],"wp:attachment":[{"href":"https:\/\/leshurleventsduseudre.fr\/index.php?rest_route=%2Fwp%2Fv2%2Fmedia&parent=2767"}],"curies":[{"name":"wp","href":"https:\/\/api.w.org\/{rel}","templated":true}]}}