{"id":2752,"date":"2023-08-03T14:02:33","date_gmt":"2023-08-03T12:02:33","guid":{"rendered":"https:\/\/leshurleventsduseudre.fr\/?page_id=2752"},"modified":"2023-08-03T14:47:43","modified_gmt":"2023-08-03T12:47:43","slug":"lunion-populaire-republicaine","status":"publish","type":"page","link":"https:\/\/leshurleventsduseudre.fr\/?page_id=2752","title":{"rendered":"L&rsquo;Union Populaire R\u00e9publicaine"},"content":{"rendered":"<p><font color=\"0D1152\"><b>L&rsquo;UNION POPULAIRE REPUBLICAINE<\/b><br \/>\nFran\u00e7ois Asselineau : \u00ab\u00a0Les \u00e9oliennes<br \/>\n&#8211; d\u00e9vastent les paysages<br \/>\n&#8211; polluent profond\u00e9ment et d\u00e9finitivement les sols<br \/>\n&#8211; tuent des centaines d&rsquo;oiseaux<br \/>\n&#8211; ruinent le prix de l&rsquo;immobilier<br \/>\n&#8211; font fuir les riverains<br \/>\net leur rendement est d\u00e9risoire par rapport au nucl\u00e9aire.\u00a0\u00bb<\/font><\/p>\n","protected":false},"excerpt":{"rendered":"<p>L&rsquo;UNION POPULAIRE REPUBLICAINE Fran\u00e7ois Asselineau : \u00ab\u00a0Les \u00e9oliennes &#8211; d\u00e9vastent les paysages &#8211; polluent profond\u00e9ment et d\u00e9finitivement les sols &#8211; tuent des centaines d&rsquo;oiseaux &#8211; ruinent le prix de l&rsquo;immobilier &#8211; font fuir les riverains et leur rendement est d\u00e9risoire par rapport au nucl\u00e9aire.\u00a0\u00bb<\/p>\n","protected":false},"author":1,"featured_media":0,"parent":0,"menu_order":0,"comment_status":"closed","ping_status":"closed","template":"","meta":{"footnotes":""},"class_list":["post-2752","page","type-page","status-publish","hentry"],"_links":{"self":[{"href":"https:\/\/leshurleventsduseudre.fr\/index.php?rest_route=\/wp\/v2\/pages\/2752","targetHints":{"allow":["GET"]}}],"collection":[{"href":"https:\/\/leshurleventsduseudre.fr\/index.php?rest_route=\/wp\/v2\/pages"}],"about":[{"href":"https:\/\/leshurleventsduseudre.fr\/index.php?rest_route=\/wp\/v2\/types\/page"}],"author":[{"embeddable":true,"href":"https:\/\/leshurleventsduseudre.fr\/index.php?rest_route=\/wp\/v2\/users\/1"}],"replies":[{"embeddable":true,"href":"https:\/\/leshurleventsduseudre.fr\/index.php?rest_route=%2Fwp%2Fv2%2Fcomments&post=2752"}],"version-history":[{"count":5,"href":"https:\/\/leshurleventsduseudre.fr\/index.php?rest_route=\/wp\/v2\/pages\/2752\/revisions"}],"predecessor-version":[{"id":2786,"href":"https:\/\/leshurleventsduseudre.fr\/index.php?rest_route=\/wp\/v2\/pages\/2752\/revisions\/2786"}],"wp:attachment":[{"href":"https:\/\/leshurleventsduseudre.fr\/index.php?rest_route=%2Fwp%2Fv2%2Fmedia&parent=2752"}],"curies":[{"name":"wp","href":"https:\/\/api.w.org\/{rel}","templated":true}]}}