{"id":2744,"date":"2023-08-03T13:47:40","date_gmt":"2023-08-03T11:47:40","guid":{"rendered":"https:\/\/leshurleventsduseudre.fr\/?page_id=2744"},"modified":"2023-08-03T23:25:01","modified_gmt":"2023-08-03T21:25:01","slug":"les-patriotes","status":"publish","type":"page","link":"https:\/\/leshurleventsduseudre.fr\/?page_id=2744","title":{"rendered":"Les Patriotes"},"content":{"rendered":"<p><font color=\"0D1152\"><b>LES PATRIOTES<\/b><br \/>\nLe projet politique des Patriotes indique :<br \/>\n&#8211; R\u00e9investissement massif dans le nucl\u00e9aire de nouvelle g\u00e9n\u00e9ration.<br \/>\n&#8211; Sortie du march\u00e9 europ\u00e9en de l&rsquo;\u00e9lectricit\u00e9 pour retrouver la main sur les prix.<br \/>\n&#8211; Fin de la libre concurrence et r\u00e9tablissement des monopoles de fait d&rsquo;EDF et de GDF.<br \/>\n&#8211; <b>Arr\u00eat de la construction d&rsquo;\u00e9oliennes sur tout le territoire<\/b><br \/>\n&#8211; Plan de recherche et d&rsquo;investissement dans les \u00e9nergies nouvelles, en particulier l&rsquo;hydrog\u00e8ne ou les biocarburants \u00e0 base d&rsquo;algues.<\/font><\/p>\n","protected":false},"excerpt":{"rendered":"<p>LES PATRIOTES Le projet politique des Patriotes indique : &#8211; R\u00e9investissement massif dans le nucl\u00e9aire de nouvelle g\u00e9n\u00e9ration. &#8211; Sortie du march\u00e9 europ\u00e9en de l&rsquo;\u00e9lectricit\u00e9 pour retrouver la main sur les prix. &#8211; Fin de la libre concurrence et r\u00e9tablissement des monopoles de fait d&rsquo;EDF et de GDF. &#8211; Arr\u00eat de la construction d&rsquo;\u00e9oliennes sur [&hellip;]<\/p>\n","protected":false},"author":1,"featured_media":0,"parent":0,"menu_order":0,"comment_status":"closed","ping_status":"closed","template":"","meta":{"footnotes":""},"class_list":["post-2744","page","type-page","status-publish","hentry"],"_links":{"self":[{"href":"https:\/\/leshurleventsduseudre.fr\/index.php?rest_route=\/wp\/v2\/pages\/2744","targetHints":{"allow":["GET"]}}],"collection":[{"href":"https:\/\/leshurleventsduseudre.fr\/index.php?rest_route=\/wp\/v2\/pages"}],"about":[{"href":"https:\/\/leshurleventsduseudre.fr\/index.php?rest_route=\/wp\/v2\/types\/page"}],"author":[{"embeddable":true,"href":"https:\/\/leshurleventsduseudre.fr\/index.php?rest_route=\/wp\/v2\/users\/1"}],"replies":[{"embeddable":true,"href":"https:\/\/leshurleventsduseudre.fr\/index.php?rest_route=%2Fwp%2Fv2%2Fcomments&post=2744"}],"version-history":[{"count":6,"href":"https:\/\/leshurleventsduseudre.fr\/index.php?rest_route=\/wp\/v2\/pages\/2744\/revisions"}],"predecessor-version":[{"id":2864,"href":"https:\/\/leshurleventsduseudre.fr\/index.php?rest_route=\/wp\/v2\/pages\/2744\/revisions\/2864"}],"wp:attachment":[{"href":"https:\/\/leshurleventsduseudre.fr\/index.php?rest_route=%2Fwp%2Fv2%2Fmedia&parent=2744"}],"curies":[{"name":"wp","href":"https:\/\/api.w.org\/{rel}","templated":true}]}}