{"id":2734,"date":"2023-08-03T11:43:32","date_gmt":"2023-08-03T09:43:32","guid":{"rendered":"https:\/\/leshurleventsduseudre.fr\/?page_id=2734"},"modified":"2026-05-01T22:06:30","modified_gmt":"2026-05-01T20:06:30","slug":"lavis-des-partis-politiques","status":"publish","type":"page","link":"https:\/\/leshurleventsduseudre.fr\/?page_id=2734","title":{"rendered":"L&rsquo;avis des partis politiques"},"content":{"rendered":"<p><center><font color=\"0D1152\"><b>L&rsquo;AVIS DES PRINCIPAUX PARTIS POLITIQUES<\/b><\/font><br \/>\n<a href=\"https:\/\/leshurleventsduseudre.fr\/?page_id=2763\" target=\"_blank\" rel=\"noopener\"><b>Le nouveau Parti Anticapitaliste<\/b><\/a><br \/>\n<a href=\"https:\/\/leshurleventsduseudre.fr\/?page_id=2767\" target=\"_blank\" rel=\"noopener\"><b>Lutte Ouvri\u00e8re<\/b><\/a><br \/>\n<a href=\"https:\/\/leshurleventsduseudre.fr\/?page_id=2329\" target=\"_blank\" rel=\"noopener\"><b>La France Insoumise<\/b><\/a><br \/>\n<a href=\"https:\/\/leshurleventsduseudre.fr\/?page_id=2344\" target=\"_blank\" rel=\"noopener\"><b>Le Parti communiste<\/b><\/a><br \/>\n<a href=\"https:\/\/leshurleventsduseudre.fr\/?page_id=2302\" target=\"_blank\" rel=\"noopener\"><b>Europe Ecologie Les Verts<\/b><\/a><br \/>\n<a href=\"https:\/\/leshurleventsduseudre.fr\/?page_id=2325\" target=\"_blank\" rel=\"noopener\"><b>Le Parti socialiste<\/b><\/a><br \/>\n<a href=\"https:\/\/leshurleventsduseudre.fr\/?page_id=4508\" target=\"_blank\" rel=\"noopener\"><b>Place publique<\/b><\/a><br \/>\n<a href=\"https:\/\/leshurleventsduseudre.fr\/?page_id=2347\" target=\"_blank\" rel=\"noopener\"><b>Renaissance<\/b><\/a><br \/>\n<a href=\"https:\/\/leshurleventsduseudre.fr\/?page_id=2740\" target=\"_blank\" rel=\"noopener\"><b>Horizons<\/b><\/a><br \/>\n<a href=\"https:\/\/leshurleventsduseudre.fr\/?page_id=2341\" target=\"_blank\" rel=\"noopener\"><b>Le MODEM<\/b><\/a><br \/>\n<a href=\"https:\/\/leshurleventsduseudre.fr\/?page_id=2331\" target=\"_blank\" rel=\"noopener\"><b>Les R\u00e9publicains<\/b><\/a>, Le S\u00e9nateur <a href=\"https:\/\/leshurleventsduseudre.fr\/?page_id=3284\" target=\"_blank\" rel=\"noopener\"><b>Daniel Laurent<\/b><\/a><br \/>\n<a href=\"https:\/\/leshurleventsduseudre.fr\/?page_id=2752\" target=\"_blank\" rel=\"noopener\"><b>L&rsquo;Union Populaire R\u00e9publicaine<\/b><\/a><br \/>\n<a href=\"https:\/\/leshurleventsduseudre.fr\/?page_id=2855\" target=\"_blank\" rel=\"noopener\"><b>R\u00e9sistons<\/b><\/a><br \/>\n<a href=\"https:\/\/leshurleventsduseudre.fr\/?page_id=2718\" target=\"_blank\" rel=\"noopener\"><b>Debout la France<\/b><\/a><br \/>\n<a href=\"https:\/\/leshurleventsduseudre.fr\/?page_id=2744\" target=\"_blank\" rel=\"noopener\"><b>Les Patriotes<\/b><\/a><br \/>\n<a href=\"https:\/\/leshurleventsduseudre.fr\/?page_id=2335\" target=\"_blank\" rel=\"noopener\"><b>Reconqu\u00eate<\/b><\/a><br \/>\n<a href=\"https:\/\/leshurleventsduseudre.fr\/?page_id=2338\" target=\"_blank\" rel=\"noopener\"><b>Le Rassemblement National<\/b><\/a><br \/>\n<\/center><\/p>\n","protected":false},"excerpt":{"rendered":"<p>L&rsquo;AVIS DES PRINCIPAUX PARTIS POLITIQUES Le nouveau Parti Anticapitaliste Lutte Ouvri\u00e8re La France Insoumise Le Parti communiste Europe Ecologie Les Verts Le Parti socialiste Place publique Renaissance Horizons Le MODEM Les R\u00e9publicains, Le S\u00e9nateur Daniel Laurent L&rsquo;Union Populaire R\u00e9publicaine R\u00e9sistons Debout la France Les Patriotes Reconqu\u00eate Le Rassemblement National<\/p>\n","protected":false},"author":1,"featured_media":3793,"parent":0,"menu_order":0,"comment_status":"closed","ping_status":"closed","template":"","meta":{"footnotes":""},"class_list":["post-2734","page","type-page","status-publish","has-post-thumbnail","hentry"],"_links":{"self":[{"href":"https:\/\/leshurleventsduseudre.fr\/index.php?rest_route=\/wp\/v2\/pages\/2734","targetHints":{"allow":["GET"]}}],"collection":[{"href":"https:\/\/leshurleventsduseudre.fr\/index.php?rest_route=\/wp\/v2\/pages"}],"about":[{"href":"https:\/\/leshurleventsduseudre.fr\/index.php?rest_route=\/wp\/v2\/types\/page"}],"author":[{"embeddable":true,"href":"https:\/\/leshurleventsduseudre.fr\/index.php?rest_route=\/wp\/v2\/users\/1"}],"replies":[{"embeddable":true,"href":"https:\/\/leshurleventsduseudre.fr\/index.php?rest_route=%2Fwp%2Fv2%2Fcomments&post=2734"}],"version-history":[{"count":20,"href":"https:\/\/leshurleventsduseudre.fr\/index.php?rest_route=\/wp\/v2\/pages\/2734\/revisions"}],"predecessor-version":[{"id":4512,"href":"https:\/\/leshurleventsduseudre.fr\/index.php?rest_route=\/wp\/v2\/pages\/2734\/revisions\/4512"}],"wp:featuredmedia":[{"embeddable":true,"href":"https:\/\/leshurleventsduseudre.fr\/index.php?rest_route=\/wp\/v2\/media\/3793"}],"wp:attachment":[{"href":"https:\/\/leshurleventsduseudre.fr\/index.php?rest_route=%2Fwp%2Fv2%2Fmedia&parent=2734"}],"curies":[{"name":"wp","href":"https:\/\/api.w.org\/{rel}","templated":true}]}}