{"id":2718,"date":"2023-08-03T11:30:27","date_gmt":"2023-08-03T09:30:27","guid":{"rendered":"https:\/\/leshurleventsduseudre.fr\/?page_id=2718"},"modified":"2024-04-25T17:23:03","modified_gmt":"2024-04-25T15:23:03","slug":"debout-la-france","status":"publish","type":"page","link":"https:\/\/leshurleventsduseudre.fr\/?page_id=2718","title":{"rendered":"Debout la France"},"content":{"rendered":"<p><font color=\"0D1152\"><b>DEBOUT LA FRANCE<\/b><br \/>\nLe programme du parti comporte un volet \u00ab\u00a0<b><i>Environnement et \u00e9nergie<\/i><\/b>. Dans le paragraphe \u00ab\u00a0<b><i>Le mix \u00e9nerg\u00e9tique fran\u00e7ais est l\u2019un des plus propres du monde mais perd en comp\u00e9titivit\u00e9 \u00e0 cause de la mont\u00e9e en puissance des \u00e9nergies intermittentes<\/i><\/b>, on peut lire :<br \/>\n&#8230; le caract\u00e8re intermittent de la production \u00e9olienne impose de recourir \u00e0 des centrales thermiques et d\u2019acheter de l\u2019\u00e9lectricit\u00e9 \u00e0 l\u2019\u00e9tranger pour alimenter le r\u00e9seau tout au long de l\u2019ann\u00e9e ce qui fait aboutir \u00e0 la situation absurde o\u00f9 plus on produit d\u2019\u00e9lectricit\u00e9 \u00e9olienne, plus on doit utiliser d\u2019\u00e9nergie fossile \u00e0 consommation constante !<br \/>\nEt plus loin :<br \/>\n&#8230; Une politique tourn\u00e9e vers l\u2019\u00e9olien et le photovolta\u00efque ne pourra jamais tenir ses promesses. Malgr\u00e9 une id\u00e9e largement r\u00e9pandue, le photovolta\u00efque et les \u00e9oliennes repr\u00e9sentent, ensemble, moins de 10% des sources d\u2019\u00e9nergie en France (\u00e9olien 6,3%, solaire 2,2% de la production en 2019). L\u2019\u00e9olien constitue une \u00e9nergie renouvelable beaucoup plus co\u00fbteuse et beaucoup moins performante au plan \u00e9cologique qu\u2019on ne le croit. Au-del\u00e0 de d\u00e9sastres naturels et esth\u00e9tiques (projet au large de Saint Brieuc, de Belle-Ile\u2026), cette \u00e9nergie oblige \u00e0 r\u00e9duire ponctuellement la puissance des centrales nucl\u00e9aires (qui co\u00fbte cher en termes d\u2019exploitation et d\u2019effets connexes) ou au contraire \u00e0 augmenter de l\u2019activit\u00e9 \u2013 plus souple \u2013 des centrales thermiques (fonctionnant aux \u00e9nergies fossiles, dont la consommation pour la production \u00e9lectrique a augment\u00e9 de 9,8% rien qu\u2019en 2019\u2026).<\/font><\/p>\n","protected":false},"excerpt":{"rendered":"<p>DEBOUT LA FRANCE Le programme du parti comporte un volet \u00ab\u00a0Environnement et \u00e9nergie. Dans le paragraphe \u00ab\u00a0Le mix \u00e9nerg\u00e9tique fran\u00e7ais est l\u2019un des plus propres du monde mais perd en comp\u00e9titivit\u00e9 \u00e0 cause de la mont\u00e9e en puissance des \u00e9nergies intermittentes, on peut lire : &#8230; le caract\u00e8re intermittent de la production \u00e9olienne impose de [&hellip;]<\/p>\n","protected":false},"author":1,"featured_media":0,"parent":0,"menu_order":0,"comment_status":"closed","ping_status":"closed","template":"","meta":{"footnotes":""},"class_list":["post-2718","page","type-page","status-publish","hentry"],"_links":{"self":[{"href":"https:\/\/leshurleventsduseudre.fr\/index.php?rest_route=\/wp\/v2\/pages\/2718","targetHints":{"allow":["GET"]}}],"collection":[{"href":"https:\/\/leshurleventsduseudre.fr\/index.php?rest_route=\/wp\/v2\/pages"}],"about":[{"href":"https:\/\/leshurleventsduseudre.fr\/index.php?rest_route=\/wp\/v2\/types\/page"}],"author":[{"embeddable":true,"href":"https:\/\/leshurleventsduseudre.fr\/index.php?rest_route=\/wp\/v2\/users\/1"}],"replies":[{"embeddable":true,"href":"https:\/\/leshurleventsduseudre.fr\/index.php?rest_route=%2Fwp%2Fv2%2Fcomments&post=2718"}],"version-history":[{"count":9,"href":"https:\/\/leshurleventsduseudre.fr\/index.php?rest_route=\/wp\/v2\/pages\/2718\/revisions"}],"predecessor-version":[{"id":3749,"href":"https:\/\/leshurleventsduseudre.fr\/index.php?rest_route=\/wp\/v2\/pages\/2718\/revisions\/3749"}],"wp:attachment":[{"href":"https:\/\/leshurleventsduseudre.fr\/index.php?rest_route=%2Fwp%2Fv2%2Fmedia&parent=2718"}],"curies":[{"name":"wp","href":"https:\/\/api.w.org\/{rel}","templated":true}]}}