{"id":2344,"date":"2022-12-02T12:08:32","date_gmt":"2022-12-02T11:08:32","guid":{"rendered":"https:\/\/leshurleventsduseudre.fr\/?page_id=2344"},"modified":"2023-08-04T13:46:38","modified_gmt":"2023-08-04T11:46:38","slug":"le-parti-communiste","status":"publish","type":"page","link":"https:\/\/leshurleventsduseudre.fr\/?page_id=2344","title":{"rendered":"Le Parti Communiste"},"content":{"rendered":"<p><font color=\"0D1152\"><b>LE PARTI COMMUNISTE<\/b><br \/>\nPoint n\u00b055 du programme du parti :<br \/>\n<b>L\u2019orientation strat\u00e9gique de la politique de l\u2019\u00e9nergie sera fond\u00e9e sur la constitution d\u2019un mix \u00e9nerg\u00e9tique 100 % public et 100 % d\u00e9carbon\u00e9<\/b>.<br \/>\nPour cela, un projet d\u2019investissement sera \u00e9labor\u00e9, afin de d\u00e9carboner massivement la production d\u2019\u00e9nergie et d\u2019atteindre la neutralit\u00e9 carbone \u00e0 l\u2019horizon 2040-2050.<br \/>\nCe projet visera \u00e0 une forte croissance de la production \u00e9lectrique, <b>en investissant dans les \u00e9nergies renouvelables (solaire, \u00e9olien <\/b>et surtout dans l\u2019hydraulique, \u00e9nergie renouvelable pilotable) et dans l\u2019\u00e9lectricit\u00e9 nucl\u00e9aire avec la construction de six EPR suppl\u00e9mentaires au minimum.<\/font><\/p>\n","protected":false},"excerpt":{"rendered":"<p>LE PARTI COMMUNISTE Point n\u00b055 du programme du parti : L\u2019orientation strat\u00e9gique de la politique de l\u2019\u00e9nergie sera fond\u00e9e sur la constitution d\u2019un mix \u00e9nerg\u00e9tique 100 % public et 100 % d\u00e9carbon\u00e9. Pour cela, un projet d\u2019investissement sera \u00e9labor\u00e9, afin de d\u00e9carboner massivement la production d\u2019\u00e9nergie et d\u2019atteindre la neutralit\u00e9 carbone \u00e0 l\u2019horizon 2040-2050. Ce [&hellip;]<\/p>\n","protected":false},"author":1,"featured_media":0,"parent":0,"menu_order":0,"comment_status":"closed","ping_status":"closed","template":"","meta":{"footnotes":""},"class_list":["post-2344","page","type-page","status-publish","hentry"],"_links":{"self":[{"href":"https:\/\/leshurleventsduseudre.fr\/index.php?rest_route=\/wp\/v2\/pages\/2344","targetHints":{"allow":["GET"]}}],"collection":[{"href":"https:\/\/leshurleventsduseudre.fr\/index.php?rest_route=\/wp\/v2\/pages"}],"about":[{"href":"https:\/\/leshurleventsduseudre.fr\/index.php?rest_route=\/wp\/v2\/types\/page"}],"author":[{"embeddable":true,"href":"https:\/\/leshurleventsduseudre.fr\/index.php?rest_route=\/wp\/v2\/users\/1"}],"replies":[{"embeddable":true,"href":"https:\/\/leshurleventsduseudre.fr\/index.php?rest_route=%2Fwp%2Fv2%2Fcomments&post=2344"}],"version-history":[{"count":9,"href":"https:\/\/leshurleventsduseudre.fr\/index.php?rest_route=\/wp\/v2\/pages\/2344\/revisions"}],"predecessor-version":[{"id":2888,"href":"https:\/\/leshurleventsduseudre.fr\/index.php?rest_route=\/wp\/v2\/pages\/2344\/revisions\/2888"}],"wp:attachment":[{"href":"https:\/\/leshurleventsduseudre.fr\/index.php?rest_route=%2Fwp%2Fv2%2Fmedia&parent=2344"}],"curies":[{"name":"wp","href":"https:\/\/api.w.org\/{rel}","templated":true}]}}