{"id":2341,"date":"2022-12-02T12:07:43","date_gmt":"2022-12-02T11:07:43","guid":{"rendered":"https:\/\/leshurleventsduseudre.fr\/?page_id=2341"},"modified":"2024-04-25T18:07:05","modified_gmt":"2024-04-25T16:07:05","slug":"le-modem","status":"publish","type":"page","link":"https:\/\/leshurleventsduseudre.fr\/?page_id=2341","title":{"rendered":"Le MODEM"},"content":{"rendered":"<p><font color=\"0D1152\"><b>Le MODEM<\/b><br \/>\nCi-apr\u00e8s l&rsquo;extrait du programme du MODEM concernant la <b><i>transition \u00e9nerg\u00e9tique<\/i><\/b>.<br \/>\n&#8211; <b>Promouvoir les sources d\u2019\u00e9nergies renouvelables, notamment les \u00e9nergies \u00e9oliennes marines<\/b> et le gaz renouvelable issu de l\u2019\u00e9conomie circulaire, ainsi que l\u2019hydrog\u00e8ne et le bio\u00e9thanol &#8230; <\/font><\/p>\n","protected":false},"excerpt":{"rendered":"<p>Le MODEM Ci-apr\u00e8s l&rsquo;extrait du programme du MODEM concernant la transition \u00e9nerg\u00e9tique. &#8211; Promouvoir les sources d\u2019\u00e9nergies renouvelables, notamment les \u00e9nergies \u00e9oliennes marines et le gaz renouvelable issu de l\u2019\u00e9conomie circulaire, ainsi que l\u2019hydrog\u00e8ne et le bio\u00e9thanol &#8230;<\/p>\n","protected":false},"author":1,"featured_media":0,"parent":0,"menu_order":0,"comment_status":"closed","ping_status":"closed","template":"","meta":{"footnotes":""},"class_list":["post-2341","page","type-page","status-publish","hentry"],"_links":{"self":[{"href":"https:\/\/leshurleventsduseudre.fr\/index.php?rest_route=\/wp\/v2\/pages\/2341","targetHints":{"allow":["GET"]}}],"collection":[{"href":"https:\/\/leshurleventsduseudre.fr\/index.php?rest_route=\/wp\/v2\/pages"}],"about":[{"href":"https:\/\/leshurleventsduseudre.fr\/index.php?rest_route=\/wp\/v2\/types\/page"}],"author":[{"embeddable":true,"href":"https:\/\/leshurleventsduseudre.fr\/index.php?rest_route=\/wp\/v2\/users\/1"}],"replies":[{"embeddable":true,"href":"https:\/\/leshurleventsduseudre.fr\/index.php?rest_route=%2Fwp%2Fv2%2Fcomments&post=2341"}],"version-history":[{"count":9,"href":"https:\/\/leshurleventsduseudre.fr\/index.php?rest_route=\/wp\/v2\/pages\/2341\/revisions"}],"predecessor-version":[{"id":3754,"href":"https:\/\/leshurleventsduseudre.fr\/index.php?rest_route=\/wp\/v2\/pages\/2341\/revisions\/3754"}],"wp:attachment":[{"href":"https:\/\/leshurleventsduseudre.fr\/index.php?rest_route=%2Fwp%2Fv2%2Fmedia&parent=2341"}],"curies":[{"name":"wp","href":"https:\/\/api.w.org\/{rel}","templated":true}]}}