{"id":2338,"date":"2022-12-02T12:06:58","date_gmt":"2022-12-02T11:06:58","guid":{"rendered":"https:\/\/leshurleventsduseudre.fr\/?page_id=2338"},"modified":"2024-04-25T17:08:14","modified_gmt":"2024-04-25T15:08:14","slug":"le-rassemblement-national","status":"publish","type":"page","link":"https:\/\/leshurleventsduseudre.fr\/?page_id=2338","title":{"rendered":"Le Rassemblement National"},"content":{"rendered":"<p><font color=\"0D1152\"><b>LE RASSEMBLEMENT NATIONAL<\/b><br \/>\nDans \u00ab\u00a0<b><i>Notre programme d&rsquo;action pour une \u00e9cologie nationale<\/i><\/b>\u00ab\u00a0, en point n\u00b0 1 \u00ab\u00a0<b><i>Assurer la transition vers une \u00e9conomie d\u00e9carbon\u00e9e autonome en \u00e9nergie<\/i><\/b>\u00ab\u00a0, on peut lire :<br \/>\n&#8230; Nous prononcerons un moratoire sur l\u2019\u00e9olien et le solaire ; pour l\u2019\u00e9olien, nous lancerons le d\u00e9mant\u00e8lement progressif des sites en commen\u00e7ant par ceux qui arrivent en fin de vie. Toutes les subventions d\u00e9di\u00e9es \u00e0 promouvoir ces proc\u00e9d\u00e9s seront suspendues&#8230;<\/font><\/p>\n","protected":false},"excerpt":{"rendered":"<p>LE RASSEMBLEMENT NATIONAL Dans \u00ab\u00a0Notre programme d&rsquo;action pour une \u00e9cologie nationale\u00ab\u00a0, en point n\u00b0 1 \u00ab\u00a0Assurer la transition vers une \u00e9conomie d\u00e9carbon\u00e9e autonome en \u00e9nergie\u00ab\u00a0, on peut lire : &#8230; Nous prononcerons un moratoire sur l\u2019\u00e9olien et le solaire ; pour l\u2019\u00e9olien, nous lancerons le d\u00e9mant\u00e8lement progressif des sites en commen\u00e7ant par ceux qui arrivent [&hellip;]<\/p>\n","protected":false},"author":1,"featured_media":0,"parent":0,"menu_order":0,"comment_status":"closed","ping_status":"closed","template":"","meta":{"footnotes":""},"class_list":["post-2338","page","type-page","status-publish","hentry"],"_links":{"self":[{"href":"https:\/\/leshurleventsduseudre.fr\/index.php?rest_route=\/wp\/v2\/pages\/2338","targetHints":{"allow":["GET"]}}],"collection":[{"href":"https:\/\/leshurleventsduseudre.fr\/index.php?rest_route=\/wp\/v2\/pages"}],"about":[{"href":"https:\/\/leshurleventsduseudre.fr\/index.php?rest_route=\/wp\/v2\/types\/page"}],"author":[{"embeddable":true,"href":"https:\/\/leshurleventsduseudre.fr\/index.php?rest_route=\/wp\/v2\/users\/1"}],"replies":[{"embeddable":true,"href":"https:\/\/leshurleventsduseudre.fr\/index.php?rest_route=%2Fwp%2Fv2%2Fcomments&post=2338"}],"version-history":[{"count":12,"href":"https:\/\/leshurleventsduseudre.fr\/index.php?rest_route=\/wp\/v2\/pages\/2338\/revisions"}],"predecessor-version":[{"id":3745,"href":"https:\/\/leshurleventsduseudre.fr\/index.php?rest_route=\/wp\/v2\/pages\/2338\/revisions\/3745"}],"wp:attachment":[{"href":"https:\/\/leshurleventsduseudre.fr\/index.php?rest_route=%2Fwp%2Fv2%2Fmedia&parent=2338"}],"curies":[{"name":"wp","href":"https:\/\/api.w.org\/{rel}","templated":true}]}}