{"id":2331,"date":"2022-12-02T12:05:04","date_gmt":"2022-12-02T11:05:04","guid":{"rendered":"https:\/\/leshurleventsduseudre.fr\/?page_id=2331"},"modified":"2023-08-04T00:02:26","modified_gmt":"2023-08-03T22:02:26","slug":"les-republicains","status":"publish","type":"page","link":"https:\/\/leshurleventsduseudre.fr\/?page_id=2331","title":{"rendered":"Les R\u00e9publicains"},"content":{"rendered":"<p><font color=\"0D1152\"><b>LES REPUBLICAINS<\/b><br \/>\nLe point 8 du programme des R\u00e9publicains est intitul\u00e9 <u>R\u00e9duire notre d\u00e9pendance \u00e9nerg\u00e9tique<\/u> :<br \/>\n\u2022 Faire de la France le leader mondial de l\u2019hydrog\u00e8ne par un grand plan de soutien \u00e0 la fili\u00e8re<br \/>\n\u2022 Arr\u00eater la fermeture des centrales nucl\u00e9aires pr\u00e9vue par le gouvernement, prolonger la dur\u00e9e de vie des r\u00e9acteurs jusqu\u2019\u00e0 60 ans et construire des EPR de deuxi\u00e8me g\u00e9n\u00e9ration<br \/>\n\u2022 <b>Mettre en place un moratoire sur l\u2019\u00e9olien terrestre<\/b> lorsque les projets ne font pas l\u2019objet d\u2019un consensus politique local.<\/font><\/p>\n","protected":false},"excerpt":{"rendered":"<p>LES REPUBLICAINS Le point 8 du programme des R\u00e9publicains est intitul\u00e9 R\u00e9duire notre d\u00e9pendance \u00e9nerg\u00e9tique : \u2022 Faire de la France le leader mondial de l\u2019hydrog\u00e8ne par un grand plan de soutien \u00e0 la fili\u00e8re \u2022 Arr\u00eater la fermeture des centrales nucl\u00e9aires pr\u00e9vue par le gouvernement, prolonger la dur\u00e9e de vie des r\u00e9acteurs jusqu\u2019\u00e0 60 [&hellip;]<\/p>\n","protected":false},"author":1,"featured_media":0,"parent":0,"menu_order":0,"comment_status":"closed","ping_status":"closed","template":"","meta":{"footnotes":""},"class_list":["post-2331","page","type-page","status-publish","hentry"],"_links":{"self":[{"href":"https:\/\/leshurleventsduseudre.fr\/index.php?rest_route=\/wp\/v2\/pages\/2331","targetHints":{"allow":["GET"]}}],"collection":[{"href":"https:\/\/leshurleventsduseudre.fr\/index.php?rest_route=\/wp\/v2\/pages"}],"about":[{"href":"https:\/\/leshurleventsduseudre.fr\/index.php?rest_route=\/wp\/v2\/types\/page"}],"author":[{"embeddable":true,"href":"https:\/\/leshurleventsduseudre.fr\/index.php?rest_route=\/wp\/v2\/users\/1"}],"replies":[{"embeddable":true,"href":"https:\/\/leshurleventsduseudre.fr\/index.php?rest_route=%2Fwp%2Fv2%2Fcomments&post=2331"}],"version-history":[{"count":10,"href":"https:\/\/leshurleventsduseudre.fr\/index.php?rest_route=\/wp\/v2\/pages\/2331\/revisions"}],"predecessor-version":[{"id":2873,"href":"https:\/\/leshurleventsduseudre.fr\/index.php?rest_route=\/wp\/v2\/pages\/2331\/revisions\/2873"}],"wp:attachment":[{"href":"https:\/\/leshurleventsduseudre.fr\/index.php?rest_route=%2Fwp%2Fv2%2Fmedia&parent=2331"}],"curies":[{"name":"wp","href":"https:\/\/api.w.org\/{rel}","templated":true}]}}