{"id":2329,"date":"2022-12-02T12:04:13","date_gmt":"2022-12-02T11:04:13","guid":{"rendered":"https:\/\/leshurleventsduseudre.fr\/?page_id=2329"},"modified":"2024-04-25T18:53:20","modified_gmt":"2024-04-25T16:53:20","slug":"la-france-insoumise","status":"publish","type":"page","link":"https:\/\/leshurleventsduseudre.fr\/?page_id=2329","title":{"rendered":"La France Insoumise"},"content":{"rendered":"<p><font color=\"0D1152\"><b>LA FRANCE INSOUMISE<\/b>, Programme du parti :<br \/>\n<b><i>Produire l&rsquo;\u00e9nergie autrement<\/i><\/b> :<br \/>\n&#8211; Plus que doubler l\u2019\u00e9olien, qui pourra compter en 2050 sur environ 18 500 \u00e9oliennes et 3000 en mer.<br \/>\n<b><i>Atteindre le 100 % renouvelable est possible<\/i><\/b> :<br \/>\n&#8211; Nous avons le potentiel et les comp\u00e9tences pour le faire. Planifier leur mont\u00e9e en puissance est la condition pour sortir du nucl\u00e9aire et rompre avec la d\u00e9pendance aux \u00e9nergies fossiles. <\/font><\/p>\n","protected":false},"excerpt":{"rendered":"<p>LA FRANCE INSOUMISE, Programme du parti : Produire l&rsquo;\u00e9nergie autrement : &#8211; Plus que doubler l\u2019\u00e9olien, qui pourra compter en 2050 sur environ 18 500 \u00e9oliennes et 3000 en mer. Atteindre le 100 % renouvelable est possible : &#8211; Nous avons le potentiel et les comp\u00e9tences pour le faire. Planifier leur mont\u00e9e en puissance est [&hellip;]<\/p>\n","protected":false},"author":1,"featured_media":0,"parent":0,"menu_order":0,"comment_status":"closed","ping_status":"closed","template":"","meta":{"footnotes":""},"class_list":["post-2329","page","type-page","status-publish","hentry"],"_links":{"self":[{"href":"https:\/\/leshurleventsduseudre.fr\/index.php?rest_route=\/wp\/v2\/pages\/2329","targetHints":{"allow":["GET"]}}],"collection":[{"href":"https:\/\/leshurleventsduseudre.fr\/index.php?rest_route=\/wp\/v2\/pages"}],"about":[{"href":"https:\/\/leshurleventsduseudre.fr\/index.php?rest_route=\/wp\/v2\/types\/page"}],"author":[{"embeddable":true,"href":"https:\/\/leshurleventsduseudre.fr\/index.php?rest_route=\/wp\/v2\/users\/1"}],"replies":[{"embeddable":true,"href":"https:\/\/leshurleventsduseudre.fr\/index.php?rest_route=%2Fwp%2Fv2%2Fcomments&post=2329"}],"version-history":[{"count":12,"href":"https:\/\/leshurleventsduseudre.fr\/index.php?rest_route=\/wp\/v2\/pages\/2329\/revisions"}],"predecessor-version":[{"id":3760,"href":"https:\/\/leshurleventsduseudre.fr\/index.php?rest_route=\/wp\/v2\/pages\/2329\/revisions\/3760"}],"wp:attachment":[{"href":"https:\/\/leshurleventsduseudre.fr\/index.php?rest_route=%2Fwp%2Fv2%2Fmedia&parent=2329"}],"curies":[{"name":"wp","href":"https:\/\/api.w.org\/{rel}","templated":true}]}}