{"id":2325,"date":"2022-12-02T12:00:42","date_gmt":"2022-12-02T11:00:42","guid":{"rendered":"https:\/\/leshurleventsduseudre.fr\/?page_id=2325"},"modified":"2023-08-04T08:34:20","modified_gmt":"2023-08-04T06:34:20","slug":"le-parti-socialiste","status":"publish","type":"page","link":"https:\/\/leshurleventsduseudre.fr\/?page_id=2325","title":{"rendered":"Le Parti Socialiste"},"content":{"rendered":"<p><font color=\"0D1152\"><b>LE PARTI SOCIALISTE<\/b><br \/>\nLe programme du parti socialiste : point 10 : Comment prot\u00e9ger notre environnement face \u00e0 un capitalisme d\u00e9brid\u00e9 ?<br \/>\n&#8230;Notre enjeu est de sortir de la d\u00e9pendance aux \u00e9nergies fossiles. A moyen terme, nous assumons un mix \u00e9nerg\u00e9tique comprenant un nucl\u00e9aire s\u00e9curis\u00e9 et renouvel\u00e9 (EPR\/ SMR&#8230;)&#8230;<br \/>\n&#8230;.Il conviendra de d\u00e9velopper la recherche pour relever le d\u00e9fi d\u2019une \u00e9cologie juste : <b>am\u00e9liorer le rendement de certaines installations (\u00e9oliennes<\/b>, panneaux solaires), apprendre \u00e0 mieux stocker l\u2019\u00e9nergie, conserver une v\u00e9ritable diversit\u00e9 des sources d\u2019\u00e9nergie etc. &#8230;<\/font><\/p>\n","protected":false},"excerpt":{"rendered":"<p>LE PARTI SOCIALISTE Le programme du parti socialiste : point 10 : Comment prot\u00e9ger notre environnement face \u00e0 un capitalisme d\u00e9brid\u00e9 ? &#8230;Notre enjeu est de sortir de la d\u00e9pendance aux \u00e9nergies fossiles. A moyen terme, nous assumons un mix \u00e9nerg\u00e9tique comprenant un nucl\u00e9aire s\u00e9curis\u00e9 et renouvel\u00e9 (EPR\/ SMR&#8230;)&#8230; &#8230;.Il conviendra de d\u00e9velopper la recherche [&hellip;]<\/p>\n","protected":false},"author":1,"featured_media":0,"parent":0,"menu_order":0,"comment_status":"closed","ping_status":"closed","template":"","meta":{"footnotes":""},"class_list":["post-2325","page","type-page","status-publish","hentry"],"_links":{"self":[{"href":"https:\/\/leshurleventsduseudre.fr\/index.php?rest_route=\/wp\/v2\/pages\/2325","targetHints":{"allow":["GET"]}}],"collection":[{"href":"https:\/\/leshurleventsduseudre.fr\/index.php?rest_route=\/wp\/v2\/pages"}],"about":[{"href":"https:\/\/leshurleventsduseudre.fr\/index.php?rest_route=\/wp\/v2\/types\/page"}],"author":[{"embeddable":true,"href":"https:\/\/leshurleventsduseudre.fr\/index.php?rest_route=\/wp\/v2\/users\/1"}],"replies":[{"embeddable":true,"href":"https:\/\/leshurleventsduseudre.fr\/index.php?rest_route=%2Fwp%2Fv2%2Fcomments&post=2325"}],"version-history":[{"count":8,"href":"https:\/\/leshurleventsduseudre.fr\/index.php?rest_route=\/wp\/v2\/pages\/2325\/revisions"}],"predecessor-version":[{"id":2879,"href":"https:\/\/leshurleventsduseudre.fr\/index.php?rest_route=\/wp\/v2\/pages\/2325\/revisions\/2879"}],"wp:attachment":[{"href":"https:\/\/leshurleventsduseudre.fr\/index.php?rest_route=%2Fwp%2Fv2%2Fmedia&parent=2325"}],"curies":[{"name":"wp","href":"https:\/\/api.w.org\/{rel}","templated":true}]}}