{"id":2302,"date":"2022-12-02T11:25:49","date_gmt":"2022-12-02T10:25:49","guid":{"rendered":"https:\/\/leshurleventsduseudre.fr\/?page_id=2302"},"modified":"2024-11-21T10:31:57","modified_gmt":"2024-11-21T09:31:57","slug":"eelv","status":"publish","type":"page","link":"https:\/\/leshurleventsduseudre.fr\/?page_id=2302","title":{"rendered":"EELV"},"content":{"rendered":"<p><font color=\"0D1152\"><b>EUROPE ECOLOGIE LES VERTS<\/b><br \/>\nExtrait du programme de EELV : <b><i>Structurer les fili\u00e8res industrielles n\u00e9cessaires \u00e0 la transition \u00e9nerg\u00e9tique<\/i><\/b> :<br \/>\nL\u2019\u00c9tat doit prendre en main la planification de fili\u00e8res industrielles indispensables \u00e0 la transition<br \/>\n\u00e9nerg\u00e9tique, telles que l\u2019industrie solaire, \u00e9olienne, biomasse, hydrog\u00e8ne, mat\u00e9riaux pour la<br \/>\nconstruction, \u00e9lectronique, stockages \u00e9nerg\u00e9tiques, notamment pour r\u00e9pondre aux enjeux<br \/>\nsuivants : favoriser l\u2019ind\u00e9pendance strat\u00e9gique vis-\u00e0-vis des pays exportateurs de technologies et<br \/>\naligner la strat\u00e9gie industrielle nationale avec les objectifs climatiques et sociaux ; relocaliser<br \/>\nl\u2019emploi sur le territoire national sur toute la cha\u00eene de valeur ; relocaliser et contr\u00f4ler les impacts<br \/>\nenvironnementaux et les \u00e9missions de gaz \u00e0 effet de serre des fili\u00e8res industrielles \u00e0 l\u2019int\u00e9rieur du<br \/>\nterritoire national, pour limiter les \u00e9missions d\u00e9localis\u00e9es \u00e0 l\u2019\u00e9tranger.<\/font><\/p>\n","protected":false},"excerpt":{"rendered":"<p>EUROPE ECOLOGIE LES VERTS Extrait du programme de EELV : Structurer les fili\u00e8res industrielles n\u00e9cessaires \u00e0 la transition \u00e9nerg\u00e9tique : L\u2019\u00c9tat doit prendre en main la planification de fili\u00e8res industrielles indispensables \u00e0 la transition \u00e9nerg\u00e9tique, telles que l\u2019industrie solaire, \u00e9olienne, biomasse, hydrog\u00e8ne, mat\u00e9riaux pour la construction, \u00e9lectronique, stockages \u00e9nerg\u00e9tiques, notamment pour r\u00e9pondre aux enjeux suivants [&hellip;]<\/p>\n","protected":false},"author":1,"featured_media":1234,"parent":0,"menu_order":0,"comment_status":"closed","ping_status":"closed","template":"","meta":{"footnotes":""},"class_list":["post-2302","page","type-page","status-publish","has-post-thumbnail","hentry"],"_links":{"self":[{"href":"https:\/\/leshurleventsduseudre.fr\/index.php?rest_route=\/wp\/v2\/pages\/2302","targetHints":{"allow":["GET"]}}],"collection":[{"href":"https:\/\/leshurleventsduseudre.fr\/index.php?rest_route=\/wp\/v2\/pages"}],"about":[{"href":"https:\/\/leshurleventsduseudre.fr\/index.php?rest_route=\/wp\/v2\/types\/page"}],"author":[{"embeddable":true,"href":"https:\/\/leshurleventsduseudre.fr\/index.php?rest_route=\/wp\/v2\/users\/1"}],"replies":[{"embeddable":true,"href":"https:\/\/leshurleventsduseudre.fr\/index.php?rest_route=%2Fwp%2Fv2%2Fcomments&post=2302"}],"version-history":[{"count":17,"href":"https:\/\/leshurleventsduseudre.fr\/index.php?rest_route=\/wp\/v2\/pages\/2302\/revisions"}],"predecessor-version":[{"id":3832,"href":"https:\/\/leshurleventsduseudre.fr\/index.php?rest_route=\/wp\/v2\/pages\/2302\/revisions\/3832"}],"wp:featuredmedia":[{"embeddable":true,"href":"https:\/\/leshurleventsduseudre.fr\/index.php?rest_route=\/wp\/v2\/media\/1234"}],"wp:attachment":[{"href":"https:\/\/leshurleventsduseudre.fr\/index.php?rest_route=%2Fwp%2Fv2%2Fmedia&parent=2302"}],"curies":[{"name":"wp","href":"https:\/\/api.w.org\/{rel}","templated":true}]}}