{"id":2136,"date":"2021-12-30T22:23:55","date_gmt":"2021-12-30T21:23:55","guid":{"rendered":"https:\/\/leshurleventsduseudre.fr\/?page_id=2136"},"modified":"2021-12-30T22:37:49","modified_gmt":"2021-12-30T21:37:49","slug":"presentation-du-film","status":"publish","type":"page","link":"https:\/\/leshurleventsduseudre.fr\/?page_id=2136","title":{"rendered":"Pr\u00e9sentation du film"},"content":{"rendered":"<p><b>Eoliennes : les mensonges du vent<\/b><br \/>\nLe documentaire intitul\u00e9 <i>Eoliennes&nbsp;: du r\u00eave aux r\u00e9alit\u00e9s<\/i> conna\u00eet un succ\u00e8s viral sur Internet. Avec pr\u00e8s de 200 000 spectateurs en trois semaines, il se rapproche d&rsquo;une audience moyenne sur une cha\u00eene nationale. Le doc \u00e9colo Demain, de M\u00e9lanie Laurent et C\u00e9dric Dion, devenu culte depuis, avait lui aussi os\u00e9 une lev\u00e9e des fonds en dehors de toute participation d&rsquo;une cha\u00eene publique ou priv\u00e9e. Celui de Charles Thimon n&rsquo;est pas anti-\u00e9colo mais anti-\u00e9olien. Avec 200 000 euros, une vingtaine d&rsquo;intervenants, un travail pr\u00e9cis d&rsquo;analyse des donn\u00e9es chiffr\u00e9es et un format tr\u00e8s long (2h), il nous fait entrer avec talent dans les arcanes d&rsquo;une duperie collective. Charles Thimon a \u00e9t\u00e9 frapp\u00e9 par le contraste entre ces m\u00e2tures majestueuses dans des d\u00e9cors de r\u00eave, ces rentes distribu\u00e9es aux propri\u00e9taires priv\u00e9s ou aux collectivit\u00e9s locales et leurs r\u00e9sultats plus que d\u00e9cevants. Il n&rsquo;est pas le seul&nbsp;: la col\u00e8re contre les \u00e9oliennes a anim\u00e9 les \u00e9lections r\u00e9gionales et d\u00e9partementales. Les cas de la montagne Sainte-Victoire, de la baie de Somme et de Saint-Brieuc, et bien d&rsquo;autres, sont r\u00e9guli\u00e8rement trait\u00e9s dans les m\u00e9dias. Il ne s&rsquo;agit d&rsquo;ailleurs pas de rejeter l&rsquo;\u00e9olien par principe. Personne ne dira qu&rsquo;il n&rsquo;est pas une source int\u00e9ressante d&rsquo;\u00e9nergie dans des pays peu habit\u00e9s qui b\u00e9n\u00e9ficient de bons r\u00e9gimes de vents.<\/p>\n<p>En revanche, sont-elles vraiment n\u00e9cessaires dans un pays dens\u00e9ment peupl\u00e9, dont les paysages sont un atout patrimonial et touristique et qui a d\u00e9velopp\u00e9 sans accrocs depuis soixante ans une \u00e9lectricit\u00e9 propre&nbsp;? La r\u00e9ponse est non&nbsp;! L&rsquo;exception fran\u00e7aise \u00e9tait pourtant criante&nbsp;: elle produisait une \u00e9lectricit\u00e9 d\u00e9carbon\u00e9e \u00e0 bas co\u00fbt, gr\u00e2ce au nucl\u00e9aire et \u00e0 l&rsquo;hydro\u00e9lectrique. Pourquoi fallait-il qu&rsquo;elle monte dans cette gal\u00e8re&nbsp;? <i>\u00ab&nbsp;On a rhabill\u00e9 en \u00ab&nbsp;politique climatique&nbsp;\u00bb une subvention massive d&rsquo;\u00e9oliennes et de panneaux solaires dont le r\u00e9sultat est nul, puisque cette \u00e9lectricit\u00e9 se substitue \u00e0 une autre, le nucl\u00e9aire, qui produit deux fois moins de CO2 sur l&rsquo;ensemble de son cycle de vie. Un tel aveuglement aboutit par exemple \u00e0 ne pas se demander si ces milliards ne seraient pas beaucoup plus efficaces s&rsquo;ils \u00e9taient consacr\u00e9s \u00e0 l&rsquo;isolation des b\u00e2timents, \u00e0 l&rsquo;agriculture ou aux transports&nbsp;\u00bb<\/i>, commente Charles Thimon. Ce documentaire ouvertement \u00e0 charge \u2013 et pourquoi ne le serait-il pas quand on voit sans cesse des documentaires \u00e0 charge sur les cha\u00eenes du service public&nbsp;? &#8211; dresse donc un bilan n\u00e9gatif et pas seulement pour la France. La liste est longue&nbsp;: nuisances sonores, effets sur la pollution des sols et des fonds marins, mauvais bilan carbone, prix dop\u00e9, \u00e9nergie instable produite \u00e0 partir de composants import\u00e9s du bout du monde, cha\u00eenes d&rsquo;investissements opaques et opportunistes.<\/p>\n<p>Mais la conjuration des antinucl\u00e9aires n&rsquo;avait rien de plus press\u00e9 que de tourner la page de cette \u00e9nergie qui a sauv\u00e9 la France de la tyrannie des hydrocarbures. Les orateurs de l&rsquo;\u00e9cologie, cit\u00e9s dans le documentaire, font de l&rsquo;\u00e9olien et du solaire la vitrine d&rsquo;un nouveau mod\u00e8le de soci\u00e9t\u00e9. Ces nouvelles \u00e9nergies sont cens\u00e9es ouvrir sur des territoires autog\u00e9r\u00e9s, chacun pilotant en toute transparence (le mot est sacr\u00e9&nbsp;!) son \u00e9olienne et ses panneaux solaires. Le tout sans risque et sans pollution. Face \u00e0 cette image idyllique, digne des bergers de l&rsquo;Arcadie, l&rsquo;\u00e9nergie nucl\u00e9aire \u00e9tait&#8230; le mouton noir. Mais les d\u00e9fauts des \u00e9nergies renouvelables sont peu \u00e0 peu apparus. Et les qualit\u00e9 du nucl\u00e9aire redeviennent dicibles. Par exemple, celle-ci&nbsp;: les 56 r\u00e9acteurs sont r\u00e9partis sur 18 sites d\u00e9j\u00e0 construits et <i>\u00ab&nbsp;ils utilisent 400 fois moins d&rsquo;espace que l&rsquo;\u00e9olien pour une m\u00eame puissance&nbsp;\u00bb<\/i>. Charles Thimon pr\u00e9cise qu&rsquo;il ne re\u00e7oit aucun subside des lobbys du nucl\u00e9aire.<\/p>\n<p>L&rsquo;\u00e9cologie radicale pr\u00e9sente le nucl\u00e9aire comme l&rsquo;incarnation mal\u00e9fique d&rsquo;une soci\u00e9t\u00e9 opaque, technocratique, hi\u00e9rarchique et centralis\u00e9e. Telle est la coh\u00e9rence du dogme vert&nbsp;: \u00e0 un nouveau mod\u00e8le politique, un nouveau mode de production de l&rsquo;\u00e9nergie. Cette opposition sym\u00e9trique des deux mondes est digne d&rsquo;un jardin \u00e0 la fran\u00e7aise. Mais elle est trompeuse sur toute la ligne. La gestion des \u00e9oliennes est opaque, affairiste et rel\u00e8ve de l&rsquo;arbitaire administratif. Leur mont\u00e9e en puissance est aussi la preuve d&rsquo;une inconscience collective qui confine \u00e0 la folie. Elle suppose que la soci\u00e9t\u00e9 de la \u00ab&nbsp;sobri\u00e9t\u00e9 heureuse&nbsp;\u00bb s&rsquo;accommode des coupures de courant \u00e0 toute heure du jour et de la nuit et qu&rsquo;elle institue la pr\u00e9carit\u00e9 \u00e9nerg\u00e9tique en un nouvel art de vivre. Chacun imagine bien qu&rsquo;il en r\u00e9sulterait un chaos social g\u00e9n\u00e9ralis\u00e9. L&rsquo;\u00e9olien est une \u00e9nergie d&rsquo;appoint mais ne peut en aucun cas pr\u00e9tendre se substituer au nucl\u00e9aire ou, malheureusement, au charbon.<\/p>\n<p>Or il y a des moyens d&rsquo;\u00e9viter la politique du pire en assumant le chemin d\u00e9j\u00e0 trac\u00e9 par l&rsquo;atome. Par rejet du nucl\u00e9aire, par mim\u00e9tisme avec les pays du Nord \u2013 mais pas tous, la Su\u00e8de, la Norv\u00e8ge et l&rsquo;Angleterre sont pronucl\u00e9aires -, par peur de rater la prochaine r\u00e9volution \u00e9nerg\u00e9tique et ses march\u00e9s d&rsquo;exportation, les gouvernements fran\u00e7ais ont c\u00e9d\u00e9 aux sir\u00e8nes de l&rsquo;\u00e9olien et du solaire.  Ils avaient raison de vouloir profiter de l&rsquo;\u00e9mergence d&rsquo;une nouvelle industrie afin d&rsquo;exporter dans les pays demandeurs mais la Chine les a pris de vitesse. Nous savons d\u00e9sormais que les g\u00e9n\u00e9raliser    France, en revanche, n&rsquo;\u00e9tait pas une bonne id\u00e9e.<\/p>\n<p>Aujourd&rsquo;hui l&rsquo;opinion r\u00e9apprend peu \u00e0 peu \u00e0 peser de mani\u00e8re objective les avantages et les risques du nucl\u00e9aire. Il est donc plus que temps de se d\u00e9faire de l&rsquo;atome honteux. Charles Thimon a raison d&rsquo;insister sur le fait que nous avons avec l&rsquo;Allemagne une d\u00e9monstration en grandeur r\u00e9elle de l&rsquo;\u00e9chec d&rsquo;une transition \u00e9nerg\u00e9tique reposant sur le renouvelable. \u00ab&nbsp;L&rsquo;\u00e9lectricit\u00e9 y co\u00fbte deux fois plus cher qu&rsquo;en France mais les \u00e9missions de gaz \u00e0 effet de serre ne diminuent pas car cette \u00e9nergie intermittente suppose le concours de centrales \u00e0 charbon&nbsp;\u00bb, explique tr\u00e8s bien Jean-Marc Jancovici, l&rsquo;un des interview\u00e9s. L&rsquo;Allemagne a d\u00e9j\u00e0 investi 500 milliards d&rsquo;euros dans un mod\u00e8le qui n&rsquo;est pas viable, d&rsquo;autant plus qu&rsquo;il faut prendre en compte la vraie neutralit\u00e9 carbone, en mesurant aussi les quantit\u00e9s de CO2 \u00e9mises ailleurs pour produire les \u00e9oliennes import\u00e9es de Chine.<\/p>\n<p>En 1950, l&rsquo;Europe a commenc\u00e9 par une convergence franco-allemande sur l&rsquo;\u00e9nergie. La mise en commun des bassins houillers de la Rhur et de la Sarre a permis \u00e0 la France de se reconstruire plus vite, et, en \u00e9change, l&rsquo;Allemagne a acc\u00e9l\u00e9r\u00e9 son retour dans la famille europ\u00e9enne. Cette id\u00e9e d&rsquo;un engrenage d&rsquo;int\u00e9r\u00eats diff\u00e9rents mais compl\u00e9mentaires est aujourd&rsquo;hui gravement en panne en mati\u00e8re de politique \u00e9nerg\u00e9tique. L&rsquo;Allemagne continue de batailler contre l&rsquo;atome au niveau europ\u00e9en, tout en soutenant l&rsquo;importation du gaz russe. Il est temps de lui dire que son obsession antinucl\u00e9aire est son probl\u00e8me et qu&rsquo;il reste notre solution.<br \/>\n<b>Charles Jaigu<\/b><br \/>\ncjaigu@lefigaro.fr<\/p>\n<p><a href=\"https:\/\/eoliennes-lefilm.com\/\" target=\"_blank\" rel=\"noopener\">\u00ab\u00a0Eoliennes : du r\u00eave aux r\u00e9alit\u00e9s\u00a0\u00bb<\/a>  Documentaires de 1h 58 par Charles Thimon, produit par Documentaire et v\u00e9rit\u00e9.<\/p>\n","protected":false},"excerpt":{"rendered":"<p>Eoliennes : les mensonges du vent Le documentaire intitul\u00e9 Eoliennes&nbsp;: du r\u00eave aux r\u00e9alit\u00e9s conna\u00eet un succ\u00e8s viral sur Internet. Avec pr\u00e8s de 200 000 spectateurs en trois semaines, il se rapproche d&rsquo;une audience moyenne sur une cha\u00eene nationale. Le doc \u00e9colo Demain, de M\u00e9lanie Laurent et C\u00e9dric Dion, devenu culte depuis, avait lui aussi [&hellip;]<\/p>\n","protected":false},"author":1,"featured_media":0,"parent":0,"menu_order":0,"comment_status":"closed","ping_status":"closed","template":"","meta":{"footnotes":""},"class_list":["post-2136","page","type-page","status-publish","hentry"],"_links":{"self":[{"href":"https:\/\/leshurleventsduseudre.fr\/index.php?rest_route=\/wp\/v2\/pages\/2136","targetHints":{"allow":["GET"]}}],"collection":[{"href":"https:\/\/leshurleventsduseudre.fr\/index.php?rest_route=\/wp\/v2\/pages"}],"about":[{"href":"https:\/\/leshurleventsduseudre.fr\/index.php?rest_route=\/wp\/v2\/types\/page"}],"author":[{"embeddable":true,"href":"https:\/\/leshurleventsduseudre.fr\/index.php?rest_route=\/wp\/v2\/users\/1"}],"replies":[{"embeddable":true,"href":"https:\/\/leshurleventsduseudre.fr\/index.php?rest_route=%2Fwp%2Fv2%2Fcomments&post=2136"}],"version-history":[{"count":8,"href":"https:\/\/leshurleventsduseudre.fr\/index.php?rest_route=\/wp\/v2\/pages\/2136\/revisions"}],"predecessor-version":[{"id":2147,"href":"https:\/\/leshurleventsduseudre.fr\/index.php?rest_route=\/wp\/v2\/pages\/2136\/revisions\/2147"}],"wp:attachment":[{"href":"https:\/\/leshurleventsduseudre.fr\/index.php?rest_route=%2Fwp%2Fv2%2Fmedia&parent=2136"}],"curies":[{"name":"wp","href":"https:\/\/api.w.org\/{rel}","templated":true}]}}