{"id":176,"date":"2021-04-01T19:56:09","date_gmt":"2021-04-01T17:56:09","guid":{"rendered":"http:\/\/leshurleventsduseudre.fr\/?page_id=176"},"modified":"2024-11-27T17:30:35","modified_gmt":"2024-11-27T16:30:35","slug":"les-textes-fondateurs","status":"publish","type":"page","link":"https:\/\/leshurleventsduseudre.fr\/?page_id=176","title":{"rendered":"Les textes fondateurs"},"content":{"rendered":"<p><font color=\"0d1152\"><strong>LES TEXTES FONDATEURS<\/strong><\/font><br \/>\n<a href=\"https:\/\/leshurleventsduseudre.fr\/wp-content\/uploads\/2023\/03\/Statuts-3.pdf\" target=\"_blank\" rel=\"noopener\">Les statuts<\/a><\/p>\n<p><a href=\"https:\/\/leshurleventsduseudre.fr\/wp-content\/uploads\/2021\/04\/PV-assemblee-constitutive.pdf\" target=\"_blank\" rel=\"noopener\">Le proc\u00e8s verbal d&rsquo;installation<\/a><\/p>\n<p><a href=\"https:\/\/leshurleventsduseudre.fr\/wp-content\/uploads\/2021\/04\/Declaration-ss-prefecture.pdf\" target=\"_blank\" rel=\"noopener\">La d\u00e9claration \u00e0 la sous-pr\u00e9fecture<\/a><\/p>\n","protected":false},"excerpt":{"rendered":"<p>LES TEXTES FONDATEURS Les statuts Le proc\u00e8s verbal d&rsquo;installation La d\u00e9claration \u00e0 la sous-pr\u00e9fecture<\/p>\n","protected":false},"author":1,"featured_media":0,"parent":0,"menu_order":0,"comment_status":"closed","ping_status":"closed","template":"","meta":{"footnotes":""},"class_list":["post-176","page","type-page","status-publish","hentry"],"_links":{"self":[{"href":"https:\/\/leshurleventsduseudre.fr\/index.php?rest_route=\/wp\/v2\/pages\/176","targetHints":{"allow":["GET"]}}],"collection":[{"href":"https:\/\/leshurleventsduseudre.fr\/index.php?rest_route=\/wp\/v2\/pages"}],"about":[{"href":"https:\/\/leshurleventsduseudre.fr\/index.php?rest_route=\/wp\/v2\/types\/page"}],"author":[{"embeddable":true,"href":"https:\/\/leshurleventsduseudre.fr\/index.php?rest_route=\/wp\/v2\/users\/1"}],"replies":[{"embeddable":true,"href":"https:\/\/leshurleventsduseudre.fr\/index.php?rest_route=%2Fwp%2Fv2%2Fcomments&post=176"}],"version-history":[{"count":37,"href":"https:\/\/leshurleventsduseudre.fr\/index.php?rest_route=\/wp\/v2\/pages\/176\/revisions"}],"predecessor-version":[{"id":3918,"href":"https:\/\/leshurleventsduseudre.fr\/index.php?rest_route=\/wp\/v2\/pages\/176\/revisions\/3918"}],"wp:attachment":[{"href":"https:\/\/leshurleventsduseudre.fr\/index.php?rest_route=%2Fwp%2Fv2%2Fmedia&parent=176"}],"curies":[{"name":"wp","href":"https:\/\/api.w.org\/{rel}","templated":true}]}}