{"id":1647,"date":"2021-05-04T10:18:41","date_gmt":"2021-05-04T08:18:41","guid":{"rendered":"https:\/\/leshurleventsduseudre.fr\/?page_id=1647"},"modified":"2026-04-03T13:22:17","modified_gmt":"2026-04-03T11:22:17","slug":"les-actualit","status":"publish","type":"page","link":"https:\/\/leshurleventsduseudre.fr\/?page_id=1647","title":{"rendered":"Les actualit\u00e9s"},"content":{"rendered":"\n<div class=\"wp-block-buttons is-layout-flex wp-block-buttons-is-layout-flex\">\n<div class=\"wp-block-button\"><a class=\"wp-block-button__link wp-element-button\" href=\"https:\/\/leshurleventsduseudre.fr\/?page_id=3799\" target=\"_blank\" >Les publications de la F\u00e9d\u00e9ration Environnement Durable<\/a><\/div> \n<\/div>\n\n\n<p><font color=\"0d1152\"><strong>LES ACTUALITES<\/strong><\/font><p\/> \n\n <font color=\"0d1152\">\u2666 1-4-26 Le promoteur JPEE a d\u00e9pos\u00e9 un recours contre la d\u00e9cision du pr\u00e9fet de Charente-Maritime. \nNous avons contact\u00e9 notre avocat pour organiser au mieux notre d\u00e9fense.\nUne Assembl\u00e9e G\u00e9n\u00e9rale sera organis\u00e9e \u00e0 St-Germain-du-Seudre courant avril. La date sera publi\u00e9e sur ce site prochainement.\nNos arguments sont solides et nous gagnerons cette bataille. Merci \u00e0 toutes les aides. \n<br><br>\n\u2666 27-1-26 Le pr\u00e9fet a rendu sa d\u00e9cision. Voir son <a href=\"https:\/\/leshurleventsduseudre.fr\/wp-content\/uploads\/2026\/04\/AP-refus-du-26-1-26.pdf\" target=\"_blank\" rel=\"noopener\"><b>arr\u00eat\u00e9 pr\u00e9fectoral<\/b><\/a> du 26 janvier 2026. \n<br><br>\n\u2666 13-12-25 Le pr\u00e9fet de Charente Maritime prolonge le d\u00e9lai pour une d\u00e9cision concernant le projet \u00e9olien des Charbonni\u00e8res \u00e0 St-Germain-du-Seudre jusqu&rsquo;au 13 f\u00e9vrier 2026. Voir <a href=\"https:\/\/leshurleventsduseudre.fr\/wp-content\/uploads\/2025\/12\/Arrete-2-du-prefet.pdf\" target=\"_blank\" rel=\"noopener\"><b>l&rsquo;arr\u00eat\u00e9 pr\u00e9fectoral<\/b><\/a>. \n<br><br>\n\u2666 13-6-25 Le commissaire enqu\u00eateur a rendu des <a href=\"https:\/\/leshurleventsduseudre.fr\/wp-content\/uploads\/2025\/06\/2-CONCLUSIONS-CE-EOLIEN-ST-GERMAIN-DU-SEUDRE.pdf\" target=\"_blank\" rel=\"noopener\"><b>conclusions <\/b><\/a>d\u00e9favorables au projet. Nous attendons maintenant la d\u00e9cision du pr\u00e9fet. Acc\u00e8s \u00e0 l&rsquo;ensemble des <a href=\"https:\/\/www.charente-maritime.gouv.fr\/Actions-de-l-Etat\/Environnement-risques-naturels-et-technologiques\/Consultation-du-public-et-commissions-consultatives\/Consultations-du-public\/Enquetes-publiques-cloturees\/25-03-25-Enquete-publique-Projet-d-un-parc-eolien-Des-Charbonnieres-a-SAINT-GERMAIN-DU-SEUDRE\" target=\"_blank\" rel=\"noopener\"><b>documents <\/b><\/a> mis en ligne par la pr\u00e9fecture.<\/div>\n\n<br>\n \n<font color=\"0d1152\">\u2666 5-5-25 L&rsquo;enqu\u00eate publique s&rsquo;est d\u00e9roul\u00e9e du 25 mars au 25 avril 2025. La participation a \u00e9t\u00e9 exemplaire : pas moins de 256 contributions sur le site d\u00e9di\u00e9 dont 253 contre le projet, 2 pour et 1 censur\u00e9e. Merci \u00e0 tous les contributaires pour leur engagement et leurs arguments souvent particuli\u00e8rement pertinents.\n<\/div>\n\n<br>\n\n<p><font color=\"0D1152\">\u2666 <b>Parc \u00e9olien des Charbonni\u00e8res \u00e0 Saint-Germain-du-Seudre<\/b> : les <a href=\"https:\/\/leshurleventsduseudre.fr\/?page_id=3566\" target=\"_blank\" rel=\"noopener\"><b>d\u00e9cisions <\/b><\/a> des communes alentour.\n<\/font><\/p> \n<\/div> \n\n\n","protected":false},"excerpt":{"rendered":"<p>LES ACTUALITES \u2666 1-4-26 Le promoteur JPEE a d\u00e9pos\u00e9 un recours contre la d\u00e9cision du pr\u00e9fet de Charente-Maritime. Nous avons contact\u00e9 notre avocat pour organiser au mieux notre d\u00e9fense. Une Assembl\u00e9e G\u00e9n\u00e9rale sera organis\u00e9e \u00e0 St-Germain-du-Seudre courant avril. La date sera publi\u00e9e sur ce site prochainement. Nos arguments sont solides et nous gagnerons cette bataille. [&hellip;]<\/p>\n","protected":false},"author":1,"featured_media":0,"parent":0,"menu_order":0,"comment_status":"closed","ping_status":"closed","template":"","meta":{"footnotes":""},"class_list":["post-1647","page","type-page","status-publish","hentry"],"_links":{"self":[{"href":"https:\/\/leshurleventsduseudre.fr\/index.php?rest_route=\/wp\/v2\/pages\/1647","targetHints":{"allow":["GET"]}}],"collection":[{"href":"https:\/\/leshurleventsduseudre.fr\/index.php?rest_route=\/wp\/v2\/pages"}],"about":[{"href":"https:\/\/leshurleventsduseudre.fr\/index.php?rest_route=\/wp\/v2\/types\/page"}],"author":[{"embeddable":true,"href":"https:\/\/leshurleventsduseudre.fr\/index.php?rest_route=\/wp\/v2\/users\/1"}],"replies":[{"embeddable":true,"href":"https:\/\/leshurleventsduseudre.fr\/index.php?rest_route=%2Fwp%2Fv2%2Fcomments&post=1647"}],"version-history":[{"count":339,"href":"https:\/\/leshurleventsduseudre.fr\/index.php?rest_route=\/wp\/v2\/pages\/1647\/revisions"}],"predecessor-version":[{"id":4449,"href":"https:\/\/leshurleventsduseudre.fr\/index.php?rest_route=\/wp\/v2\/pages\/1647\/revisions\/4449"}],"wp:attachment":[{"href":"https:\/\/leshurleventsduseudre.fr\/index.php?rest_route=%2Fwp%2Fv2%2Fmedia&parent=1647"}],"curies":[{"name":"wp","href":"https:\/\/api.w.org\/{rel}","templated":true}]}}