{"id":164,"date":"2021-04-01T19:47:18","date_gmt":"2021-04-01T17:47:18","guid":{"rendered":"http:\/\/leshurleventsduseudre.fr\/?page_id=164"},"modified":"2025-02-22T12:13:06","modified_gmt":"2025-02-22T11:13:06","slug":"le-comite-de-suivi","status":"publish","type":"page","link":"https:\/\/leshurleventsduseudre.fr\/?page_id=164","title":{"rendered":"Le comit\u00e9 de suivi"},"content":{"rendered":"<p><font color=\"0d1152\">Cr\u00e9ation du comit\u00e9 de suivi le 13 octobre 2020.<\/font><\/p>\n<p><font color=\"0d1152\">Le comit\u00e9 de suivi s&rsquo;est r\u00e9uni pour la premi\u00e8re fois le 3 f\u00e9vrier 2021, \u00e0 la salle des f\u00eates, en pr\u00e9sence de : M. Constant Dela, animateur, soci\u00e9t\u00e9 Qu\u00e9lia.<\/font><\/p>\n<p><font color=\"0d1152\">Par d\u00e9lib\u00e9ration du conseil municipal du 23 avril 2021 le maire s&rsquo;est engag\u00e9 \u00e0 dissoudre le comit\u00e9 de suivi.<\/font><\/p>\n","protected":false},"excerpt":{"rendered":"<p>Cr\u00e9ation du comit\u00e9 de suivi le 13 octobre 2020. Le comit\u00e9 de suivi s&rsquo;est r\u00e9uni pour la premi\u00e8re fois le 3 f\u00e9vrier 2021, \u00e0 la salle des f\u00eates, en pr\u00e9sence de : M. Constant Dela, animateur, soci\u00e9t\u00e9 Qu\u00e9lia. Par d\u00e9lib\u00e9ration du conseil municipal du 23 avril 2021 le maire s&rsquo;est engag\u00e9 \u00e0 dissoudre le comit\u00e9 [&hellip;]<\/p>\n","protected":false},"author":1,"featured_media":0,"parent":0,"menu_order":0,"comment_status":"closed","ping_status":"closed","template":"","meta":{"footnotes":""},"class_list":["post-164","page","type-page","status-publish","hentry"],"_links":{"self":[{"href":"https:\/\/leshurleventsduseudre.fr\/index.php?rest_route=\/wp\/v2\/pages\/164","targetHints":{"allow":["GET"]}}],"collection":[{"href":"https:\/\/leshurleventsduseudre.fr\/index.php?rest_route=\/wp\/v2\/pages"}],"about":[{"href":"https:\/\/leshurleventsduseudre.fr\/index.php?rest_route=\/wp\/v2\/types\/page"}],"author":[{"embeddable":true,"href":"https:\/\/leshurleventsduseudre.fr\/index.php?rest_route=\/wp\/v2\/users\/1"}],"replies":[{"embeddable":true,"href":"https:\/\/leshurleventsduseudre.fr\/index.php?rest_route=%2Fwp%2Fv2%2Fcomments&post=164"}],"version-history":[{"count":34,"href":"https:\/\/leshurleventsduseudre.fr\/index.php?rest_route=\/wp\/v2\/pages\/164\/revisions"}],"predecessor-version":[{"id":4250,"href":"https:\/\/leshurleventsduseudre.fr\/index.php?rest_route=\/wp\/v2\/pages\/164\/revisions\/4250"}],"wp:attachment":[{"href":"https:\/\/leshurleventsduseudre.fr\/index.php?rest_route=%2Fwp%2Fv2%2Fmedia&parent=164"}],"curies":[{"name":"wp","href":"https:\/\/api.w.org\/{rel}","templated":true}]}}