{"id":1600,"date":"2021-05-03T22:31:53","date_gmt":"2021-05-03T20:31:53","guid":{"rendered":"https:\/\/leshurleventsduseudre.fr\/?page_id=1600"},"modified":"2024-11-27T17:21:04","modified_gmt":"2024-11-27T16:21:04","slug":"les-candidats-aux-prochaines-elections","status":"publish","type":"page","link":"https:\/\/leshurleventsduseudre.fr\/?page_id=1600","title":{"rendered":"Notre avis"},"content":{"rendered":"<p><font color=\"0d1152\"><strong>NOTRE AVIS<\/strong><\/font><br \/>\n<font color=\"0d1152\">Les nuisances provoqu\u00e9es par les \u00e9oliennes sont nombreuses mais la raison de lutter contre ce mode de production d&rsquo;\u00e9nergie est ailleurs. <b>L&rsquo;INSTALLATION D&rsquo;EOLIENNES TERRESTRES EN FRANCE EST UNE ABERRATION<\/b> qui r\u00e9side dans le caract\u00e8re <b>INTERMITTENT<\/b> de la production. En effet, cette intermittence ne peut \u00eatre g\u00e9r\u00e9e que de trois fa\u00e7ons :<br \/>\n1- Une adaptation de la consommation \u00e0 l&rsquo;intermittence de la production ou<br \/>\n2- La consommation diff\u00e9r\u00e9e gr\u00e2ce au stockage de la production ou<br \/>\n3- Un moyen de production compl\u00e9mentaire pour palier \u00e0 cette intermittence.<\/p>\n<p>1- <b><u>Une adaptation de la consommation \u00e0 l&rsquo;intermittence de la production<\/u><\/b><br \/>\nCette adaptation est <b>impossible<\/b>. Prenons quelques exemples :<br \/>\na- Un travailleur rentre chez lui le soir, fatigu\u00e9 apr\u00e8s sa journ\u00e9e de travail. Apr\u00e8s le d\u00eener, \u00e0 20 h, il regarde les informations \u00e0 la t\u00e9l\u00e9vision. A 20 h 10 le journal s&rsquo;arr\u00eate car il n&rsquo;y a plus de vent&#8230;<br \/>\nb- Un travailleur marseillais est \u00e0 Paris, dans le m\u00e9tro, sur la ligne n\u00b01. Il va prendre son train gare de Lyon. Arriv\u00e9 \u00e0 Ch\u00e2telet le m\u00e9tro s&rsquo;arr\u00eate car &#8230; il n&rsquo;y a plus de vent ! Il risque fort de rater sont train &#8230; sauf si le train fonctionne lui aussi \u00e0 l&rsquo;\u00e9lectricit\u00e9 \u00e9olienne (sic).<br \/>\nOn peut multiplier \u00e0 l&rsquo;infini les exemples et m\u00eame les \u00e9cologistes les plus v\u00e9h\u00e9ments ne supporteraient pas longtemps ce mode d&rsquo;organisation.<br \/>\n2- <b><u>La consommation diff\u00e9r\u00e9e gr\u00e2ce au stockage de la production<\/u><\/b><br \/>\nL\u00e0 c&rsquo;est tout simple : on ne sait pas faire ! On sait construire des batteries pour des petites quantit\u00e9s d&rsquo;\u00e9lectricit\u00e9 &#8211; par exemple la batterie d&rsquo;une voiture &#8211; mais pas pour des quantit\u00e9s importantes. De plus, avec les connaissance actuelles, ces immenses batteries utiliseraient des quantit\u00e9s \u00e9normes de m\u00e9taux&#8230; Le caract\u00e8re \u00e9cologique des \u00e9oliennes serait compl\u00e8tement remis en cause.<br \/>\n3- <b><u>Un moyen de production compl\u00e9mentaire pour palier \u00e0 cette intermittence<\/b><\/u>.<br \/>\nLes \u00e9oliennes fonctionnent en moyenne 23 % du temps. Le reste du temps il n&rsquo;y a pas assez de vent ou trop de vent ou les machines sont en maintenance. Pour chaque \u00e9olienne il faut donc un autre mode de production qui fonctionnera 77 % du temps.<br \/>\nEn Allemagne, o\u00f9 le principal mode de production d&rsquo;\u00e9lectricit\u00e9 est le charbon, pas de probl\u00e8me. Les \u00e9oliennes viennent soulager les centrales \u00e0 charbon et, pendant 23 % du temps, la production de CO2 est consid\u00e9rablement diminu\u00e9e. A signaler que l&rsquo;\u00e9olien ne vient pas augmenter la puissance \u00e9lectrique mais uniquement soulager un dispositif par un autre.<br \/>\nEn Espagne, o\u00f9 le principal mode de production d&rsquo;\u00e9lectricit\u00e9 est le gaz, pas de probl\u00e8me. Les \u00e9oliennes viennent soulager les centrales \u00e0 gaz et, pendant 23 % du temps, la production de CO2 est tr\u00e8s diminu\u00e9e. M\u00eame remarque que pour l&rsquo;Allemagne ; il n&rsquo;y a pas de production suppl\u00e9mentaire mais un remplacement de syst\u00e8me de production.<br \/>\nEn France, o\u00f9 le principal mode de production d&rsquo;\u00e9lectricit\u00e9 est le nucl\u00e9aire, le probl\u00e8me est entier. Car le nucl\u00e9aire ne fournit pas de CO2 donc l&rsquo;utilisation d&rsquo;\u00e9oliennes n&rsquo;est d&rsquo;aucune utilit\u00e9 sur le plan \u00e9cologique. On vient donc remplacer 23 % du temps un syst\u00e8me qui fonctionne tr\u00e8s bien tout seul sans fournir de CO2 par un autre syst\u00e8me avec tous les co\u00fbts d&rsquo;investissement et de fonctionnement compl\u00e8tement inutiles que cela suppose. Mais pourquoi ? Antoine Waechter avait la r\u00e9ponse : \u00ab\u00a0L&rsquo;\u00e9olien ne fabrique pas de l&rsquo;\u00e9lectricit\u00e9. Il fabrique des euros, toujours plus d&rsquo;euros et toujours pour les m\u00eames, sur le dos des consommateurs\/utilisateurs\/contribuables.\u00a0\u00bb<\/font><\/p>\n","protected":false},"excerpt":{"rendered":"<p>NOTRE AVIS Les nuisances provoqu\u00e9es par les \u00e9oliennes sont nombreuses mais la raison de lutter contre ce mode de production d&rsquo;\u00e9nergie est ailleurs. L&rsquo;INSTALLATION D&rsquo;EOLIENNES TERRESTRES EN FRANCE EST UNE ABERRATION qui r\u00e9side dans le caract\u00e8re INTERMITTENT de la production. En effet, cette intermittence ne peut \u00eatre g\u00e9r\u00e9e que de trois fa\u00e7ons : 1- Une [&hellip;]<\/p>\n","protected":false},"author":1,"featured_media":0,"parent":0,"menu_order":0,"comment_status":"closed","ping_status":"closed","template":"","meta":{"footnotes":""},"class_list":["post-1600","page","type-page","status-publish","hentry"],"_links":{"self":[{"href":"https:\/\/leshurleventsduseudre.fr\/index.php?rest_route=\/wp\/v2\/pages\/1600","targetHints":{"allow":["GET"]}}],"collection":[{"href":"https:\/\/leshurleventsduseudre.fr\/index.php?rest_route=\/wp\/v2\/pages"}],"about":[{"href":"https:\/\/leshurleventsduseudre.fr\/index.php?rest_route=\/wp\/v2\/types\/page"}],"author":[{"embeddable":true,"href":"https:\/\/leshurleventsduseudre.fr\/index.php?rest_route=\/wp\/v2\/users\/1"}],"replies":[{"embeddable":true,"href":"https:\/\/leshurleventsduseudre.fr\/index.php?rest_route=%2Fwp%2Fv2%2Fcomments&post=1600"}],"version-history":[{"count":64,"href":"https:\/\/leshurleventsduseudre.fr\/index.php?rest_route=\/wp\/v2\/pages\/1600\/revisions"}],"predecessor-version":[{"id":3910,"href":"https:\/\/leshurleventsduseudre.fr\/index.php?rest_route=\/wp\/v2\/pages\/1600\/revisions\/3910"}],"wp:attachment":[{"href":"https:\/\/leshurleventsduseudre.fr\/index.php?rest_route=%2Fwp%2Fv2%2Fmedia&parent=1600"}],"curies":[{"name":"wp","href":"https:\/\/api.w.org\/{rel}","templated":true}]}}