{"id":160,"date":"2021-04-01T19:45:51","date_gmt":"2021-04-01T17:45:51","guid":{"rendered":"http:\/\/leshurleventsduseudre.fr\/?page_id=160"},"modified":"2025-02-20T11:13:52","modified_gmt":"2025-02-20T10:13:52","slug":"communications","status":"publish","type":"page","link":"https:\/\/leshurleventsduseudre.fr\/?page_id=160","title":{"rendered":"Nos publications"},"content":{"rendered":"<p><font color=\"0d1152\"><strong>NOS PUBLICATIONS<\/strong><\/font><br \/>\n<a href=\"https:\/\/leshurleventsduseudre.fr\/wp-content\/uploads\/2025\/02\/le-petit-hurleur-n\u00b05-6-a4.pdf\" target=\"_blank\" rel=\"noopener\">Le p&rsquo;tit hurleur n\u00b05,<\/a><font color=\"0D1152\">  f\u00e9vrier 2025<\/font><\/p>\n<p><font color=\"0D1152\"><a href=\"https:\/\/leshurleventsduseudre.fr\/wp-content\/uploads\/2023\/03\/saint-germain-170223.jpg\" target=\"_blank\" rel=\"noopener\"> Courrier de JPEE <\/a>\u00e0 Mme le Maire de St-Germain-du-Seudre, publi\u00e9 dans le petit journal communal de f\u00e9vrier 2023 ; <a href=\"https:\/\/leshurleventsduseudre.fr\/wp-content\/uploads\/2023\/03\/Reponse-a-JPEE-23-2-23.pdf\" target=\"_blank\" rel=\"noopener\"> R\u00e9ponse de notre pr\u00e9sident <\/a>en date du 23 f\u00e9vrier 2023.<\/font><\/p>\n<p><font color=\"0D1152\">Edition sp\u00e9ciale du <\/font><a href=\"https:\/\/leshurleventsduseudre.fr\/wp-content\/uploads\/2022\/10\/le-petit-hurleur-spe..pdf\" target=\"_blank\" rel=\"noopener\"> P&rsquo;tit Hurleur<\/a><font color=\"0D1152\"> automne 2022<\/font><\/p>\n<p><a href=\"https:\/\/leshurleventsduseudre.fr\/wp-content\/uploads\/2021\/05\/le-ptit-hurleur-n\u00b02.pdf\" target=\"_blank\" rel=\"noopener\">Le p&rsquo;tit hurleur n\u00b02,<\/a><font color=\"0D1152\">  juin 2021<\/font><\/p>\n<p><a href=\"https:\/\/leshurleventsduseudre.fr\/wp-content\/uploads\/2025\/01\/Petition-adressee-au-prefet-de-Charente-Maritime-H-290125.pdf\" target=\"_blank\" rel=\"noopener\">Texte de la p\u00e9tition <\/a><font color=\"0D1152\">sign\u00e9e par 1067 personnes \u00e0 la date du 15 mai 2021<\/font><\/p>\n<p><a href=\"https:\/\/leshurleventsduseudre.fr\/wp-content\/uploads\/2021\/04\/carte-de-voeux-2021-a-Mme-le-maire.pdf\" target=\"_blank\" rel=\"noopener\">Carte de voeux \u00e0 Madame le maire de Saint-Germain-du-Seudre<\/a><\/p>\n<p><a href=\"https:\/\/leshurleventsduseudre.fr\/wp-content\/uploads\/2021\/04\/Le-ptit-hurleur-n\u00b01-automne-2020.pdf\" target=\"_blank\" rel=\"noopener\">Le p&rsquo;tit hurleur n\u00b01,<\/a><font color=\"0D1152\"> automne 2020<\/font><\/p>\n","protected":false},"excerpt":{"rendered":"<p>NOS PUBLICATIONS Le p&rsquo;tit hurleur n\u00b05, f\u00e9vrier 2025 Courrier de JPEE \u00e0 Mme le Maire de St-Germain-du-Seudre, publi\u00e9 dans le petit journal communal de f\u00e9vrier 2023 ; R\u00e9ponse de notre pr\u00e9sident en date du 23 f\u00e9vrier 2023. Edition sp\u00e9ciale du P&rsquo;tit Hurleur automne 2022 Le p&rsquo;tit hurleur n\u00b02, juin 2021 Texte de la p\u00e9tition sign\u00e9e [&hellip;]<\/p>\n","protected":false},"author":1,"featured_media":0,"parent":0,"menu_order":0,"comment_status":"closed","ping_status":"closed","template":"","meta":{"footnotes":""},"class_list":["post-160","page","type-page","status-publish","hentry"],"_links":{"self":[{"href":"https:\/\/leshurleventsduseudre.fr\/index.php?rest_route=\/wp\/v2\/pages\/160","targetHints":{"allow":["GET"]}}],"collection":[{"href":"https:\/\/leshurleventsduseudre.fr\/index.php?rest_route=\/wp\/v2\/pages"}],"about":[{"href":"https:\/\/leshurleventsduseudre.fr\/index.php?rest_route=\/wp\/v2\/types\/page"}],"author":[{"embeddable":true,"href":"https:\/\/leshurleventsduseudre.fr\/index.php?rest_route=\/wp\/v2\/users\/1"}],"replies":[{"embeddable":true,"href":"https:\/\/leshurleventsduseudre.fr\/index.php?rest_route=%2Fwp%2Fv2%2Fcomments&post=160"}],"version-history":[{"count":46,"href":"https:\/\/leshurleventsduseudre.fr\/index.php?rest_route=\/wp\/v2\/pages\/160\/revisions"}],"predecessor-version":[{"id":4220,"href":"https:\/\/leshurleventsduseudre.fr\/index.php?rest_route=\/wp\/v2\/pages\/160\/revisions\/4220"}],"wp:attachment":[{"href":"https:\/\/leshurleventsduseudre.fr\/index.php?rest_route=%2Fwp%2Fv2%2Fmedia&parent=160"}],"curies":[{"name":"wp","href":"https:\/\/api.w.org\/{rel}","templated":true}]}}