{"id":158,"date":"2021-04-01T19:45:07","date_gmt":"2021-04-01T17:45:07","guid":{"rendered":"http:\/\/leshurleventsduseudre.fr\/?page_id=158"},"modified":"2025-06-14T06:39:28","modified_gmt":"2025-06-14T04:39:28","slug":"les-partenaires","status":"publish","type":"page","link":"https:\/\/leshurleventsduseudre.fr\/?page_id=158","title":{"rendered":"Nos partenaires"},"content":{"rendered":"<font color=\"0d1152\"><u><b>Nos partenaires<\/b><\/u><\/font>\n\n<p><font color=\"0D1152\">L&rsquo;association a adh\u00e9r\u00e9 \u00e0 l&rsquo;association <a href=\"https:\/\/www.patrimoine-environnement.fr\/\" target=\"_blank\" rel=\"noopener\">Patrimoine et environnement<\/a> et \u00e0 la <a href=\"https:\/\/environnementdurable.net\/\" target=\"_blank\" rel=\"noopener\">F\u00e9d\u00e9ration de l&rsquo;Environnement Durable<\/a> qui regroupe plus de 1600 associations<\/font><\/p>\n\n\n\n<p><font color=\"0D1152\"><u><b>Nos partenaires en Charente-Maritime<\/b><\/u> :<\/p>\n\n\n<div class=\"wp-block-columns is-layout-flex wp-container-core-columns-is-layout-9d6595d7 wp-block-columns-is-layout-flex\">\n<div class=\"wp-block-column is-layout-flow wp-block-column-is-layout-flow\">\n\n<p><a href=\"http:\/\/www.objectifs-biodiversites.com\/pages\/l-association\/presentation.html\" target=\"_blank\" rel=\"noopener\">Association OBIOS<\/a> <font color=\"0d1152\">Association nationale vou\u00e9e \u00e0 l&rsquo;\u00e9tude et \u00e0 la conservation de la Biodiversit\u00e9 en France.<\/font><\/p>\n<\/div> \n\n\n<div class=\"wp-block-column is-layout-flow wp-block-column-is-layout-flow\">\n\n<p><a href=\"https:\/\/leshurleventsduseudre.fr\/wp-content\/uploads\/2021\/10\/Motion-Eolien-Fede-Interpro.pdf\" target=\"_blank\" rel=\"noopener\">Motion \u00e9olien<\/a> <font color=\"0d1152\"> de la F\u00e9d\u00e9ration des Interprofessions du Bassin Viticole Charentes-Cognac<\/font><\/p>\n<\/div>\n\n\n<div class=\"wp-block-column is-layout-flow wp-block-column-is-layout-flow\">\n\n<p><a href=\"https:\/\/actu.fr\/nouvelle-aquitaine\/la-rochelle_17300\/charente-maritime-vent-debout-verinois-denonce-un-projet-de-25-eoliennes-hypocrite-et-immoral_38860704.html\" target=\"_blank\" rel=\"noopener\">Vent debout<\/a> <font color=\"0d1152\">Association qui lutte contre l&rsquo;implantation d&rsquo;\u00e9oliennes en Aunis <\/font><\/p>\n<\/div>\n\n\n<div class=\"wp-block-column is-layout-flow wp-block-column-is-layout-flow\">\n\n<p><a href=\"https:\/\/www.gralon.net\/mairies-france\/charente-maritime\/association-bien-vivre-a-puy-du-lac-puy-du-lac_W175001352.htm\" target=\"_blank\" rel=\"noopener\">Bien vivre \u00e0 Puy-du Lac<\/a> <font color=\"0d1152\">Association pour la d\u00e9fense de l&rsquo;environnement \u00e0 Puy-du Lac.<\/font><\/p>\n<\/div>\n<\/div>\n\n\n<p><font color=\"0d1152\">Association <b>APREVICA<\/b>, 7 Hameau chez Dupas, 17130 Tug\u00e9ras Saint Maurice, Pr\u00e9sident : Bernard Largeau, largeaubernard@orange.fr<\/font><\/p>\n \n\n<p><font color=\"0D1152\"><u><b>Nos partenaires en r\u00e9gion<\/b><\/u> :<\/font><\/p>\n<div class=\"wp-block-columns is-layout-flex wp-container-core-columns-is-layout-9d6595d7 wp-block-columns-is-layout-flex\">\n<div class=\"wp-block-column is-layout-flow wp-block-column-is-layout-flow\">\n\n<p><a href=\"https:\/\/ventdesmaires.fr\" target=\"_blank\" rel=\"noopener\">Vent-des-maires<\/a> <font color=\"0d1152\">Nous sommes le vent des maires et d\u2019\u00e9lus r\u00e9volt\u00e9s par l\u2019implantation abusive et autoritaire d\u2019\u00e9oliennes<\/font><\/p>\n<\/div> \n\n\n<div class=\"wp-block-column is-layout-flow wp-block-column-is-layout-flow\">\n\n<p><a href=\"https:\/\/www.ventdesnoues.org\" target=\"_blank\" rel=\"noopener\">Association Vent des noues<\/a><font color=\"0d1152\"> D\u00e9fendre le cadre de vie, l\u2019environnement, la propri\u00e9t\u00e9, la tranquillit\u00e9, la sant\u00e9 et la s\u00e9curit\u00e9 des habitants du territoire du Pays de la Ch\u00e2taigneraie<\/font><\/p>\n<\/div>\n\n\n<div class=\"wp-block-column is-layout-flow wp-block-column-is-layout-flow\">\n\n<p><a href=\"http:\/\/www.asso3d.fr\" target=\"_blank\" rel=\"noopener\">Asso3D<\/a><font color=\"0d1152\">  D\u00e9fendons le val de Dronne et la for\u00eat de la Double.<\/font><\/p>\n<\/div>\n<\/div>\n","protected":false},"excerpt":{"rendered":"<p>Nos partenaires L&rsquo;association a adh\u00e9r\u00e9 \u00e0 l&rsquo;association Patrimoine et environnement et \u00e0 la F\u00e9d\u00e9ration de l&rsquo;Environnement Durable qui regroupe plus de 1600 associations Nos partenaires en Charente-Maritime : Association OBIOS Association nationale vou\u00e9e \u00e0 l&rsquo;\u00e9tude et \u00e0 la conservation de la Biodiversit\u00e9 en France. Motion \u00e9olien de la F\u00e9d\u00e9ration des Interprofessions du Bassin Viticole Charentes-Cognac [&hellip;]<\/p>\n","protected":false},"author":1,"featured_media":0,"parent":0,"menu_order":0,"comment_status":"closed","ping_status":"closed","template":"","meta":{"footnotes":""},"class_list":["post-158","page","type-page","status-publish","hentry"],"_links":{"self":[{"href":"https:\/\/leshurleventsduseudre.fr\/index.php?rest_route=\/wp\/v2\/pages\/158","targetHints":{"allow":["GET"]}}],"collection":[{"href":"https:\/\/leshurleventsduseudre.fr\/index.php?rest_route=\/wp\/v2\/pages"}],"about":[{"href":"https:\/\/leshurleventsduseudre.fr\/index.php?rest_route=\/wp\/v2\/types\/page"}],"author":[{"embeddable":true,"href":"https:\/\/leshurleventsduseudre.fr\/index.php?rest_route=\/wp\/v2\/users\/1"}],"replies":[{"embeddable":true,"href":"https:\/\/leshurleventsduseudre.fr\/index.php?rest_route=%2Fwp%2Fv2%2Fcomments&post=158"}],"version-history":[{"count":99,"href":"https:\/\/leshurleventsduseudre.fr\/index.php?rest_route=\/wp\/v2\/pages\/158\/revisions"}],"predecessor-version":[{"id":4349,"href":"https:\/\/leshurleventsduseudre.fr\/index.php?rest_route=\/wp\/v2\/pages\/158\/revisions\/4349"}],"wp:attachment":[{"href":"https:\/\/leshurleventsduseudre.fr\/index.php?rest_route=%2Fwp%2Fv2%2Fmedia&parent=158"}],"curies":[{"name":"wp","href":"https:\/\/api.w.org\/{rel}","templated":true}]}}