{"id":156,"date":"2021-04-01T19:44:36","date_gmt":"2021-04-01T17:44:36","guid":{"rendered":"http:\/\/leshurleventsduseudre.fr\/?page_id=156"},"modified":"2026-05-01T21:57:31","modified_gmt":"2026-05-01T19:57:31","slug":"calendrier","status":"publish","type":"page","link":"https:\/\/leshurleventsduseudre.fr\/?page_id=156","title":{"rendered":"Notre calendrier"},"content":{"rendered":"<font color=\"0d1152\"><strong>NOTRE CALENDRIER<\/strong><\/font>\n\n<p><font color=\"0D1152\">\u2666 <strong>22 avril 2026<\/strong> : Assembl\u00e9e G\u00e9n\u00e9rale de l&rsquo;association en pr\u00e9sence de 50 personnes.<\/font><\/p>\n\n\n\n<p><font color=\"0D1152\">\u2666 <strong>26 janvier 2026<\/strong> : l&rsquo;<a href=\"https:\/\/leshurleventsduseudre.fr\/wp-content\/uploads\/2025\/12\/Arrete-2-du-prefet.pdf\" target=\"_blank\" rel=\"noopener\"><b>arr\u00eat\u00e9 <\/b><\/a>du pr\u00e9fet d\u00e9favorable au projet.<\/font><\/p>\n \n\n\n<p><font color=\"0D1152\">\u2666 <strong>13 juin 2025<\/strong> : <a href=\"https:\/\/leshurleventsduseudre.fr\/wp-content\/uploads\/2025\/06\/2-CONCLUSIONS-CE-EOLIEN-ST-GERMAIN-DU-SEUDRE.pdf\" target=\"_blank\" rel=\"noopener\"><b>conclusions <\/b><\/a> du commissaire enqu\u00eateur.<\/font><\/p>\n\n\n\n<p><font color=\"494c97\">\u2666 <i><strong>3 juillet 2024<\/strong> : le nouveau dossier de JPEE est d\u00e9pos\u00e9 aupr\u00e8s de la DREAL.<\/i><\/font><\/p>\n\n\n\n<p><font color=\"0D1152\">\u2666 <strong>15 mars 2024<\/strong> : Assembl\u00e9e G\u00e9n\u00e9rale de l&rsquo;association, intervention de Me Catry, avocat sp\u00e9cialiste en droit de l\u2019urbanisme et de l\u2019environnement, qui a anim\u00e9 les d\u00e9bats devant 45 personnes.<\/font><\/p>\n\n\n\n<p><font color=\"0D1152\">\u2666 <strong>12 janvier 2024<\/strong> : d\u00e9lib\u00e9rations de 32 communes et courriers de 3 parlementaires contre le projet \u00e9olien des Charbonni\u00e8res \u00e0 Saint-Germain-du-Seudre.<\/font><\/p>\n\n\n\n<p><font color=\"494c97\">\u2666 <i><b>7 septembre 2023<\/b> : Saint-Germain Energie, filiale de <a href=\"https:\/\/www.jpee.fr\/\" target=\"_blank\" rel=\"noopener\">JPee<\/a>, a d\u00e9pos\u00e9 aupr\u00e8s de la <a href=\"https:\/\/www.nouvelle-aquitaine.developpement-durable.gouv.fr\/\" target=\"_blank\" rel=\"noopener\">DREAL<\/a> son dossier technique d&rsquo;exploitation intitul\u00e9 <b>\u00ab\u00a0Parc \u00e9olien des Charbonni\u00e8res\u00a0\u00bb<\/b> \u00e0 Saint-Germain-du-Seudre. La DREAL a 6 mois pour instruire ce dossier. Une enqu\u00eate d&rsquo;utilit\u00e9 publique pourrait donc \u00eatre lanc\u00e9e vers f\u00e9vrier 2024.<\/i><\/font><\/p>\n\n\n\n<p><font color=\"494c97\">\u2666 <i><b>6 septembre 2023<\/b> : JPee a le vent en poupe  :\nLa <a href=\"https:\/\/www.banquedesterritoires.fr\/\" target=\"_blank\" rel=\"noopener\">banque des territoires <\/a>injecte 100 millions d&rsquo;euros et <a href=\"https:\/\/leshurleventsduseudre.fr\/wp-content\/uploads\/2023\/09\/Energies-renouvelables-JPEE-pare-pour-multiplier-ses-projets-.pdf\" target=\"_blank\" rel=\"noopener\">entre au capital<\/a> de la soci\u00e9t\u00e9 <a href=\"https:\/\/www.jpee.fr\/\" target=\"_blank\" rel=\"noopener\">JPee<\/a>.<\/i><\/font><\/p>\n\n\n\n<p><font color=\"494c97\">\u2666 <i><strong>21 ao\u00fbt 2023<\/strong> : d\u00e9couverte d&rsquo; <a href=\"https:\/\/leshurleventsduseudre.fr\/?page_id=3035\" target=\"_blank\" rel=\"noopener\">un nouveau projet<\/a> \u00e0 Champagnolles.<\/i><\/font><\/p>\n\n\n\n<p><font color=\"494c97\">\u2666 <i><strong>7 juillet 2023<\/strong> : R\u00e9ception par certaines communes alentour du dossier r\u00e9actualis\u00e9 envoy\u00e9 par JPEE en RAR (22 pages couleur en A3). Le nouveau projet comprend 2 \u00e9oliennes de 199,5 m de hauteur. Probl\u00e8me : le dossier est r\u00e9dig\u00e9 de telle fa\u00e7on qu\u2019il apparait comme une information ; rien n\u2019indique qu\u2019une r\u00e9ponse est n\u00e9cessaire ni qu\u2019elle doit intervenir dans un d\u00e9lai d\u2019un mois&#8230;<\/i><\/font><\/p>\n\n\n\n<p><font color=\"0D1152\">\u2666 <strong>10 mars 2023<\/strong> : Assembl\u00e9e G\u00e9n\u00e9rale de l&rsquo;association, intervention de M. St\u00e9phane Chedouteaud, Maire d\u2019Aulnay et Vice-Pr\u00e9sident du D\u00e9partement de la Charente-Maritime, d\u00e9bat.<\/font><\/p>\n\n\n\n<p><font color=\"0D1152\">\u2666 <strong>10 d\u00e9cembre 2022<\/strong> : manifestation \u00e0 Jonzac contre l\u2019\u00e9olien, organis\u00e9e par l\u2019association APREVICA et Les Hurle-Vents du Seudre, soutenue par la FED et par les \u00e9lus locaux, en particulier M. Claude Belot, Pr\u00e9sident de la Communaut\u00e9 des Communes de la Haute-Saintonge.<\/font><\/p>\n\n\n\n<p><font color=\"0D1152\">\u2666 <strong>10 f\u00e9vrier 2022<\/strong> : Assembl\u00e9e g\u00e9n\u00e9rale de l&rsquo;association \u00e0 la salle des f\u00eates de Saint Germain du Seudre.<\/font><\/p>\n\n\n\n<p><font color=\"0D1152\">\u2666 <strong>1er d\u00e9cembre 2021<\/strong> : diffusion du film \u00ab\u00a0Eolien : du r\u00eave aux r\u00e9alit\u00e9s\u00a0\u00bb (version courte : 70 minutes) au cin\u00e9ma (Salle Jeanne d&rsquo;Arc) \u00e0 Saint Genis de Saintonge.<\/font><\/p>\n\n\n\n<p><font color=\"0D1152\">\u2666 <strong>12 juin 2021<\/strong> : rencontre avec les adh\u00e9rents et les sympathisants et ap\u00e9ritif \u00e0 la salle des f\u00eates de Saint Germain du Seudre.<\/font><\/p>\n\n\n\n<p><font color=\"494c97\">\u2666 <i><strong>23 avril 2021<\/strong> : d\u00e9lib\u00e9ration du conseil municipal de Saint Germain du Seudre pour l&rsquo;abandon du projet \u00e9olien et la dissolution du comit\u00e9 de suivi.<\/i><\/font><\/p>\n\n\n\n<p><font color=\"0D1152\">\u2666 <strong>31 mars 2021<\/strong> : cr\u00e9ation du site Internet de l&rsquo;association<\/font><\/p>\n\n\n\n<p><font color=\"0D1152\">\u2666 <strong>14 janvier 2021<\/strong> : lancement d&rsquo;une <\/font><a href=\"https:\/\/leshurleventsduseudre.fr\/wp-content\/uploads\/2021\/04\/Petition-adressee-au-prefet-de-Charente-Maritime.pdf\" target=\"_blank\" rel=\"noopener\">p\u00e9tition<\/a> contre le projet JPee sur la commune de St Germain du Seudre et dans les communes alentours. Cette p\u00e9tition, adress\u00e9e au pr\u00e9fet, recueillera 1067 signatures<\/font><\/p>\n\n\n\n<p><font color=\"0D1152\">\u2666 <strong>7 d\u00e9cembre 2020<\/strong> : cr\u00e9ation de la <a href=\"https:\/\/www.facebook.com\/hurleventsduseudre\/\" target=\"_blank\" rel=\"noopener\">page facebook de l&rsquo;association<\/a><\/font><\/p>\n\n\n\n<p><font color=\"494c97\">\u2666 <i><strong>9 novembre 2020<\/strong> : installation du m\u00e2t de mesure du vent<\/i><\/font><\/p>\n\n\n\n<p><font color=\"0D1152\">\u2666 <strong>31 octobre 2020<\/strong> : d\u00e9claration \u00e0 la pr\u00e9fecture de l&rsquo;association \u00ab\u00a0Les Hurle-Vents du Seudre\u00a0\u00bb<\/font><\/p>\n\n\n\n<p><font color=\"494c97\">\u2666 <i><strong>13 octobre 2020<\/strong> : cr\u00e9ation du Comit\u00e9 de suivi<\/i><\/font><\/p>\n\n\n\n<p><font color=\"494c97\">\u2666 <i><strong>31 ao\u00fbt 2020<\/strong> : pr\u00e9sentation du projet par la soci\u00e9t\u00e9 JPee au nouveau conseil municipal.<\/i><\/font><\/p>\n\n\n\n<p><font color=\"494c97\">\u2666 <i><strong>D\u00e9but ao\u00fbt 2020<\/strong> : distribution, dans les bo\u00eetes aux lettres de la commune de St Germain du Seudre, d&rsquo;une plaquette de pr\u00e9sentation du projet par la soci\u00e9t\u00e9 JPee<\/i><\/font><\/p>\n\n\n\n<p><font color=\"494c97\">\u2666 <i><strong>11 juin 2019<\/strong> : d\u00e9lib\u00e9ration du Conseil municipal donnant son accord, \u00e0 l&rsquo;unanimit\u00e9, \u00e0 l&rsquo;\u00e9tude d&rsquo;un projet \u00e9olien comprenant 4 machines d&rsquo;une hauteur de 180 m<\/i><\/font><\/p>\n\n\n\n<p><font color=\"494c97\">\u2666 <i><strong>Hiver 2018-2019<\/strong> : premiers d\u00e9marchages, dans le plus grand secret, de JPee aupr\u00e8s des propri\u00e9taires fonciers de la commune de St Germain du Seudre<\/i><\/font><\/p>\n","protected":false},"excerpt":{"rendered":"<p>NOTRE CALENDRIER \u2666 22 avril 2026 : Assembl\u00e9e G\u00e9n\u00e9rale de l&rsquo;association en pr\u00e9sence de 50 personnes. \u2666 26 janvier 2026 : l&rsquo;arr\u00eat\u00e9 du pr\u00e9fet d\u00e9favorable au projet. \u2666 13 juin 2025 : conclusions du commissaire enqu\u00eateur. \u2666 3 juillet 2024 : le nouveau dossier de JPEE est d\u00e9pos\u00e9 aupr\u00e8s de la DREAL. \u2666 15 mars [&hellip;]<\/p>\n","protected":false},"author":1,"featured_media":0,"parent":0,"menu_order":0,"comment_status":"closed","ping_status":"closed","template":"","meta":{"footnotes":""},"class_list":["post-156","page","type-page","status-publish","hentry"],"_links":{"self":[{"href":"https:\/\/leshurleventsduseudre.fr\/index.php?rest_route=\/wp\/v2\/pages\/156","targetHints":{"allow":["GET"]}}],"collection":[{"href":"https:\/\/leshurleventsduseudre.fr\/index.php?rest_route=\/wp\/v2\/pages"}],"about":[{"href":"https:\/\/leshurleventsduseudre.fr\/index.php?rest_route=\/wp\/v2\/types\/page"}],"author":[{"embeddable":true,"href":"https:\/\/leshurleventsduseudre.fr\/index.php?rest_route=\/wp\/v2\/users\/1"}],"replies":[{"embeddable":true,"href":"https:\/\/leshurleventsduseudre.fr\/index.php?rest_route=%2Fwp%2Fv2%2Fcomments&post=156"}],"version-history":[{"count":116,"href":"https:\/\/leshurleventsduseudre.fr\/index.php?rest_route=\/wp\/v2\/pages\/156\/revisions"}],"predecessor-version":[{"id":4505,"href":"https:\/\/leshurleventsduseudre.fr\/index.php?rest_route=\/wp\/v2\/pages\/156\/revisions\/4505"}],"wp:attachment":[{"href":"https:\/\/leshurleventsduseudre.fr\/index.php?rest_route=%2Fwp%2Fv2%2Fmedia&parent=156"}],"curies":[{"name":"wp","href":"https:\/\/api.w.org\/{rel}","templated":true}]}}