{"id":1549,"date":"2021-05-02T21:22:40","date_gmt":"2021-05-02T19:22:40","guid":{"rendered":"https:\/\/leshurleventsduseudre.fr\/?page_id=1549"},"modified":"2024-03-25T17:50:54","modified_gmt":"2024-03-25T16:50:54","slug":"la-bibliographie","status":"publish","type":"page","link":"https:\/\/leshurleventsduseudre.fr\/?page_id=1549","title":{"rendered":"La bibliographie"},"content":{"rendered":"<p><font color=\"0d1152\"><strong>LA BIBLIOGRAPHIE<\/strong><\/font><br \/>\n<font color=\"0d1152\">\u2666 <a href=\"https:\/\/leshurleventsduseudre.fr\/wp-content\/uploads\/2023\/09\/Eoliennes-ou-en-est-la-France-en-cinq-graphiques.pdf\" target=\"_blank\" rel=\"noopener\"><b>Eoliennes : o\u00f9 en est la France en 5 graphiques <\/b><\/a> &#8211; 16 septembre 2023 : article de Florian Maussion publi\u00e9 par <b>Les \u00e9chos<\/b>. <\/font><\/p>\n<p><font color=\"0D1152\"><strong>L&rsquo;\u00e9olien en question, <i>treize d\u00e9mentis sur l&rsquo;int\u00e9r\u00eat de construire des parcs \u00e9oliens maritimes et terrestres en France<\/i><\/strong> de Marjolaine Villey-Migraine et Bernard Durand, aux \u00e9ditions Le Lys Bleu (2023)<\/font><\/p>\n<p><font color=\"0D1152\"><strong>La France dans le noir<\/strong> de Herv\u00e9 Machenaud, aux \u00e9ditions Manitoba (2022)<\/font><\/p>\n<p><font color=\"0D1152\"><strong>Le prix du vent<\/strong> de Sioux Berger, aux \u00e9ditions du Rocher (2022)<\/font><\/p>\n<p><font color=\"0D1152\"><strong>Les pentes<\/strong> de Sioux Berger, aux \u00e9ditions Bor\u00e9e (2022)<\/font><\/p>\n<p><font color=\"0D1152\"><strong>L&rsquo;\u00e9cologie banani\u00e8re<\/strong> de Pierre Dumont, aux \u00e9ditions Springer and Co (2022)<\/font><\/p>\n<p><font color=\"0D1152\"><strong>Une affaire d&rsquo;Etat, la tentative de sabordage du nucl\u00e9aire fran\u00e7ais<\/strong> de Bernard Acoyer et Chantal Didier, aux \u00e9ditions Hugo Doc (2022)<\/font><\/p>\n<p><font color=\"0D1152\"><strong>Le monde sans fin, miracle \u00e9nerg\u00e9tique et d\u00e9rive climatique<\/strong> de Jean-Marc Jancovici et Christophe Blain, aux \u00e9ditions Dargaud (2021)<\/font><\/p>\n<p><font color=\"0D1152\"><strong>Nucl\u00e9aire : les v\u00e9rit\u00e9s cach\u00e9es, <i>face \u00e0 l&rsquo;illusion des \u00e9nergies renouvelables<\/i><\/strong> de Fabien Bougl\u00e9, aux \u00e9ditions du Rocher (2021)<\/font><\/p>\n<p><font color=\"0D1152\"><strong>La peste \u00e9olienne<\/strong> de Patrice Cahart, collection \u00ab\u00a0Alerte\u00a0\u00bb aux \u00e9ditions Hugo Doc (2021)<\/font><\/p>\n<p><font color=\"0D1152\"><strong>Un vent de folie : l&rsquo;\u00e9olien en France, mensonge et arnaque<\/strong> de Bernard Durant, aux \u00e9ditions Les Unpertinents (2020)<\/font><\/p>\n<p><font color=\"0D1152\"><strong>Eoliennes : la face noire de la transition \u00e9cologique, <i>vers un sandale environnemental mondial<\/i><\/strong> de Fabien Bougl\u00e9, aux \u00e9ditions du Rocher (2019)<\/font><\/p>\n<p><font color=\"0D1152\"><strong>Le scandale \u00e9olien<\/strong> d&rsquo;Antoine Waechter, aux \u00e9ditions Beaudelaire (2019).<\/font><\/p>\n<p><font color=\"0D1152\"><strong>Eoliennes : chroniques d&rsquo;un naufrage annonc\u00e9<\/strong> de Pierre Dumont et Denis de Kergorlay, aux \u00e9ditions Fran\u00e7ois Bourin (2018) <\/font><\/p>\n<p><font color=\"0D1152\"><strong>Les mirages de l&rsquo;\u00e9olien<\/strong> de Gr\u00e9goire Souchay, aux \u00e9ditions du seuil (2018) <\/font><\/p>\n<p><font color=\"0D1152\"><strong>Le mythe des \u00e9nergies renouvelables<\/strong> de R\u00e9my Prud\u2019homme, aux \u00e9ditions de l&rsquo;Artilleur (2017) <\/font><\/p>\n<p><font color=\"0D1152\"><strong>Eoliennes : une catastrophe silencieuse, <i>vers une France d\u00e9figur\u00e9e<\/i><\/strong> de Jean-Louis Butr\u00e9, aux \u00e9ditions du Toucan (2017). Avant-propos de Val\u00e9ry Giscard d&rsquo;Estaing. Pr\u00e9face de Claude All\u00e8gre.<\/font><\/p>\n<p><font color=\"0D1152\"><strong>L&rsquo;imposture, <i> pourquoi l&rsquo;\u00e9olien est un danger pour la France<\/i><\/strong> de Jean-Louis Butr\u00e9, aux \u00e9ditions du Toucan (2008). Pr\u00e9face de Val\u00e9ry Giscard d&rsquo;Estaing. <b>PRIX RENAISSANCE 2014<\/b><\/font><\/p>\n","protected":false},"excerpt":{"rendered":"<p>LA BIBLIOGRAPHIE \u2666 Eoliennes : o\u00f9 en est la France en 5 graphiques &#8211; 16 septembre 2023 : article de Florian Maussion publi\u00e9 par Les \u00e9chos. L&rsquo;\u00e9olien en question, treize d\u00e9mentis sur l&rsquo;int\u00e9r\u00eat de construire des parcs \u00e9oliens maritimes et terrestres en France de Marjolaine Villey-Migraine et Bernard Durand, aux \u00e9ditions Le Lys Bleu (2023) [&hellip;]<\/p>\n","protected":false},"author":1,"featured_media":0,"parent":0,"menu_order":0,"comment_status":"closed","ping_status":"closed","template":"","meta":{"footnotes":""},"class_list":["post-1549","page","type-page","status-publish","hentry"],"_links":{"self":[{"href":"https:\/\/leshurleventsduseudre.fr\/index.php?rest_route=\/wp\/v2\/pages\/1549","targetHints":{"allow":["GET"]}}],"collection":[{"href":"https:\/\/leshurleventsduseudre.fr\/index.php?rest_route=\/wp\/v2\/pages"}],"about":[{"href":"https:\/\/leshurleventsduseudre.fr\/index.php?rest_route=\/wp\/v2\/types\/page"}],"author":[{"embeddable":true,"href":"https:\/\/leshurleventsduseudre.fr\/index.php?rest_route=\/wp\/v2\/users\/1"}],"replies":[{"embeddable":true,"href":"https:\/\/leshurleventsduseudre.fr\/index.php?rest_route=%2Fwp%2Fv2%2Fcomments&post=1549"}],"version-history":[{"count":76,"href":"https:\/\/leshurleventsduseudre.fr\/index.php?rest_route=\/wp\/v2\/pages\/1549\/revisions"}],"predecessor-version":[{"id":3726,"href":"https:\/\/leshurleventsduseudre.fr\/index.php?rest_route=\/wp\/v2\/pages\/1549\/revisions\/3726"}],"wp:attachment":[{"href":"https:\/\/leshurleventsduseudre.fr\/index.php?rest_route=%2Fwp%2Fv2%2Fmedia&parent=1549"}],"curies":[{"name":"wp","href":"https:\/\/api.w.org\/{rel}","templated":true}]}}