{"id":1538,"date":"2021-05-01T21:21:40","date_gmt":"2021-05-01T19:21:40","guid":{"rendered":"https:\/\/leshurleventsduseudre.fr\/?page_id=1538"},"modified":"2024-12-08T18:47:38","modified_gmt":"2024-12-08T17:47:38","slug":"lassociation","status":"publish","type":"page","link":"https:\/\/leshurleventsduseudre.fr\/?page_id=1538","title":{"rendered":"L&rsquo;association"},"content":{"rendered":"<p><font color=\"0d1152\"><strong>L&rsquo;ASSOCIATION<\/strong><\/font><br \/>\n<font color=\"0d1152\">L&rsquo;association \u00ab\u00a0<i>Les Hurle-Vents du Seudre<\/i>\u00a0\u00bb a vu le jour en octobre 2020. Son objet est de tenter d&#8217;emp\u00eacher la soci\u00e9t\u00e9 <a href=\"https:\/\/www.jpee.fr\/\" target=\"_blank\" rel=\"noopener\">JPee<\/a> d&rsquo;installer 2 \u20acoliennes d&rsquo;une hauteur de 199,5 m\u00e8tres, sur la commune de Saint-Germain-du-Seudre.<\/font><\/p>\n<p><font color=\"0d1152\"><u>Adresse postale<\/u> : 11 rue de chez Barr\u00e9, 17240 Saint-Germain-du-Seudre.<\/font><\/p>\n<p><font color=\"0d1152\"><u>Adresse \u00e9lectronique<\/u> : asso.secretariat@hurleventsduseudre.org<\/font><\/p>\n<p><a href=\"https:\/\/leshurleventsduseudre.fr\/?page_id=3875\" target=\"_blank\" rel=\"noopener\"><strong>LE BUREAU<\/strong><\/a><\/p>\n","protected":false},"excerpt":{"rendered":"<p>L&rsquo;ASSOCIATION L&rsquo;association \u00ab\u00a0Les Hurle-Vents du Seudre\u00a0\u00bb a vu le jour en octobre 2020. Son objet est de tenter d&#8217;emp\u00eacher la soci\u00e9t\u00e9 JPee d&rsquo;installer 2 \u20acoliennes d&rsquo;une hauteur de 199,5 m\u00e8tres, sur la commune de Saint-Germain-du-Seudre. Adresse postale : 11 rue de chez Barr\u00e9, 17240 Saint-Germain-du-Seudre. Adresse \u00e9lectronique : asso.secretariat@hurleventsduseudre.org LE BUREAU<\/p>\n","protected":false},"author":1,"featured_media":0,"parent":0,"menu_order":0,"comment_status":"closed","ping_status":"closed","template":"","meta":{"footnotes":""},"class_list":["post-1538","page","type-page","status-publish","hentry"],"_links":{"self":[{"href":"https:\/\/leshurleventsduseudre.fr\/index.php?rest_route=\/wp\/v2\/pages\/1538","targetHints":{"allow":["GET"]}}],"collection":[{"href":"https:\/\/leshurleventsduseudre.fr\/index.php?rest_route=\/wp\/v2\/pages"}],"about":[{"href":"https:\/\/leshurleventsduseudre.fr\/index.php?rest_route=\/wp\/v2\/types\/page"}],"author":[{"embeddable":true,"href":"https:\/\/leshurleventsduseudre.fr\/index.php?rest_route=\/wp\/v2\/users\/1"}],"replies":[{"embeddable":true,"href":"https:\/\/leshurleventsduseudre.fr\/index.php?rest_route=%2Fwp%2Fv2%2Fcomments&post=1538"}],"version-history":[{"count":25,"href":"https:\/\/leshurleventsduseudre.fr\/index.php?rest_route=\/wp\/v2\/pages\/1538\/revisions"}],"predecessor-version":[{"id":4024,"href":"https:\/\/leshurleventsduseudre.fr\/index.php?rest_route=\/wp\/v2\/pages\/1538\/revisions\/4024"}],"wp:attachment":[{"href":"https:\/\/leshurleventsduseudre.fr\/index.php?rest_route=%2Fwp%2Fv2%2Fmedia&parent=1538"}],"curies":[{"name":"wp","href":"https:\/\/api.w.org\/{rel}","templated":true}]}}