{"id":150,"date":"2021-04-01T13:24:34","date_gmt":"2021-04-01T11:24:34","guid":{"rendered":"http:\/\/leshurleventsduseudre.fr\/?page_id=150"},"modified":"2026-04-28T12:58:17","modified_gmt":"2026-04-28T10:58:17","slug":"adherer-a-lassociation","status":"publish","type":"page","link":"https:\/\/leshurleventsduseudre.fr\/?page_id=150","title":{"rendered":"Adh\u00e9rer \u00e0 l&rsquo;association"},"content":{"rendered":"<font color=\"0d1152\"><strong>ADHERER A L&rsquo;ASSOCIATION<\/strong><\/font>\n\n<p><font color=\"0D1152\">La dur\u00e9e de l&rsquo;adh\u00e9sion \u00e0 l&rsquo;association est de deux ans. Le tarif est de 20 \u20ac pour une personne seule ou pour un couple. Le membre bienfaiteur devra acquitter une cotisation d&rsquo;au moins 50\u20ac.<\/p>\n\n\n\n<p><font color=\"0D1152\">Envoyer le bulletin d&rsquo;adh\u00e9sion rempli et sign\u00e9 \u00e0 l&rsquo;adresse postale indiqu\u00e9e ci-dessous ou par e-mail. Pour les couples, bien indiquer le pr\u00e9nom de chacun, le n\u00b0 de t\u00e9l\u00e9phone de chacun si diff\u00e9rent et l&rsquo;adresse \u00e9lectronique de chacun si diff\u00e9rente. <\/p>\n\n\n\n<p><font color=\"0D1152\">Envoyer le montant de la cotisation par ch\u00e8que \u00e0 l&rsquo;adresse postale ou par virement bancaire. <\/p>\n\n\n\n<p><a href=\"https:\/\/leshurleventsduseudre.fr\/wp-content\/uploads\/2024\/03\/adhesion-simple-a5-202__.pdf\" target=\"_blank\" rel=\"noopener\">Bulletin d&rsquo;adh\u00e9sion<\/a>\n<br><a href=\"https:\/\/leshurleventsduseudre.fr\/?page_id=3698\" target=\"_blank\" rel=\"noopener\">Relev\u00e9 d&rsquo;Identit\u00e9 Bancaire de l&rsquo;association<\/a><\/p>\n\n\n<p><font color=\"0D1152\"><u>Adresse postale de l&rsquo;association<\/u> : \u00ab\u00a011 rue de chez Barr\u00e9, 17240, Saint-Germain-du-Seudre\u00a0\u00bb. <\/p>\n\n\n<p><font color=\"0D1152\"><u>Adresse \u00e9lectronique<\/u> : asso.secretariat@hurleventsduseudre.org. <\/p>\n\n","protected":false},"excerpt":{"rendered":"<p>ADHERER A L&rsquo;ASSOCIATION La dur\u00e9e de l&rsquo;adh\u00e9sion \u00e0 l&rsquo;association est de deux ans. Le tarif est de 20 \u20ac pour une personne seule ou pour un couple. Le membre bienfaiteur devra acquitter une cotisation d&rsquo;au moins 50\u20ac. Envoyer le bulletin d&rsquo;adh\u00e9sion rempli et sign\u00e9 \u00e0 l&rsquo;adresse postale indiqu\u00e9e ci-dessous ou par e-mail. Pour les couples, [&hellip;]<\/p>\n","protected":false},"author":1,"featured_media":0,"parent":0,"menu_order":0,"comment_status":"closed","ping_status":"closed","template":"","meta":{"footnotes":""},"class_list":["post-150","page","type-page","status-publish","hentry"],"_links":{"self":[{"href":"https:\/\/leshurleventsduseudre.fr\/index.php?rest_route=\/wp\/v2\/pages\/150","targetHints":{"allow":["GET"]}}],"collection":[{"href":"https:\/\/leshurleventsduseudre.fr\/index.php?rest_route=\/wp\/v2\/pages"}],"about":[{"href":"https:\/\/leshurleventsduseudre.fr\/index.php?rest_route=\/wp\/v2\/types\/page"}],"author":[{"embeddable":true,"href":"https:\/\/leshurleventsduseudre.fr\/index.php?rest_route=\/wp\/v2\/users\/1"}],"replies":[{"embeddable":true,"href":"https:\/\/leshurleventsduseudre.fr\/index.php?rest_route=%2Fwp%2Fv2%2Fcomments&post=150"}],"version-history":[{"count":28,"href":"https:\/\/leshurleventsduseudre.fr\/index.php?rest_route=\/wp\/v2\/pages\/150\/revisions"}],"predecessor-version":[{"id":4494,"href":"https:\/\/leshurleventsduseudre.fr\/index.php?rest_route=\/wp\/v2\/pages\/150\/revisions\/4494"}],"wp:attachment":[{"href":"https:\/\/leshurleventsduseudre.fr\/index.php?rest_route=%2Fwp%2Fv2%2Fmedia&parent=150"}],"curies":[{"name":"wp","href":"https:\/\/api.w.org\/{rel}","templated":true}]}}