{"id":144,"date":"2021-04-01T13:21:22","date_gmt":"2021-04-01T11:21:22","guid":{"rendered":"http:\/\/leshurleventsduseudre.fr\/?page_id=144"},"modified":"2024-02-05T10:21:49","modified_gmt":"2024-02-05T09:21:49","slug":"leolien-terrestre","status":"publish","type":"page","link":"https:\/\/leshurleventsduseudre.fr\/?page_id=144","title":{"rendered":"L&rsquo;\u00e9olien"},"content":{"rendered":"<font color=\"0d1152\"><strong>L&rsquo;EOLIEN<\/strong><\/font>\n\n<p><font color=\"0D1152\">\u2666 Une \u00e9olienne (ou a\u00e9rog\u00e9n\u00e9rateur) est un dispositif qui transforme l&rsquo;\u00e9nergie cin\u00e9tique du vent en \u00e9nergie m\u00e9canique laquelle est ensuite transform\u00e9e en \u00e9nergie \u00e9lectrique.<\/font><\/p>\n\n\n\n<p><font color=\"0D1152\">Le grand public a un avis plut\u00f4t <b>positif<\/b> sur les \u00e9oliennes et voit en elles un moyen <b>\u00e9cologique<\/b>, <b>simple<\/b>, assez <b>naturel<\/b> de produire de l&rsquo;\u00e9lectricit\u00e9 <b>bon march\u00e9<\/b> et dont la production va s&rsquo;<b>ajouter<\/b> aux autres moyens de production.<\/font><\/p>\n\n\n\n<p><font color=\"0D1152\">Malheureusement l&rsquo;\u00e9olien n&rsquo;est pas si simple que cela et fait appel \u00e0 une technologie <b>tr\u00e8s complexe<\/b>. L&rsquo;\u00e9olien n&rsquo;est <b>pas tr\u00e8s \u00e9cologique<\/b> et produit de l&rsquo;\u00e9lectricit\u00e9 \u00e0 un <b>co\u00fbt exorbitant<\/b>. Par dessus tout cette production \u00e9lectrique est <b>intermittente<\/b> et ne <b>s&rsquo;ajoute donc pas<\/b> aux autres moyens de production mais les remplace partiellement quand il y du vent.<\/font><\/p>\n","protected":false},"excerpt":{"rendered":"<p>L&rsquo;EOLIEN \u2666 Une \u00e9olienne (ou a\u00e9rog\u00e9n\u00e9rateur) est un dispositif qui transforme l&rsquo;\u00e9nergie cin\u00e9tique du vent en \u00e9nergie m\u00e9canique laquelle est ensuite transform\u00e9e en \u00e9nergie \u00e9lectrique. Le grand public a un avis plut\u00f4t positif sur les \u00e9oliennes et voit en elles un moyen \u00e9cologique, simple, assez naturel de produire de l&rsquo;\u00e9lectricit\u00e9 bon march\u00e9 et dont la [&hellip;]<\/p>\n","protected":false},"author":1,"featured_media":0,"parent":0,"menu_order":0,"comment_status":"closed","ping_status":"closed","template":"","meta":{"footnotes":""},"class_list":["post-144","page","type-page","status-publish","hentry"],"_links":{"self":[{"href":"https:\/\/leshurleventsduseudre.fr\/index.php?rest_route=\/wp\/v2\/pages\/144","targetHints":{"allow":["GET"]}}],"collection":[{"href":"https:\/\/leshurleventsduseudre.fr\/index.php?rest_route=\/wp\/v2\/pages"}],"about":[{"href":"https:\/\/leshurleventsduseudre.fr\/index.php?rest_route=\/wp\/v2\/types\/page"}],"author":[{"embeddable":true,"href":"https:\/\/leshurleventsduseudre.fr\/index.php?rest_route=\/wp\/v2\/users\/1"}],"replies":[{"embeddable":true,"href":"https:\/\/leshurleventsduseudre.fr\/index.php?rest_route=%2Fwp%2Fv2%2Fcomments&post=144"}],"version-history":[{"count":12,"href":"https:\/\/leshurleventsduseudre.fr\/index.php?rest_route=\/wp\/v2\/pages\/144\/revisions"}],"predecessor-version":[{"id":3631,"href":"https:\/\/leshurleventsduseudre.fr\/index.php?rest_route=\/wp\/v2\/pages\/144\/revisions\/3631"}],"wp:attachment":[{"href":"https:\/\/leshurleventsduseudre.fr\/index.php?rest_route=%2Fwp%2Fv2%2Fmedia&parent=144"}],"curies":[{"name":"wp","href":"https:\/\/api.w.org\/{rel}","templated":true}]}}