{"id":1135,"date":"2021-04-17T21:27:55","date_gmt":"2021-04-17T19:27:55","guid":{"rendered":"https:\/\/leshurleventsduseudre.fr\/?page_id=1135"},"modified":"2024-02-05T10:30:32","modified_gmt":"2024-02-05T09:30:32","slug":"la-commune-de-st-germain-du-seudre-2","status":"publish","type":"page","link":"https:\/\/leshurleventsduseudre.fr\/?page_id=1135","title":{"rendered":"La commune de St-Germain-du-Seudre"},"content":{"rendered":"<p><font color=\"0d1152\"><strong>LA COMMUNE DE SAINT-GERMAIN-DU-SEUDRE<\/strong><\/font><br \/>\n\u2666 <font color=\"0d1152\">Une d\u00e9lib\u00e9ration a \u00e9t\u00e9 prise le vendredi 23 avril, par le Conseil municipal de Saint Germain du Seudre \u00e0 l\u2019unanimit\u00e9 des conseillers pr\u00e9sents moins deux conseillers qui n\u2019ont pas pris part au vote. Elle concerne le d\u00e9sengagement du projet \u00e9olien et la dissolution du comit\u00e9 de suivi.<\/font><\/p>\n","protected":false},"excerpt":{"rendered":"<p>LA COMMUNE DE SAINT-GERMAIN-DU-SEUDRE \u2666 Une d\u00e9lib\u00e9ration a \u00e9t\u00e9 prise le vendredi 23 avril, par le Conseil municipal de Saint Germain du Seudre \u00e0 l\u2019unanimit\u00e9 des conseillers pr\u00e9sents moins deux conseillers qui n\u2019ont pas pris part au vote. Elle concerne le d\u00e9sengagement du projet \u00e9olien et la dissolution du comit\u00e9 de suivi.<\/p>\n","protected":false},"author":1,"featured_media":0,"parent":0,"menu_order":0,"comment_status":"closed","ping_status":"closed","template":"","meta":{"footnotes":""},"class_list":["post-1135","page","type-page","status-publish","hentry"],"_links":{"self":[{"href":"https:\/\/leshurleventsduseudre.fr\/index.php?rest_route=\/wp\/v2\/pages\/1135","targetHints":{"allow":["GET"]}}],"collection":[{"href":"https:\/\/leshurleventsduseudre.fr\/index.php?rest_route=\/wp\/v2\/pages"}],"about":[{"href":"https:\/\/leshurleventsduseudre.fr\/index.php?rest_route=\/wp\/v2\/types\/page"}],"author":[{"embeddable":true,"href":"https:\/\/leshurleventsduseudre.fr\/index.php?rest_route=\/wp\/v2\/users\/1"}],"replies":[{"embeddable":true,"href":"https:\/\/leshurleventsduseudre.fr\/index.php?rest_route=%2Fwp%2Fv2%2Fcomments&post=1135"}],"version-history":[{"count":12,"href":"https:\/\/leshurleventsduseudre.fr\/index.php?rest_route=\/wp\/v2\/pages\/1135\/revisions"}],"predecessor-version":[{"id":3643,"href":"https:\/\/leshurleventsduseudre.fr\/index.php?rest_route=\/wp\/v2\/pages\/1135\/revisions\/3643"}],"wp:attachment":[{"href":"https:\/\/leshurleventsduseudre.fr\/index.php?rest_route=%2Fwp%2Fv2%2Fmedia&parent=1135"}],"curies":[{"name":"wp","href":"https:\/\/api.w.org\/{rel}","templated":true}]}}