{"id":1030,"date":"2021-04-14T22:04:11","date_gmt":"2021-04-14T20:04:11","guid":{"rendered":"https:\/\/leshurleventsduseudre.fr\/?page_id=1030"},"modified":"2024-11-27T17:00:35","modified_gmt":"2024-11-27T16:00:35","slug":"1-2","status":"publish","type":"page","link":"https:\/\/leshurleventsduseudre.fr\/?page_id=1030","title":{"rendered":"La soci\u00e9t\u00e9 JP-\u00e9nergie-environnement"},"content":{"rendered":"<p><font color=\"0d1152\"><strong>LA SOCIETE JP-ENERGIE-ENVIRONNEMENT<\/strong><\/font><br \/>\n<font color=\"0d1152\">La soci\u00e9t\u00e9 <\/font><a href=\"https:\/\/www.jpee.fr\/\" target=\"_blank\" rel=\"noopener\">JP \u00e9nergie-environnement<\/a> <font color=\"0d1152\">est une soci\u00e9t\u00e9 fran\u00e7aise, filiale du groupe <b>Nass holding<\/b> dont l&rsquo;objectif est <b>l&rsquo;optimisation fiscale<\/b> et qui compte quatre filiales :<br \/>\n<a href=\"https:\/\/www.jpee.fr\/\" target=\"_blank\" rel=\"noopener\">JP-\u00e9nergie-environnement<\/a> pour les \u00e9nergies renouvelables,<br \/>\n<a href=\"https:\/\/jpfranceresidences.fr\" target=\"_blank\" rel=\"noopener\">JP France r\u00e9sidences<\/a> pour l&rsquo;investissement immobilier,<br \/>\n<a href=\"https:\/\/www.jpocean.fr\/\" target=\"_blank\" rel=\"noopener\">JP oc\u00e9an<\/a> pour l&rsquo;investissement d\u00e9fiscalisant et<br \/>\n<a href=\"https:\/\/www.jpdistribution.fr\/wp-content\/uploads\/2015\/11\/plaquette-jpdistribution.pdf\" target=\"_blank\" rel=\"noopener\">JP distribution<\/a> pour les solutions patrimoniales.<br \/>\nJean-Louis Nass, le p\u00e8re, Xavier Nass, son fils et Juliette, sa fille, sont \u00e0 la t\u00eate de cette holding et de ses quatre filiales.<\/font><\/p>\n<p><font color=\"0d1152\">Le site de JP \u00e9nergie-environnement pr\u00e9sente une entreprise moderne et dynamique.<br \/>\nBien entendu, la famille Nass oublie simplement de rappeler que, sans les avantages fiscaux consid\u00e9rables (c&rsquo;est le contribuable qui paie), le prix du kilowatt\/heure qu&rsquo;EDF est oblig\u00e9 de racheter jusqu&rsquo;\u00e0 six fois sa valeur de march\u00e9 (c&rsquo;est le consommateur d&rsquo;\u00e9lectricit\u00e9 qui paie) et la priorit\u00e9 donn\u00e9e \u00e0 l&rsquo;\u00e9olien par rapport aux autres moyens de production,<b> l&rsquo;\u00e9olien fran\u00e7ais ne pr\u00e9senterait absolument aucun int\u00e9r\u00eat pour un investisseur<\/b> !<\/font><\/p>\n","protected":false},"excerpt":{"rendered":"<p>LA SOCIETE JP-ENERGIE-ENVIRONNEMENT La soci\u00e9t\u00e9 JP \u00e9nergie-environnement est une soci\u00e9t\u00e9 fran\u00e7aise, filiale du groupe Nass holding dont l&rsquo;objectif est l&rsquo;optimisation fiscale et qui compte quatre filiales : JP-\u00e9nergie-environnement pour les \u00e9nergies renouvelables, JP France r\u00e9sidences pour l&rsquo;investissement immobilier, JP oc\u00e9an pour l&rsquo;investissement d\u00e9fiscalisant et JP distribution pour les solutions patrimoniales. Jean-Louis Nass, le p\u00e8re, Xavier [&hellip;]<\/p>\n","protected":false},"author":1,"featured_media":0,"parent":0,"menu_order":0,"comment_status":"closed","ping_status":"closed","template":"","meta":{"footnotes":""},"class_list":["post-1030","page","type-page","status-publish","hentry"],"_links":{"self":[{"href":"https:\/\/leshurleventsduseudre.fr\/index.php?rest_route=\/wp\/v2\/pages\/1030","targetHints":{"allow":["GET"]}}],"collection":[{"href":"https:\/\/leshurleventsduseudre.fr\/index.php?rest_route=\/wp\/v2\/pages"}],"about":[{"href":"https:\/\/leshurleventsduseudre.fr\/index.php?rest_route=\/wp\/v2\/types\/page"}],"author":[{"embeddable":true,"href":"https:\/\/leshurleventsduseudre.fr\/index.php?rest_route=\/wp\/v2\/users\/1"}],"replies":[{"embeddable":true,"href":"https:\/\/leshurleventsduseudre.fr\/index.php?rest_route=%2Fwp%2Fv2%2Fcomments&post=1030"}],"version-history":[{"count":20,"href":"https:\/\/leshurleventsduseudre.fr\/index.php?rest_route=\/wp\/v2\/pages\/1030\/revisions"}],"predecessor-version":[{"id":3897,"href":"https:\/\/leshurleventsduseudre.fr\/index.php?rest_route=\/wp\/v2\/pages\/1030\/revisions\/3897"}],"wp:attachment":[{"href":"https:\/\/leshurleventsduseudre.fr\/index.php?rest_route=%2Fwp%2Fv2%2Fmedia&parent=1030"}],"curies":[{"name":"wp","href":"https:\/\/api.w.org\/{rel}","templated":true}]}}